{"id":1537,"date":"2019-12-08T12:05:33","date_gmt":"2019-12-08T11:05:33","guid":{"rendered":"http:\/\/annwigmore.fr\/vitaminncures\/?page_id=1537"},"modified":"2024-01-13T19:28:26","modified_gmt":"2024-01-13T18:28:26","slug":"weekend-formation-reprise","status":"publish","type":"page","link":"http:\/\/annwigmore.fr\/vitaminncures\/weekend-formation-reprise\/","title":{"rendered":"Weekend de formation Reprise apr\u00e8s le Je\u00fbne"},"content":{"rendered":"\n\n\t<h1>\u00ab Weekend de formation \u00bb \u00e0 la Reprise apr\u00e8s le Je\u00fbne par l&rsquo;Alimentation vivante<\/h1>\n\n\n<link rel='stylesheet' href='http:\/\/annwigmore.fr\/vitaminncures\/wp-content\/uploads\/sites\/7\/wow-slider-plugin\/7\/style.css' type='text\/css' media='all' \/>\n<!-- Name: Vitam'Inn Vers-Pont-du-Gard  -->\n\n<!-- Start WOWSlider.com BODY section -->\n<div id=\"wowslider-container7\">\n<div class=\"ws_images\"><ul>\n\t\t<li><img decoding=\"async\" src=\"http:\/\/annwigmore.fr\/vitaminncures\/wp-content\/uploads\/sites\/7\/wow-slider-plugin\/7\/images\/1.0.0._verspontdugard.jpg\" alt=\"Vers-Pont-du-Gard\" title=\"Vers-Pont-du-Gard\" id=\"wows7_0\"\/>Sud de la France<\/li>\n\t<\/ul><\/div>\n\t<div class=\"ws_thumbs\">\n<div>\n\t\t<a href=\"http:\/\/annwigmore.fr\/vitaminncures\/wp-content\/uploads\/sites\/7\/wow-slider-plugin\/7\/images\/1.0.0._verspontdugard.jpg\" title=\"Vers-Pont-du-Gard\"><img decoding=\"async\" src=\"http:\/\/annwigmore.fr\/vitaminncures\/wp-content\/uploads\/sites\/7\/wow-slider-plugin\/7\/tooltips\/1.0.0._verspontdugard.jpg\" alt=\"\" \/><\/a>\n\t\t<a href=\"http:\/\/annwigmore.fr\/vitaminncures\/wp-content\/uploads\/sites\/7\/wow-slider-plugin\/7\/images\/pontdugard533365_960_720.jpg\" title=\"Vers-Pont-du-Gard\"><img decoding=\"async\" src=\"http:\/\/annwigmore.fr\/vitaminncures\/wp-content\/uploads\/sites\/7\/wow-slider-plugin\/7\/tooltips\/pontdugard533365_960_720.jpg\" alt=\"\" \/><\/a>\n\t\t<a href=\"http:\/\/annwigmore.fr\/vitaminncures\/wp-content\/uploads\/sites\/7\/wow-slider-plugin\/7\/images\/1.3.0._faade.jpg\" title=\"Vitam'Inn\"><img decoding=\"async\" src=\"http:\/\/annwigmore.fr\/vitaminncures\/wp-content\/uploads\/sites\/7\/wow-slider-plugin\/7\/tooltips\/1.3.0._faade.jpg\" alt=\"\" \/><\/a>\n\t\t<a href=\"http:\/\/annwigmore.fr\/vitaminncures\/wp-content\/uploads\/sites\/7\/wow-slider-plugin\/7\/images\/1.3.2._faade.jpg\" title=\"Accueil\"><img decoding=\"async\" src=\"http:\/\/annwigmore.fr\/vitaminncures\/wp-content\/uploads\/sites\/7\/wow-slider-plugin\/7\/tooltips\/1.3.2._faade.jpg\" alt=\"\" \/><\/a>\n\t\t<a href=\"http:\/\/annwigmore.fr\/vitaminncures\/wp-content\/uploads\/sites\/7\/wow-slider-plugin\/7\/images\/1.8.0._terrasse.jpg\" title=\"La Terrasse\"><img decoding=\"async\" src=\"http:\/\/annwigmore.fr\/vitaminncures\/wp-content\/uploads\/sites\/7\/wow-slider-plugin\/7\/tooltips\/1.8.0._terrasse.jpg\" alt=\"\" \/><\/a>\n\t\t<a href=\"http:\/\/annwigmore.fr\/vitaminncures\/wp-content\/uploads\/sites\/7\/wow-slider-plugin\/7\/images\/2.0.0._piscine_de_haut.jpg\" title=\"La Piscine\"><img decoding=\"async\" src=\"http:\/\/annwigmore.fr\/vitaminncures\/wp-content\/uploads\/sites\/7\/wow-slider-plugin\/7\/tooltips\/2.0.0._piscine_de_haut.jpg\" alt=\"\" \/><\/a>\n\t\t<a href=\"http:\/\/annwigmore.fr\/vitaminncures\/wp-content\/uploads\/sites\/7\/wow-slider-plugin\/7\/images\/2.1.0._piscine_de_jour.jpg\" title=\"La Piscine\"><img decoding=\"async\" src=\"http:\/\/annwigmore.fr\/vitaminncures\/wp-content\/uploads\/sites\/7\/wow-slider-plugin\/7\/tooltips\/2.1.0._piscine_de_jour.jpg\" alt=\"\" \/><\/a>\n\t\t<a href=\"http:\/\/annwigmore.fr\/vitaminncures\/wp-content\/uploads\/sites\/7\/wow-slider-plugin\/7\/images\/2.2.0._piscine_de_jour.jpg\" title=\"La Piscine\"><img decoding=\"async\" src=\"http:\/\/annwigmore.fr\/vitaminncures\/wp-content\/uploads\/sites\/7\/wow-slider-plugin\/7\/tooltips\/2.2.0._piscine_de_jour.jpg\" alt=\"\" \/><\/a>\n\t\t<a href=\"http:\/\/annwigmore.fr\/vitaminncures\/wp-content\/uploads\/sites\/7\/wow-slider-plugin\/7\/images\/2.6.0._piscine_nuit.jpg\" title=\"La Piscine\"><img decoding=\"async\" src=\"http:\/\/annwigmore.fr\/vitaminncures\/wp-content\/uploads\/sites\/7\/wow-slider-plugin\/7\/tooltips\/2.6.0._piscine_nuit.jpg\" alt=\"\" \/><\/a>\n\t\t<a href=\"http:\/\/annwigmore.fr\/vitaminncures\/wp-content\/uploads\/sites\/7\/wow-slider-plugin\/7\/images\/2.8.0._sauna.jpg\" title=\"Le Sauna Infra-Rouge\"><img decoding=\"async\" src=\"http:\/\/annwigmore.fr\/vitaminncures\/wp-content\/uploads\/sites\/7\/wow-slider-plugin\/7\/tooltips\/2.8.0._sauna.jpg\" alt=\"\" \/><\/a>\n\t\t<a href=\"http:\/\/annwigmore.fr\/vitaminncures\/wp-content\/uploads\/sites\/7\/wow-slider-plugin\/7\/images\/2.9.5._hamac.jpg\" title=\"Le  Hamac\"><img decoding=\"async\" src=\"http:\/\/annwigmore.fr\/vitaminncures\/wp-content\/uploads\/sites\/7\/wow-slider-plugin\/7\/tooltips\/2.9.5._hamac.jpg\" alt=\"\" \/><\/a>\n\t\t<a href=\"http:\/\/annwigmore.fr\/vitaminncures\/wp-content\/uploads\/sites\/7\/wow-slider-plugin\/7\/images\/3.2.0._salon_extrieur.jpg\" title=\"Le Salon Ext\u00e9rieur\"><img decoding=\"async\" src=\"http:\/\/annwigmore.fr\/vitaminncures\/wp-content\/uploads\/sites\/7\/wow-slider-plugin\/7\/tooltips\/3.2.0._salon_extrieur.jpg\" alt=\"\" \/><\/a>\n\t\t<a href=\"http:\/\/annwigmore.fr\/vitaminncures\/wp-content\/uploads\/sites\/7\/wow-slider-plugin\/7\/images\/3.5.5._cuisine_extrieure.jpg\" title=\"La Cuisine Ext\u00e9rieure en Corian et sa salle \u00e0 manger\"><img decoding=\"async\" src=\"http:\/\/annwigmore.fr\/vitaminncures\/wp-content\/uploads\/sites\/7\/wow-slider-plugin\/7\/tooltips\/3.5.5._cuisine_extrieure.jpg\" alt=\"\" \/><\/a>\n\t\t<a href=\"http:\/\/annwigmore.fr\/vitaminncures\/wp-content\/uploads\/sites\/7\/wow-slider-plugin\/7\/images\/3.5.6._cuisine_extrieure__patio.jpg\" title=\"Le Patio\"><img decoding=\"async\" src=\"http:\/\/annwigmore.fr\/vitaminncures\/wp-content\/uploads\/sites\/7\/wow-slider-plugin\/7\/tooltips\/3.5.6._cuisine_extrieure__patio.jpg\" alt=\"\" \/><\/a>\n\t\t<a href=\"http:\/\/annwigmore.fr\/vitaminncures\/wp-content\/uploads\/sites\/7\/wow-slider-plugin\/7\/images\/6.4.0._terrasse_arrire.jpg\" title=\"La Terrasse Arri\u00e8re\"><img decoding=\"async\" src=\"http:\/\/annwigmore.fr\/vitaminncures\/wp-content\/uploads\/sites\/7\/wow-slider-plugin\/7\/tooltips\/6.4.0._terrasse_arrire.jpg\" alt=\"\" \/><\/a>\n\t\t<a href=\"http:\/\/annwigmore.fr\/vitaminncures\/wp-content\/uploads\/sites\/7\/wow-slider-plugin\/7\/images\/4.0.3._cuisine_intrieure.jpg\" title=\"la Cuisine Int\u00e9rieure en Corian\"><img decoding=\"async\" src=\"http:\/\/annwigmore.fr\/vitaminncures\/wp-content\/uploads\/sites\/7\/wow-slider-plugin\/7\/tooltips\/4.0.3._cuisine_intrieure.jpg\" alt=\"\" \/><\/a>\n\t\t<a href=\"http:\/\/annwigmore.fr\/vitaminncures\/wp-content\/uploads\/sites\/7\/wow-slider-plugin\/7\/images\/4.2.0._cuisine_intrieure.jpg\" title=\"La Cuisine Int\u00e9rieure\"><img decoding=\"async\" src=\"http:\/\/annwigmore.fr\/vitaminncures\/wp-content\/uploads\/sites\/7\/wow-slider-plugin\/7\/tooltips\/4.2.0._cuisine_intrieure.jpg\" alt=\"\" \/><\/a>\n\t\t<a href=\"http:\/\/annwigmore.fr\/vitaminncures\/wp-content\/uploads\/sites\/7\/wow-slider-plugin\/7\/images\/5.0.1._salle__manger_intrieure.jpg\" title=\"La Salle \u00e0 manger int\u00e9rieure\"><img decoding=\"async\" src=\"http:\/\/annwigmore.fr\/vitaminncures\/wp-content\/uploads\/sites\/7\/wow-slider-plugin\/7\/tooltips\/5.0.1._salle__manger_intrieure.jpg\" alt=\"\" \/><\/a>\n\t\t<a href=\"http:\/\/annwigmore.fr\/vitaminncures\/wp-content\/uploads\/sites\/7\/wow-slider-plugin\/7\/images\/5.0.5._salle__manger_intrieure.jpg\" title=\"La Salle \u00e0 Manger int\u00e9rieure\"><img decoding=\"async\" src=\"http:\/\/annwigmore.fr\/vitaminncures\/wp-content\/uploads\/sites\/7\/wow-slider-plugin\/7\/tooltips\/5.0.5._salle__manger_intrieure.jpg\" alt=\"\" \/><\/a>\n\t\t<a href=\"http:\/\/annwigmore.fr\/vitaminncures\/wp-content\/uploads\/sites\/7\/wow-slider-plugin\/7\/images\/6.1.0._salon_rez.jpg\" title=\"Le Salon\"><img decoding=\"async\" src=\"http:\/\/annwigmore.fr\/vitaminncures\/wp-content\/uploads\/sites\/7\/wow-slider-plugin\/7\/tooltips\/6.1.0._salon_rez.jpg\" alt=\"\" \/><\/a>\n\t\t<a href=\"http:\/\/annwigmore.fr\/vitaminncures\/wp-content\/uploads\/sites\/7\/wow-slider-plugin\/7\/images\/6.6.1._salle_de_massage.jpg\" title=\"La Salle de Massage\"><img decoding=\"async\" src=\"http:\/\/annwigmore.fr\/vitaminncures\/wp-content\/uploads\/sites\/7\/wow-slider-plugin\/7\/tooltips\/6.6.1._salle_de_massage.jpg\" alt=\"\" \/><\/a>\n\t\t<a href=\"http:\/\/annwigmore.fr\/vitaminncures\/wp-content\/uploads\/sites\/7\/wow-slider-plugin\/7\/images\/7.3.0._chambre_bas__lit.jpg\" title=\"La Suite Parentale au Rez\"><img decoding=\"async\" src=\"http:\/\/annwigmore.fr\/vitaminncures\/wp-content\/uploads\/sites\/7\/wow-slider-plugin\/7\/tooltips\/7.3.0._chambre_bas__lit.jpg\" alt=\"\" \/><\/a>\n\t\t<a href=\"http:\/\/annwigmore.fr\/vitaminncures\/wp-content\/uploads\/sites\/7\/wow-slider-plugin\/7\/images\/7.2.0._chambre_bas__grande_baignoire_corian.jpg\" title=\"La Suite Parentale\"><img decoding=\"async\" src=\"http:\/\/annwigmore.fr\/vitaminncures\/wp-content\/uploads\/sites\/7\/wow-slider-plugin\/7\/tooltips\/7.2.0._chambre_bas__grande_baignoire_corian.jpg\" alt=\"\" \/><\/a>\n\t\t<a href=\"http:\/\/annwigmore.fr\/vitaminncures\/wp-content\/uploads\/sites\/7\/wow-slider-plugin\/7\/images\/8.2.0._chambre_haut__grand_lit.jpg\" title=\"L'une des Chambres du  haut\"><img decoding=\"async\" src=\"http:\/\/annwigmore.fr\/vitaminncures\/wp-content\/uploads\/sites\/7\/wow-slider-plugin\/7\/tooltips\/8.2.0._chambre_haut__grand_lit.jpg\" alt=\"\" \/><\/a>\n\t\t<a href=\"http:\/\/annwigmore.fr\/vitaminncures\/wp-content\/uploads\/sites\/7\/wow-slider-plugin\/7\/images\/8.1.0._chambre_haut__deux_lits.jpg\" title=\"La seconde Chambre du haut\"><img decoding=\"async\" src=\"http:\/\/annwigmore.fr\/vitaminncures\/wp-content\/uploads\/sites\/7\/wow-slider-plugin\/7\/tooltips\/8.1.0._chambre_haut__deux_lits.jpg\" alt=\"\" \/><\/a>\n\t\t<a href=\"http:\/\/annwigmore.fr\/vitaminncures\/wp-content\/uploads\/sites\/7\/wow-slider-plugin\/7\/images\/8.3.5._salle_de_douche_haut.jpg\" title=\"La Salle de douche du haut\"><img decoding=\"async\" src=\"http:\/\/annwigmore.fr\/vitaminncures\/wp-content\/uploads\/sites\/7\/wow-slider-plugin\/7\/tooltips\/8.3.5._salle_de_douche_haut.jpg\" alt=\"\" \/><\/a>\n\t\t<a href=\"http:\/\/annwigmore.fr\/vitaminncures\/wp-content\/uploads\/sites\/7\/wow-slider-plugin\/7\/images\/8.3.0._salle_de_douche_haut.jpg\" title=\"La Salle de Douche du haut\"><img decoding=\"async\" src=\"http:\/\/annwigmore.fr\/vitaminncures\/wp-content\/uploads\/sites\/7\/wow-slider-plugin\/7\/tooltips\/8.3.0._salle_de_douche_haut.jpg\" alt=\"\" \/><\/a>\n\t\t<a href=\"http:\/\/annwigmore.fr\/vitaminncures\/wp-content\/uploads\/sites\/7\/wow-slider-plugin\/7\/images\/6.8.1._salle_de_massage__convertible.jpg\" title=\"La Salle de Massage du Rez\"><img decoding=\"async\" src=\"http:\/\/annwigmore.fr\/vitaminncures\/wp-content\/uploads\/sites\/7\/wow-slider-plugin\/7\/tooltips\/6.8.1._salle_de_massage__convertible.jpg\" alt=\"\" \/><\/a>\n\t\t<a href=\"http:\/\/annwigmore.fr\/vitaminncures\/wp-content\/uploads\/sites\/7\/wow-slider-plugin\/7\/images\/studio4.jpg\" title=\"Le Studio \u00e9quip\u00e9 et totalement ind\u00e9pendant\"><img decoding=\"async\" src=\"http:\/\/annwigmore.fr\/vitaminncures\/wp-content\/uploads\/sites\/7\/wow-slider-plugin\/7\/tooltips\/studio4.jpg\" alt=\"\" \/><\/a>\n\t\t<a href=\"http:\/\/annwigmore.fr\/vitaminncures\/wp-content\/uploads\/sites\/7\/wow-slider-plugin\/7\/images\/studio2.jpg\" title=\"Le Studio\"><img decoding=\"async\" src=\"http:\/\/annwigmore.fr\/vitaminncures\/wp-content\/uploads\/sites\/7\/wow-slider-plugin\/7\/tooltips\/studio2.jpg\" alt=\"\" \/><\/a>\n\t\t<a href=\"http:\/\/annwigmore.fr\/vitaminncures\/wp-content\/uploads\/sites\/7\/wow-slider-plugin\/7\/images\/9.1.0._vue_village.jpg\" title=\"Une vue sur le village\"><img decoding=\"async\" src=\"http:\/\/annwigmore.fr\/vitaminncures\/wp-content\/uploads\/sites\/7\/wow-slider-plugin\/7\/tooltips\/9.1.0._vue_village.jpg\" alt=\"\" \/><\/a>\n\t\t<a href=\"http:\/\/annwigmore.fr\/vitaminncures\/wp-content\/uploads\/sites\/7\/wow-slider-plugin\/7\/images\/9.2.1._coucher_de_soleil.jpg\" title=\"Un Coucher de soleil\"><img decoding=\"async\" src=\"http:\/\/annwigmore.fr\/vitaminncures\/wp-content\/uploads\/sites\/7\/wow-slider-plugin\/7\/tooltips\/9.2.1._coucher_de_soleil.jpg\" alt=\"\" \/><\/a>\n\t\t<a href=\"http:\/\/annwigmore.fr\/vitaminncures\/wp-content\/uploads\/sites\/7\/wow-slider-plugin\/7\/images\/9.2.8._coucher_de_soleil.jpg\" title=\"Un Coucher de soleil\"><img decoding=\"async\" src=\"http:\/\/annwigmore.fr\/vitaminncures\/wp-content\/uploads\/sites\/7\/wow-slider-plugin\/7\/tooltips\/9.2.8._coucher_de_soleil.jpg\" alt=\"\" \/><\/a>\n\t<\/div>\n<\/div>\n<div class=\"ws_script\" style=\"position:absolute;left:-99%\"><a href=\"http:\/\/wowslider.com\">wow slider<\/a> by WOWSlider.com v8.7<\/div>\n\t<a href=\"#\" class=\"ws_frame\"><\/a>\n\t<div class=\"ws_shadow\"><\/div>\n<\/div>\n<!-- End WOWSlider.com BODY section -->\n\n\n<script type='text\/javascript' src='http:\/\/annwigmore.fr\/vitaminncures\/wp-content\/uploads\/sites\/7\/wow-slider-plugin\/7\/script.js'><\/script>\n\n\n\t\n\n","protected":false},"excerpt":{"rendered":"<p>\u00ab Weekend de formation \u00bb \u00e0 la Reprise apr\u00e8s le Je\u00fbne par l&rsquo;Alimentation vivante<\/p>\n","protected":false},"author":1,"featured_media":0,"parent":0,"menu_order":0,"comment_status":"closed","ping_status":"closed","template":"full-width-page.php","meta":{"footnotes":""},"yoast_head":"<!-- This site is optimized with the Yoast SEO plugin v18.9 - https:\/\/yoast.com\/wordpress\/plugins\/seo\/ -->\n<title>Weekend de formation Reprise apr\u00e8s le Je\u00fbne - Vitam&#039;Inn : D\u00e9tox &amp; Ressourcement<\/title>\n<meta name=\"robots\" content=\"index, follow, max-snippet:-1, max-image-preview:large, max-video-preview:-1\" \/>\n<link rel=\"canonical\" href=\"https:\/\/annwigmore.fr\/vitaminncures\/weekend-formation-reprise\/\" \/>\n<meta property=\"og:locale\" content=\"fr_FR\" \/>\n<meta property=\"og:type\" content=\"article\" \/>\n<meta property=\"og:title\" content=\"Weekend de formation Reprise apr\u00e8s le Je\u00fbne - Vitam&#039;Inn : D\u00e9tox &amp; Ressourcement\" \/>\n<meta property=\"og:description\" content=\"\u00ab Weekend de formation \u00bb \u00e0 la Reprise apr\u00e8s le Je\u00fbne par l&rsquo;Alimentation vivante\" \/>\n<meta property=\"og:url\" content=\"https:\/\/annwigmore.fr\/vitaminncures\/weekend-formation-reprise\/\" \/>\n<meta property=\"og:site_name\" content=\"Vitam&#039;Inn : D\u00e9tox &amp; Ressourcement\" \/>\n<meta property=\"article:modified_time\" content=\"2024-01-13T18:28:26+00:00\" \/>\n<meta name=\"twitter:card\" content=\"summary\" \/>\n<script type=\"application\/ld+json\" class=\"yoast-schema-graph\">{\"@context\":\"https:\/\/schema.org\",\"@graph\":[{\"@type\":\"WebSite\",\"@id\":\"http:\/\/annwigmore.fr\/vitaminncures\/#website\",\"url\":\"http:\/\/annwigmore.fr\/vitaminncures\/\",\"name\":\"Vitam&#039;Inn : D\u00e9tox &amp; Ressourcement\",\"description\":\"Cures, Vacances et Formations\",\"potentialAction\":[{\"@type\":\"SearchAction\",\"target\":{\"@type\":\"EntryPoint\",\"urlTemplate\":\"http:\/\/annwigmore.fr\/vitaminncures\/?s={search_term_string}\"},\"query-input\":\"required name=search_term_string\"}],\"inLanguage\":\"fr-FR\"},{\"@type\":\"WebPage\",\"@id\":\"https:\/\/annwigmore.fr\/vitaminncures\/weekend-formation-reprise\/#webpage\",\"url\":\"https:\/\/annwigmore.fr\/vitaminncures\/weekend-formation-reprise\/\",\"name\":\"Weekend de formation Reprise apr\u00e8s le Je\u00fbne - Vitam&#039;Inn : D\u00e9tox &amp; Ressourcement\",\"isPartOf\":{\"@id\":\"http:\/\/annwigmore.fr\/vitaminncures\/#website\"},\"datePublished\":\"2019-12-08T11:05:33+00:00\",\"dateModified\":\"2024-01-13T18:28:26+00:00\",\"breadcrumb\":{\"@id\":\"https:\/\/annwigmore.fr\/vitaminncures\/weekend-formation-reprise\/#breadcrumb\"},\"inLanguage\":\"fr-FR\",\"potentialAction\":[{\"@type\":\"ReadAction\",\"target\":[\"https:\/\/annwigmore.fr\/vitaminncures\/weekend-formation-reprise\/\"]}]},{\"@type\":\"BreadcrumbList\",\"@id\":\"https:\/\/annwigmore.fr\/vitaminncures\/weekend-formation-reprise\/#breadcrumb\",\"itemListElement\":[{\"@type\":\"ListItem\",\"position\":1,\"name\":\"Accueil\",\"item\":\"http:\/\/annwigmore.fr\/vitaminncures\/\"},{\"@type\":\"ListItem\",\"position\":2,\"name\":\"Weekend de formation Reprise apr\u00e8s le Je\u00fbne\"}]}]}<\/script>\n<!-- \/ Yoast SEO plugin. -->","yoast_head_json":{"title":"Weekend de formation Reprise apr\u00e8s le Je\u00fbne - Vitam&#039;Inn : D\u00e9tox &amp; Ressourcement","robots":{"index":"index","follow":"follow","max-snippet":"max-snippet:-1","max-image-preview":"max-image-preview:large","max-video-preview":"max-video-preview:-1"},"canonical":"https:\/\/annwigmore.fr\/vitaminncures\/weekend-formation-reprise\/","og_locale":"fr_FR","og_type":"article","og_title":"Weekend de formation Reprise apr\u00e8s le Je\u00fbne - Vitam&#039;Inn : D\u00e9tox &amp; Ressourcement","og_description":"\u00ab Weekend de formation \u00bb \u00e0 la Reprise apr\u00e8s le Je\u00fbne par l&rsquo;Alimentation vivante","og_url":"https:\/\/annwigmore.fr\/vitaminncures\/weekend-formation-reprise\/","og_site_name":"Vitam&#039;Inn : D\u00e9tox &amp; Ressourcement","article_modified_time":"2024-01-13T18:28:26+00:00","twitter_card":"summary","schema":{"@context":"https:\/\/schema.org","@graph":[{"@type":"WebSite","@id":"http:\/\/annwigmore.fr\/vitaminncures\/#website","url":"http:\/\/annwigmore.fr\/vitaminncures\/","name":"Vitam&#039;Inn : D\u00e9tox &amp; Ressourcement","description":"Cures, Vacances et Formations","potentialAction":[{"@type":"SearchAction","target":{"@type":"EntryPoint","urlTemplate":"http:\/\/annwigmore.fr\/vitaminncures\/?s={search_term_string}"},"query-input":"required name=search_term_string"}],"inLanguage":"fr-FR"},{"@type":"WebPage","@id":"https:\/\/annwigmore.fr\/vitaminncures\/weekend-formation-reprise\/#webpage","url":"https:\/\/annwigmore.fr\/vitaminncures\/weekend-formation-reprise\/","name":"Weekend de formation Reprise apr\u00e8s le Je\u00fbne - Vitam&#039;Inn : D\u00e9tox &amp; Ressourcement","isPartOf":{"@id":"http:\/\/annwigmore.fr\/vitaminncures\/#website"},"datePublished":"2019-12-08T11:05:33+00:00","dateModified":"2024-01-13T18:28:26+00:00","breadcrumb":{"@id":"https:\/\/annwigmore.fr\/vitaminncures\/weekend-formation-reprise\/#breadcrumb"},"inLanguage":"fr-FR","potentialAction":[{"@type":"ReadAction","target":["https:\/\/annwigmore.fr\/vitaminncures\/weekend-formation-reprise\/"]}]},{"@type":"BreadcrumbList","@id":"https:\/\/annwigmore.fr\/vitaminncures\/weekend-formation-reprise\/#breadcrumb","itemListElement":[{"@type":"ListItem","position":1,"name":"Accueil","item":"http:\/\/annwigmore.fr\/vitaminncures\/"},{"@type":"ListItem","position":2,"name":"Weekend de formation Reprise apr\u00e8s le Je\u00fbne"}]}]}},"_links":{"self":[{"href":"http:\/\/annwigmore.fr\/vitaminncures\/wp-json\/wp\/v2\/pages\/1537"}],"collection":[{"href":"http:\/\/annwigmore.fr\/vitaminncures\/wp-json\/wp\/v2\/pages"}],"about":[{"href":"http:\/\/annwigmore.fr\/vitaminncures\/wp-json\/wp\/v2\/types\/page"}],"author":[{"embeddable":true,"href":"http:\/\/annwigmore.fr\/vitaminncures\/wp-json\/wp\/v2\/users\/1"}],"replies":[{"embeddable":true,"href":"http:\/\/annwigmore.fr\/vitaminncures\/wp-json\/wp\/v2\/comments?post=1537"}],"version-history":[{"count":4,"href":"http:\/\/annwigmore.fr\/vitaminncures\/wp-json\/wp\/v2\/pages\/1537\/revisions"}],"predecessor-version":[{"id":1783,"href":"http:\/\/annwigmore.fr\/vitaminncures\/wp-json\/wp\/v2\/pages\/1537\/revisions\/1783"}],"wp:attachment":[{"href":"http:\/\/annwigmore.fr\/vitaminncures\/wp-json\/wp\/v2\/media?parent=1537"}],"curies":[{"name":"wp","href":"https:\/\/api.w.org\/{rel}","templated":true}]}}