{"id":1567,"date":"2020-06-11T19:02:29","date_gmt":"2020-06-11T17:02:29","guid":{"rendered":"http:\/\/annwigmore.fr\/vitaminncures\/?page_id=1567"},"modified":"2020-07-25T12:14:56","modified_gmt":"2020-07-25T10:14:56","slug":"cure-avhv","status":"publish","type":"page","link":"http:\/\/annwigmore.fr\/vitaminncures\/cure-avhv\/","title":{"rendered":"Cure sant\u00e9 d\u00e9tox avec formation \u00e0 l\u2019Alimentation Vivante Haute Vitalit\u00e9"},"content":{"rendered":"\n\t<h1>\u00ab Cure Sant\u00e9 D\u00e9tox avec formation \u00bb<br \/>\n\u00e0 l\u2019Alimentation vivante Haute Vitalit\u00e9<\/h1>\n\n\n<link rel='stylesheet' href='http:\/\/annwigmore.fr\/vitaminncures\/wp-content\/uploads\/sites\/7\/wow-slider-plugin\/7\/style.css' type='text\/css' media='all' \/>\n<!-- Name: Vitam'Inn Vers-Pont-du-Gard  -->\n\n<!-- Start WOWSlider.com BODY section -->\n<div id=\"wowslider-container7\">\n<div class=\"ws_images\"><ul>\n\t\t<li><img decoding=\"async\" src=\"http:\/\/annwigmore.fr\/vitaminncures\/wp-content\/uploads\/sites\/7\/wow-slider-plugin\/7\/images\/1.0.0._verspontdugard.jpg\" alt=\"Vers-Pont-du-Gard\" title=\"Vers-Pont-du-Gard\" id=\"wows7_0\"\/>Sud de la France<\/li>\n\t<\/ul><\/div>\n\t<div class=\"ws_thumbs\">\n<div>\n\t\t<a href=\"http:\/\/annwigmore.fr\/vitaminncures\/wp-content\/uploads\/sites\/7\/wow-slider-plugin\/7\/images\/1.0.0._verspontdugard.jpg\" title=\"Vers-Pont-du-Gard\"><img decoding=\"async\" src=\"http:\/\/annwigmore.fr\/vitaminncures\/wp-content\/uploads\/sites\/7\/wow-slider-plugin\/7\/tooltips\/1.0.0._verspontdugard.jpg\" alt=\"\" \/><\/a>\n\t\t<a href=\"http:\/\/annwigmore.fr\/vitaminncures\/wp-content\/uploads\/sites\/7\/wow-slider-plugin\/7\/images\/pontdugard533365_960_720.jpg\" title=\"Vers-Pont-du-Gard\"><img decoding=\"async\" src=\"http:\/\/annwigmore.fr\/vitaminncures\/wp-content\/uploads\/sites\/7\/wow-slider-plugin\/7\/tooltips\/pontdugard533365_960_720.jpg\" alt=\"\" \/><\/a>\n\t\t<a href=\"http:\/\/annwigmore.fr\/vitaminncures\/wp-content\/uploads\/sites\/7\/wow-slider-plugin\/7\/images\/1.3.0._faade.jpg\" title=\"Vitam'Inn\"><img decoding=\"async\" src=\"http:\/\/annwigmore.fr\/vitaminncures\/wp-content\/uploads\/sites\/7\/wow-slider-plugin\/7\/tooltips\/1.3.0._faade.jpg\" alt=\"\" \/><\/a>\n\t\t<a href=\"http:\/\/annwigmore.fr\/vitaminncures\/wp-content\/uploads\/sites\/7\/wow-slider-plugin\/7\/images\/1.3.2._faade.jpg\" title=\"Accueil\"><img decoding=\"async\" src=\"http:\/\/annwigmore.fr\/vitaminncures\/wp-content\/uploads\/sites\/7\/wow-slider-plugin\/7\/tooltips\/1.3.2._faade.jpg\" alt=\"\" \/><\/a>\n\t\t<a href=\"http:\/\/annwigmore.fr\/vitaminncures\/wp-content\/uploads\/sites\/7\/wow-slider-plugin\/7\/images\/1.8.0._terrasse.jpg\" title=\"La Terrasse\"><img decoding=\"async\" src=\"http:\/\/annwigmore.fr\/vitaminncures\/wp-content\/uploads\/sites\/7\/wow-slider-plugin\/7\/tooltips\/1.8.0._terrasse.jpg\" alt=\"\" \/><\/a>\n\t\t<a href=\"http:\/\/annwigmore.fr\/vitaminncures\/wp-content\/uploads\/sites\/7\/wow-slider-plugin\/7\/images\/2.0.0._piscine_de_haut.jpg\" title=\"La Piscine\"><img decoding=\"async\" src=\"http:\/\/annwigmore.fr\/vitaminncures\/wp-content\/uploads\/sites\/7\/wow-slider-plugin\/7\/tooltips\/2.0.0._piscine_de_haut.jpg\" alt=\"\" \/><\/a>\n\t\t<a href=\"http:\/\/annwigmore.fr\/vitaminncures\/wp-content\/uploads\/sites\/7\/wow-slider-plugin\/7\/images\/2.1.0._piscine_de_jour.jpg\" title=\"La Piscine\"><img decoding=\"async\" src=\"http:\/\/annwigmore.fr\/vitaminncures\/wp-content\/uploads\/sites\/7\/wow-slider-plugin\/7\/tooltips\/2.1.0._piscine_de_jour.jpg\" alt=\"\" \/><\/a>\n\t\t<a href=\"http:\/\/annwigmore.fr\/vitaminncures\/wp-content\/uploads\/sites\/7\/wow-slider-plugin\/7\/images\/2.2.0._piscine_de_jour.jpg\" title=\"La Piscine\"><img decoding=\"async\" src=\"http:\/\/annwigmore.fr\/vitaminncures\/wp-content\/uploads\/sites\/7\/wow-slider-plugin\/7\/tooltips\/2.2.0._piscine_de_jour.jpg\" alt=\"\" \/><\/a>\n\t\t<a href=\"http:\/\/annwigmore.fr\/vitaminncures\/wp-content\/uploads\/sites\/7\/wow-slider-plugin\/7\/images\/2.6.0._piscine_nuit.jpg\" title=\"La Piscine\"><img decoding=\"async\" src=\"http:\/\/annwigmore.fr\/vitaminncures\/wp-content\/uploads\/sites\/7\/wow-slider-plugin\/7\/tooltips\/2.6.0._piscine_nuit.jpg\" alt=\"\" \/><\/a>\n\t\t<a href=\"http:\/\/annwigmore.fr\/vitaminncures\/wp-content\/uploads\/sites\/7\/wow-slider-plugin\/7\/images\/2.8.0._sauna.jpg\" title=\"Le Sauna Infra-Rouge\"><img decoding=\"async\" src=\"http:\/\/annwigmore.fr\/vitaminncures\/wp-content\/uploads\/sites\/7\/wow-slider-plugin\/7\/tooltips\/2.8.0._sauna.jpg\" alt=\"\" \/><\/a>\n\t\t<a href=\"http:\/\/annwigmore.fr\/vitaminncures\/wp-content\/uploads\/sites\/7\/wow-slider-plugin\/7\/images\/2.9.5._hamac.jpg\" title=\"Le  Hamac\"><img decoding=\"async\" src=\"http:\/\/annwigmore.fr\/vitaminncures\/wp-content\/uploads\/sites\/7\/wow-slider-plugin\/7\/tooltips\/2.9.5._hamac.jpg\" alt=\"\" \/><\/a>\n\t\t<a href=\"http:\/\/annwigmore.fr\/vitaminncures\/wp-content\/uploads\/sites\/7\/wow-slider-plugin\/7\/images\/3.2.0._salon_extrieur.jpg\" title=\"Le Salon Ext\u00e9rieur\"><img decoding=\"async\" src=\"http:\/\/annwigmore.fr\/vitaminncures\/wp-content\/uploads\/sites\/7\/wow-slider-plugin\/7\/tooltips\/3.2.0._salon_extrieur.jpg\" alt=\"\" \/><\/a>\n\t\t<a href=\"http:\/\/annwigmore.fr\/vitaminncures\/wp-content\/uploads\/sites\/7\/wow-slider-plugin\/7\/images\/3.5.5._cuisine_extrieure.jpg\" title=\"La Cuisine Ext\u00e9rieure en Corian et sa salle \u00e0 manger\"><img decoding=\"async\" src=\"http:\/\/annwigmore.fr\/vitaminncures\/wp-content\/uploads\/sites\/7\/wow-slider-plugin\/7\/tooltips\/3.5.5._cuisine_extrieure.jpg\" alt=\"\" \/><\/a>\n\t\t<a href=\"http:\/\/annwigmore.fr\/vitaminncures\/wp-content\/uploads\/sites\/7\/wow-slider-plugin\/7\/images\/3.5.6._cuisine_extrieure__patio.jpg\" title=\"Le Patio\"><img decoding=\"async\" src=\"http:\/\/annwigmore.fr\/vitaminncures\/wp-content\/uploads\/sites\/7\/wow-slider-plugin\/7\/tooltips\/3.5.6._cuisine_extrieure__patio.jpg\" alt=\"\" \/><\/a>\n\t\t<a href=\"http:\/\/annwigmore.fr\/vitaminncures\/wp-content\/uploads\/sites\/7\/wow-slider-plugin\/7\/images\/6.4.0._terrasse_arrire.jpg\" title=\"La Terrasse Arri\u00e8re\"><img decoding=\"async\" src=\"http:\/\/annwigmore.fr\/vitaminncures\/wp-content\/uploads\/sites\/7\/wow-slider-plugin\/7\/tooltips\/6.4.0._terrasse_arrire.jpg\" alt=\"\" \/><\/a>\n\t\t<a href=\"http:\/\/annwigmore.fr\/vitaminncures\/wp-content\/uploads\/sites\/7\/wow-slider-plugin\/7\/images\/4.0.3._cuisine_intrieure.jpg\" title=\"la Cuisine Int\u00e9rieure en Corian\"><img decoding=\"async\" src=\"http:\/\/annwigmore.fr\/vitaminncures\/wp-content\/uploads\/sites\/7\/wow-slider-plugin\/7\/tooltips\/4.0.3._cuisine_intrieure.jpg\" alt=\"\" \/><\/a>\n\t\t<a href=\"http:\/\/annwigmore.fr\/vitaminncures\/wp-content\/uploads\/sites\/7\/wow-slider-plugin\/7\/images\/4.2.0._cuisine_intrieure.jpg\" title=\"La Cuisine Int\u00e9rieure\"><img decoding=\"async\" src=\"http:\/\/annwigmore.fr\/vitaminncures\/wp-content\/uploads\/sites\/7\/wow-slider-plugin\/7\/tooltips\/4.2.0._cuisine_intrieure.jpg\" alt=\"\" \/><\/a>\n\t\t<a href=\"http:\/\/annwigmore.fr\/vitaminncures\/wp-content\/uploads\/sites\/7\/wow-slider-plugin\/7\/images\/5.0.1._salle__manger_intrieure.jpg\" title=\"La Salle \u00e0 manger int\u00e9rieure\"><img decoding=\"async\" src=\"http:\/\/annwigmore.fr\/vitaminncures\/wp-content\/uploads\/sites\/7\/wow-slider-plugin\/7\/tooltips\/5.0.1._salle__manger_intrieure.jpg\" alt=\"\" \/><\/a>\n\t\t<a href=\"http:\/\/annwigmore.fr\/vitaminncures\/wp-content\/uploads\/sites\/7\/wow-slider-plugin\/7\/images\/5.0.5._salle__manger_intrieure.jpg\" title=\"La Salle \u00e0 Manger int\u00e9rieure\"><img decoding=\"async\" src=\"http:\/\/annwigmore.fr\/vitaminncures\/wp-content\/uploads\/sites\/7\/wow-slider-plugin\/7\/tooltips\/5.0.5._salle__manger_intrieure.jpg\" alt=\"\" \/><\/a>\n\t\t<a href=\"http:\/\/annwigmore.fr\/vitaminncures\/wp-content\/uploads\/sites\/7\/wow-slider-plugin\/7\/images\/6.1.0._salon_rez.jpg\" title=\"Le Salon\"><img decoding=\"async\" src=\"http:\/\/annwigmore.fr\/vitaminncures\/wp-content\/uploads\/sites\/7\/wow-slider-plugin\/7\/tooltips\/6.1.0._salon_rez.jpg\" alt=\"\" \/><\/a>\n\t\t<a href=\"http:\/\/annwigmore.fr\/vitaminncures\/wp-content\/uploads\/sites\/7\/wow-slider-plugin\/7\/images\/6.6.1._salle_de_massage.jpg\" title=\"La Salle de Massage\"><img decoding=\"async\" src=\"http:\/\/annwigmore.fr\/vitaminncures\/wp-content\/uploads\/sites\/7\/wow-slider-plugin\/7\/tooltips\/6.6.1._salle_de_massage.jpg\" alt=\"\" \/><\/a>\n\t\t<a href=\"http:\/\/annwigmore.fr\/vitaminncures\/wp-content\/uploads\/sites\/7\/wow-slider-plugin\/7\/images\/7.3.0._chambre_bas__lit.jpg\" title=\"La Suite Parentale au Rez\"><img decoding=\"async\" src=\"http:\/\/annwigmore.fr\/vitaminncures\/wp-content\/uploads\/sites\/7\/wow-slider-plugin\/7\/tooltips\/7.3.0._chambre_bas__lit.jpg\" alt=\"\" \/><\/a>\n\t\t<a href=\"http:\/\/annwigmore.fr\/vitaminncures\/wp-content\/uploads\/sites\/7\/wow-slider-plugin\/7\/images\/7.2.0._chambre_bas__grande_baignoire_corian.jpg\" title=\"La Suite Parentale\"><img decoding=\"async\" src=\"http:\/\/annwigmore.fr\/vitaminncures\/wp-content\/uploads\/sites\/7\/wow-slider-plugin\/7\/tooltips\/7.2.0._chambre_bas__grande_baignoire_corian.jpg\" alt=\"\" \/><\/a>\n\t\t<a href=\"http:\/\/annwigmore.fr\/vitaminncures\/wp-content\/uploads\/sites\/7\/wow-slider-plugin\/7\/images\/8.2.0._chambre_haut__grand_lit.jpg\" title=\"L'une des Chambres du  haut\"><img decoding=\"async\" src=\"http:\/\/annwigmore.fr\/vitaminncures\/wp-content\/uploads\/sites\/7\/wow-slider-plugin\/7\/tooltips\/8.2.0._chambre_haut__grand_lit.jpg\" alt=\"\" \/><\/a>\n\t\t<a href=\"http:\/\/annwigmore.fr\/vitaminncures\/wp-content\/uploads\/sites\/7\/wow-slider-plugin\/7\/images\/8.1.0._chambre_haut__deux_lits.jpg\" title=\"La seconde Chambre du haut\"><img decoding=\"async\" src=\"http:\/\/annwigmore.fr\/vitaminncures\/wp-content\/uploads\/sites\/7\/wow-slider-plugin\/7\/tooltips\/8.1.0._chambre_haut__deux_lits.jpg\" alt=\"\" \/><\/a>\n\t\t<a href=\"http:\/\/annwigmore.fr\/vitaminncures\/wp-content\/uploads\/sites\/7\/wow-slider-plugin\/7\/images\/8.3.5._salle_de_douche_haut.jpg\" title=\"La Salle de douche du haut\"><img decoding=\"async\" src=\"http:\/\/annwigmore.fr\/vitaminncures\/wp-content\/uploads\/sites\/7\/wow-slider-plugin\/7\/tooltips\/8.3.5._salle_de_douche_haut.jpg\" alt=\"\" \/><\/a>\n\t\t<a href=\"http:\/\/annwigmore.fr\/vitaminncures\/wp-content\/uploads\/sites\/7\/wow-slider-plugin\/7\/images\/8.3.0._salle_de_douche_haut.jpg\" title=\"La Salle de Douche du haut\"><img decoding=\"async\" src=\"http:\/\/annwigmore.fr\/vitaminncures\/wp-content\/uploads\/sites\/7\/wow-slider-plugin\/7\/tooltips\/8.3.0._salle_de_douche_haut.jpg\" alt=\"\" \/><\/a>\n\t\t<a href=\"http:\/\/annwigmore.fr\/vitaminncures\/wp-content\/uploads\/sites\/7\/wow-slider-plugin\/7\/images\/6.8.1._salle_de_massage__convertible.jpg\" title=\"La Salle de Massage du Rez\"><img decoding=\"async\" src=\"http:\/\/annwigmore.fr\/vitaminncures\/wp-content\/uploads\/sites\/7\/wow-slider-plugin\/7\/tooltips\/6.8.1._salle_de_massage__convertible.jpg\" alt=\"\" \/><\/a>\n\t\t<a href=\"http:\/\/annwigmore.fr\/vitaminncures\/wp-content\/uploads\/sites\/7\/wow-slider-plugin\/7\/images\/studio4.jpg\" title=\"Le Studio \u00e9quip\u00e9 et totalement ind\u00e9pendant\"><img decoding=\"async\" src=\"http:\/\/annwigmore.fr\/vitaminncures\/wp-content\/uploads\/sites\/7\/wow-slider-plugin\/7\/tooltips\/studio4.jpg\" alt=\"\" \/><\/a>\n\t\t<a href=\"http:\/\/annwigmore.fr\/vitaminncures\/wp-content\/uploads\/sites\/7\/wow-slider-plugin\/7\/images\/studio2.jpg\" title=\"Le Studio\"><img decoding=\"async\" src=\"http:\/\/annwigmore.fr\/vitaminncures\/wp-content\/uploads\/sites\/7\/wow-slider-plugin\/7\/tooltips\/studio2.jpg\" alt=\"\" \/><\/a>\n\t\t<a href=\"http:\/\/annwigmore.fr\/vitaminncures\/wp-content\/uploads\/sites\/7\/wow-slider-plugin\/7\/images\/9.1.0._vue_village.jpg\" title=\"Une vue sur le village\"><img decoding=\"async\" src=\"http:\/\/annwigmore.fr\/vitaminncures\/wp-content\/uploads\/sites\/7\/wow-slider-plugin\/7\/tooltips\/9.1.0._vue_village.jpg\" alt=\"\" \/><\/a>\n\t\t<a href=\"http:\/\/annwigmore.fr\/vitaminncures\/wp-content\/uploads\/sites\/7\/wow-slider-plugin\/7\/images\/9.2.1._coucher_de_soleil.jpg\" title=\"Un Coucher de soleil\"><img decoding=\"async\" src=\"http:\/\/annwigmore.fr\/vitaminncures\/wp-content\/uploads\/sites\/7\/wow-slider-plugin\/7\/tooltips\/9.2.1._coucher_de_soleil.jpg\" alt=\"\" \/><\/a>\n\t\t<a href=\"http:\/\/annwigmore.fr\/vitaminncures\/wp-content\/uploads\/sites\/7\/wow-slider-plugin\/7\/images\/9.2.8._coucher_de_soleil.jpg\" title=\"Un Coucher de soleil\"><img decoding=\"async\" src=\"http:\/\/annwigmore.fr\/vitaminncures\/wp-content\/uploads\/sites\/7\/wow-slider-plugin\/7\/tooltips\/9.2.8._coucher_de_soleil.jpg\" alt=\"\" \/><\/a>\n\t<\/div>\n<\/div>\n<div class=\"ws_script\" style=\"position:absolute;left:-99%\"><a href=\"http:\/\/wowslider.com\">wow slider<\/a> by WOWSlider.com v8.7<\/div>\n\t<a href=\"#\" class=\"ws_frame\"><\/a>\n\t<div class=\"ws_shadow\"><\/div>\n<\/div>\n<!-- End WOWSlider.com BODY section -->\n\n\n<script type='text\/javascript' src='http:\/\/annwigmore.fr\/vitaminncures\/wp-content\/uploads\/sites\/7\/wow-slider-plugin\/7\/script.js'><\/script>\n\n\n\t\n\t<p>Cet \u00e9t\u00e9, je vous proprose de participer \u00e0 une semaine de D\u00e9tox coupl\u00e9e \u00e0 une formation centr\u00e9e sur l&rsquo;Alimentation Vivante Haute Vitalit\u00e9<\/p>\n<p><strong>L\u2019Alimentation Vivante <\/strong><\/p>\n<p>L\u2019Alimentation Vivante est une alimentation, bas\u00e9e sur des aliments riches en enzymes et en nutriments.<\/p>\n<p>Elle m\u2019a \u00e9t\u00e9 enseign\u00e9e \u00e0 <strong>l\u2019Institut Ann WIGMORE <\/strong>(Porto Rico &#8211; USA), pour lequel je suis aujourd\u2019hui investie comme repr\u00e9sentante o\u00f9 je me rends chaque ann\u00e9e depuis 15 ans en tant qu\u2019organisatrice et traductrice des sessions francophones.<\/p>\n<p>L\u2019Alimentation Vivante est devenue ma passion. \u00c0 tel point qu\u2019en 2007, je me suis inscrite au cursus du <strong>Living Light Culinary Institute<\/strong> (Californie &#8211; USA) o\u00f9 j\u2019ai obtenu la certification en tant que Chef Instructeur et Chef Gourmet en Alimentation Vivante.<\/p>\n<p>De ces exp\u00e9riences, <strong>j\u2019ai pu d\u00e9velopper toute une s\u00e9rie de recettes et d\u2019astuces li\u00e9es \u00e0 l\u2019Alimentation Vivante.<\/strong> Je les ai peaufin\u00e9es avec le temps, et partag\u00e9es avec mes stagiaires. Leurs retours, toujours tr\u00e8s positifs, m\u2019ont confort\u00e9e dans cette voie.<\/p>\n<p>Ce stage vous fera d\u00e9couvrir un maximum d\u2019informations et de recettes de base. A votre demande, la fin de semaine pourra \u00eatre ax\u00e9e sur des recettes compl\u00e9mentaires \u00ab Gourmet \u00bb.<\/p>\n<p>Le programme s\u2019inspire des fondamentaux de l\u2019Alimentation Vivante. Nous y aborderons les th\u00e8mes suivants :<\/p>\n<ul>\n<li><strong>Produits<\/strong> <strong>haute vitalit\u00e9<\/strong> (germination, lacto-fermentation, jus verts, herbe de bl\u00e9&#8230;)<\/li>\n<li><strong>Sant\u00e9 du colon<\/strong> (lavements, implants&#8230;)<\/li>\n<li><strong>Th\u00e9rapies pour le corps<\/strong> (trampoline, brossage&#8230;)<\/li>\n<li><strong>D\u00e9shydratation des aliments<\/strong> (crackers, cookies, graines&#8230;)<\/li>\n<li><strong>Toutes sortes de recettes<\/strong> (jus, smoothies, fromages v\u00e9g\u00e9taux, laits de noix, p\u00e2t\u00e9s d&rsquo;ol\u00e9agineux, assaisonnements, salades&#8230;)<\/li>\n<\/ul>\n<p><strong>Comment se d\u00e9roule le s\u00e9jour ?<\/strong><\/p>\n<p><strong>Lieu et dates\u00a0:\u00a0\u00a0\u00a0\u00a0 <\/strong>La formation se d\u00e9roule \u00e0 <strong>Vers-Pont-du-Gard<\/strong>.<\/p>\n<p>Les s\u00e9jours s\u2019\u00e9taleront <strong>du dimanche 17h00 au samedi 14h00<\/strong>.<\/p>\n<p>Nous alternerons entre cours th\u00e9oriques et ateliers pratiques (tout ce que vous devez savoir concernant l\u2019alimentation vivante \u00e0 haute vitalit\u00e9).<\/p>\n<p><strong>Repas\u00a0:\u00a0\u00a0\u00a0\u00a0\u00a0\u00a0\u00a0\u00a0\u00a0\u00a0\u00a0\u00a0\u00a0\u00a0\u00a0 <\/strong>Les repas et les collations d\u2019origine biologique sont pr\u00e9vus sur place :<\/p>\n<ul>\n<li>Eau de Kangen<\/li>\n<li>Jus de l\u00e9gumes verts (minimum 1 l par personne, par jour)<\/li>\n<li>Jus d\u2019herbe de bl\u00e9<\/li>\n<li>Jus frais de citron et de gingembre<\/li>\n<li>R\u00e9juvelac<\/li>\n<li>Smoothies (m\u00e9lange de l\u00e9gumes et fruits mix\u00e9s)<\/li>\n<li>Soupes \u00e9nergie<\/li>\n<li>D\u00e9jeuner de reprise alimentaire<\/li>\n<\/ul>\n<p><strong>Soins\u00a0:<\/strong><\/p>\n<ul>\n<li>Bol d\u2019air Jacquier<\/li>\n<li>Cabine infrarouge (Sauna th\u00e9rapeutique)<\/li>\n<li>Lavements intestinaux et implants (Kit fourni)<\/li>\n<li>Massages (1 massage compris dans l\u2019inscription\u00a0; les autres \u00e0 r\u00e9server sur place, paiement \u00e0 r\u00e9gler directement aux intervenants<\/li>\n<li>Massage plantaire<\/li>\n<li>M\u00e9ditation quotidienne<\/li>\n<li>R\u00e9flexologie plantaire<\/li>\n<\/ul>\n<p><strong>D\u00e9tentes &amp; relaxations :<\/strong><\/p>\n<ul>\n<li>Jacuzzi<\/li>\n<li>P\u00e9diluve<\/li>\n<li>Piscine au sel<\/li>\n<li>Trampoline<\/li>\n<li>V\u00e9lo de piscine \/ Aquabike<\/li>\n<\/ul>\n<p><strong>Activit\u00e9s ludiques et cr\u00e9atives<\/strong><\/p>\n<ul>\n<li>Accompagnement psychologique (\u00e0 r\u00e9server sur place et \u00e0 r\u00e9gler directement aux intervenants et th\u00e9rapeutes)<\/li>\n<li>Mat\u00e9riel pour tableau cr\u00e9atif<\/li>\n<li>Bapt\u00eame de l\u2019air en Autogire (\u00e0 r\u00e9server sur place et \u00e0 r\u00e9gler directement aux intervenants)<\/li>\n<\/ul>\n<p><strong>Activit\u00e9s physiques<\/strong><\/p>\n<ul>\n<li>Marche quotidienne<\/li>\n<li>Ballades et d\u00e9couvertes de la r\u00e9gion<\/li>\n<\/ul>\n<p>&nbsp;<\/p>\n<p><strong>Logements :\u00a0\u00a0\u00a0\u00a0\u00a0\u00a0\u00a0 <\/strong>La r\u00e9gion offre \u00e9galement de nombreux logements et chambres d\u2019h\u00f4tes.<\/p>\n<p><strong>Prix :\u00a0 \u00a0 \u00a0 \u00a0 \u00a0 \u00a0 \u00a0 \u00a0 \u00a0 \u00a01.350,00<\/strong>\u00a0EUR cours th\u00e9oriques, d\u00e9monstrations pratiques, mat\u00e9riel didactique et repas compris, hors logement.<\/p>\n<p><strong>Participants\u00a0:<\/strong> \u00a0\u00a0\u00a0\u00a0 Un minimum de 3 participants par session est requis .<\/p>\n<p><strong>Contact\u00a0:\u00a0\u00a0\u00a0\u00a0\u00a0\u00a0\u00a0\u00a0\u00a0\u00a0\u00a0\u00a0 <\/strong>Si vous \u00eates curieux ou d\u00e9sirez vous inscrire, contactez-moi par courriel \u00e0 <a href=\"mailto:patricia.kersulec@gmail.com\">patricia.kersulec@gmail.com<\/a> ou par t\u00e9l\u00e9phone au +33.768.37.34.52.<\/p>\n<p>&nbsp;<\/p>\n<h3><strong>du 23 au 29 ao\u00fbt 2020<\/strong><\/h3>\n<h3><strong>du 6 au 12 septembre 2020<\/strong><\/h3>\n<h3><strong>du 20 au 26 septembre 2020<\/strong><\/h3>\n<p><a href=\"http:\/\/annwigmore.fr\/vitaminncures\/formulaire-cure-avhv\/\">Inscription en ligne<\/a><\/p>\n<p><strong>Nous recommandons aux personnes \u00e0 la sant\u00e9 fragile de consulter leur m\u00e9decin avant de s&rsquo;inscrire.<\/strong><\/p>\n","protected":false},"excerpt":{"rendered":"<p>\u00ab Cure Sant\u00e9 D\u00e9tox avec formation \u00bb \u00e0 l\u2019Alimentation vivante Haute Vitalit\u00e9 Cet \u00e9t\u00e9, je vous proprose de participer \u00e0 une semaine de D\u00e9tox coupl\u00e9e \u00e0 une formation centr\u00e9e sur l&rsquo;Alimentation Vivante Haute Vitalit\u00e9 L\u2019Alimentation Vivante L\u2019Alimentation Vivante est une alimentation, bas\u00e9e sur des aliments riches en enzymes et en nutriments. Elle m\u2019a \u00e9t\u00e9 enseign\u00e9e&#8230;<\/p>\n","protected":false},"author":1,"featured_media":0,"parent":0,"menu_order":0,"comment_status":"closed","ping_status":"closed","template":"full-width-page.php","meta":{"footnotes":""},"yoast_head":"<!-- This site is optimized with the Yoast SEO plugin v18.9 - https:\/\/yoast.com\/wordpress\/plugins\/seo\/ -->\n<title>Cure sant\u00e9 d\u00e9tox avec formation \u00e0 l\u2019Alimentation Vivante Haute Vitalit\u00e9 - Vitam&#039;Inn : D\u00e9tox &amp; Ressourcement<\/title>\n<meta name=\"robots\" content=\"index, follow, max-snippet:-1, max-image-preview:large, max-video-preview:-1\" \/>\n<link rel=\"canonical\" href=\"https:\/\/annwigmore.fr\/vitaminncures\/cure-avhv\/\" \/>\n<meta property=\"og:locale\" content=\"fr_FR\" \/>\n<meta property=\"og:type\" content=\"article\" \/>\n<meta property=\"og:title\" content=\"Cure sant\u00e9 d\u00e9tox avec formation \u00e0 l\u2019Alimentation Vivante Haute Vitalit\u00e9 - Vitam&#039;Inn : D\u00e9tox &amp; Ressourcement\" \/>\n<meta property=\"og:description\" content=\"\u00ab Cure Sant\u00e9 D\u00e9tox avec formation \u00bb \u00e0 l\u2019Alimentation vivante Haute Vitalit\u00e9 Cet \u00e9t\u00e9, je vous proprose de participer \u00e0 une semaine de D\u00e9tox coupl\u00e9e \u00e0 une formation centr\u00e9e sur l&rsquo;Alimentation Vivante Haute Vitalit\u00e9 L\u2019Alimentation Vivante L\u2019Alimentation Vivante est une alimentation, bas\u00e9e sur des aliments riches en enzymes et en nutriments. Elle m\u2019a \u00e9t\u00e9 enseign\u00e9e...\" \/>\n<meta property=\"og:url\" content=\"https:\/\/annwigmore.fr\/vitaminncures\/cure-avhv\/\" \/>\n<meta property=\"og:site_name\" content=\"Vitam&#039;Inn : D\u00e9tox &amp; Ressourcement\" \/>\n<meta property=\"article:modified_time\" content=\"2020-07-25T10:14:56+00:00\" \/>\n<meta name=\"twitter:card\" content=\"summary\" \/>\n<meta name=\"twitter:label1\" content=\"Dur\u00e9e de lecture estim\u00e9e\" \/>\n\t<meta name=\"twitter:data1\" content=\"3 minutes\" \/>\n<script type=\"application\/ld+json\" class=\"yoast-schema-graph\">{\"@context\":\"https:\/\/schema.org\",\"@graph\":[{\"@type\":\"WebSite\",\"@id\":\"http:\/\/annwigmore.fr\/vitaminncures\/#website\",\"url\":\"http:\/\/annwigmore.fr\/vitaminncures\/\",\"name\":\"Vitam&#039;Inn : D\u00e9tox &amp; Ressourcement\",\"description\":\"Cures, Vacances et Formations\",\"potentialAction\":[{\"@type\":\"SearchAction\",\"target\":{\"@type\":\"EntryPoint\",\"urlTemplate\":\"http:\/\/annwigmore.fr\/vitaminncures\/?s={search_term_string}\"},\"query-input\":\"required name=search_term_string\"}],\"inLanguage\":\"fr-FR\"},{\"@type\":\"WebPage\",\"@id\":\"https:\/\/annwigmore.fr\/vitaminncures\/cure-avhv\/#webpage\",\"url\":\"https:\/\/annwigmore.fr\/vitaminncures\/cure-avhv\/\",\"name\":\"Cure sant\u00e9 d\u00e9tox avec formation \u00e0 l\u2019Alimentation Vivante Haute Vitalit\u00e9 - Vitam&#039;Inn : D\u00e9tox &amp; Ressourcement\",\"isPartOf\":{\"@id\":\"http:\/\/annwigmore.fr\/vitaminncures\/#website\"},\"datePublished\":\"2020-06-11T17:02:29+00:00\",\"dateModified\":\"2020-07-25T10:14:56+00:00\",\"breadcrumb\":{\"@id\":\"https:\/\/annwigmore.fr\/vitaminncures\/cure-avhv\/#breadcrumb\"},\"inLanguage\":\"fr-FR\",\"potentialAction\":[{\"@type\":\"ReadAction\",\"target\":[\"https:\/\/annwigmore.fr\/vitaminncures\/cure-avhv\/\"]}]},{\"@type\":\"BreadcrumbList\",\"@id\":\"https:\/\/annwigmore.fr\/vitaminncures\/cure-avhv\/#breadcrumb\",\"itemListElement\":[{\"@type\":\"ListItem\",\"position\":1,\"name\":\"Accueil\",\"item\":\"http:\/\/annwigmore.fr\/vitaminncures\/\"},{\"@type\":\"ListItem\",\"position\":2,\"name\":\"Cure sant\u00e9 d\u00e9tox avec formation \u00e0 l\u2019Alimentation Vivante Haute Vitalit\u00e9\"}]}]}<\/script>\n<!-- \/ Yoast SEO plugin. -->","yoast_head_json":{"title":"Cure sant\u00e9 d\u00e9tox avec formation \u00e0 l\u2019Alimentation Vivante Haute Vitalit\u00e9 - Vitam&#039;Inn : D\u00e9tox &amp; Ressourcement","robots":{"index":"index","follow":"follow","max-snippet":"max-snippet:-1","max-image-preview":"max-image-preview:large","max-video-preview":"max-video-preview:-1"},"canonical":"https:\/\/annwigmore.fr\/vitaminncures\/cure-avhv\/","og_locale":"fr_FR","og_type":"article","og_title":"Cure sant\u00e9 d\u00e9tox avec formation \u00e0 l\u2019Alimentation Vivante Haute Vitalit\u00e9 - Vitam&#039;Inn : D\u00e9tox &amp; Ressourcement","og_description":"\u00ab Cure Sant\u00e9 D\u00e9tox avec formation \u00bb \u00e0 l\u2019Alimentation vivante Haute Vitalit\u00e9 Cet \u00e9t\u00e9, je vous proprose de participer \u00e0 une semaine de D\u00e9tox coupl\u00e9e \u00e0 une formation centr\u00e9e sur l&rsquo;Alimentation Vivante Haute Vitalit\u00e9 L\u2019Alimentation Vivante L\u2019Alimentation Vivante est une alimentation, bas\u00e9e sur des aliments riches en enzymes et en nutriments. Elle m\u2019a \u00e9t\u00e9 enseign\u00e9e...","og_url":"https:\/\/annwigmore.fr\/vitaminncures\/cure-avhv\/","og_site_name":"Vitam&#039;Inn : D\u00e9tox &amp; Ressourcement","article_modified_time":"2020-07-25T10:14:56+00:00","twitter_card":"summary","twitter_misc":{"Dur\u00e9e de lecture estim\u00e9e":"3 minutes"},"schema":{"@context":"https:\/\/schema.org","@graph":[{"@type":"WebSite","@id":"http:\/\/annwigmore.fr\/vitaminncures\/#website","url":"http:\/\/annwigmore.fr\/vitaminncures\/","name":"Vitam&#039;Inn : D\u00e9tox &amp; Ressourcement","description":"Cures, Vacances et Formations","potentialAction":[{"@type":"SearchAction","target":{"@type":"EntryPoint","urlTemplate":"http:\/\/annwigmore.fr\/vitaminncures\/?s={search_term_string}"},"query-input":"required name=search_term_string"}],"inLanguage":"fr-FR"},{"@type":"WebPage","@id":"https:\/\/annwigmore.fr\/vitaminncures\/cure-avhv\/#webpage","url":"https:\/\/annwigmore.fr\/vitaminncures\/cure-avhv\/","name":"Cure sant\u00e9 d\u00e9tox avec formation \u00e0 l\u2019Alimentation Vivante Haute Vitalit\u00e9 - Vitam&#039;Inn : D\u00e9tox &amp; Ressourcement","isPartOf":{"@id":"http:\/\/annwigmore.fr\/vitaminncures\/#website"},"datePublished":"2020-06-11T17:02:29+00:00","dateModified":"2020-07-25T10:14:56+00:00","breadcrumb":{"@id":"https:\/\/annwigmore.fr\/vitaminncures\/cure-avhv\/#breadcrumb"},"inLanguage":"fr-FR","potentialAction":[{"@type":"ReadAction","target":["https:\/\/annwigmore.fr\/vitaminncures\/cure-avhv\/"]}]},{"@type":"BreadcrumbList","@id":"https:\/\/annwigmore.fr\/vitaminncures\/cure-avhv\/#breadcrumb","itemListElement":[{"@type":"ListItem","position":1,"name":"Accueil","item":"http:\/\/annwigmore.fr\/vitaminncures\/"},{"@type":"ListItem","position":2,"name":"Cure sant\u00e9 d\u00e9tox avec formation \u00e0 l\u2019Alimentation Vivante Haute Vitalit\u00e9"}]}]}},"_links":{"self":[{"href":"http:\/\/annwigmore.fr\/vitaminncures\/wp-json\/wp\/v2\/pages\/1567"}],"collection":[{"href":"http:\/\/annwigmore.fr\/vitaminncures\/wp-json\/wp\/v2\/pages"}],"about":[{"href":"http:\/\/annwigmore.fr\/vitaminncures\/wp-json\/wp\/v2\/types\/page"}],"author":[{"embeddable":true,"href":"http:\/\/annwigmore.fr\/vitaminncures\/wp-json\/wp\/v2\/users\/1"}],"replies":[{"embeddable":true,"href":"http:\/\/annwigmore.fr\/vitaminncures\/wp-json\/wp\/v2\/comments?post=1567"}],"version-history":[{"count":8,"href":"http:\/\/annwigmore.fr\/vitaminncures\/wp-json\/wp\/v2\/pages\/1567\/revisions"}],"predecessor-version":[{"id":1631,"href":"http:\/\/annwigmore.fr\/vitaminncures\/wp-json\/wp\/v2\/pages\/1567\/revisions\/1631"}],"wp:attachment":[{"href":"http:\/\/annwigmore.fr\/vitaminncures\/wp-json\/wp\/v2\/media?parent=1567"}],"curies":[{"name":"wp","href":"https:\/\/api.w.org\/{rel}","templated":true}]}}