{"id":1617,"date":"2020-07-04T16:40:44","date_gmt":"2020-07-04T14:40:44","guid":{"rendered":"http:\/\/annwigmore.fr\/vitaminncures\/?page_id=1617"},"modified":"2026-02-14T20:48:11","modified_gmt":"2026-02-14T19:48:11","slug":"formulaire-dinscription-a-une-sejour-detox-a-vers","status":"publish","type":"page","link":"http:\/\/annwigmore.fr\/vitaminncures\/formulaire-dinscription-a-une-sejour-detox-a-vers\/","title":{"rendered":"Inscription s\u00e9jour d\u00e9tox \u00e0 Vers-Pont-du-Gard"},"content":{"rendered":"\n\n\t\t\t\t<img decoding=\"async\" src=\"http:\/\/annwigmore.fr\/vitaminncures\/wp-content\/uploads\/sites\/7\/2017\/01\/facede-vers.jpg\" alt=\"facede-vers\" itemprop=\"image\" title=\"facede-vers\" onerror=\"this.style.display='none'\"  \/>\n\t<p>Les inscriptions se font par t\u00e9l\u00e9phone uniquement. Vous pouvez me contacter pour avoir plus d&rsquo;informations concernant ce que je propose ainsi que pour r\u00e9server votre place \u00e9galement.<\/p>\n<h2>Patricia KERSULEC<\/h2>\n673, Chemin de Valsonni\u00e8re<br \/>\nF 30610 Vers-Pont-du-Gard\n<p>Portable fran\u00e7ais : <a href=\"tel:+33 768\/37.34.52\">+33 768\/37.34.52<\/a><\/p>\n<p>Email : <a href=\"mailto:patricia.kersulec@gmail.com\">patricia.kersulec@gmail.com<\/a><\/p>\n<h3>www.vitaminn.fr<\/h3>\n<p>&nbsp;<\/p>\n<p>Au plaisir de vous retrouver bient\u00f4t<\/p>\n<p>&nbsp;<\/p>\n<p><strong>Contact<\/strong>: <a href=\"tel:+33768373452\">tel:0768373452<\/a><\/p>\n\n","protected":false},"excerpt":{"rendered":"<p>Les inscriptions se font par t\u00e9l\u00e9phone uniquement. Vous pouvez me contacter pour avoir plus d&rsquo;informations concernant ce que je propose ainsi que pour r\u00e9server votre place \u00e9galement. Patricia KERSULEC 673, Chemin de Valsonni\u00e8re F 30610 Vers-Pont-du-Gard Portable fran\u00e7ais : +33 768\/37.34.52 Email : patricia.kersulec@gmail.com www.vitaminn.fr &nbsp; Au plaisir de vous retrouver bient\u00f4t &nbsp; Contact: tel:0768373452<\/p>\n","protected":false},"author":1,"featured_media":0,"parent":0,"menu_order":0,"comment_status":"closed","ping_status":"closed","template":"full-width-page.php","meta":{"footnotes":""},"yoast_head":"<!-- This site is optimized with the Yoast SEO plugin v18.9 - https:\/\/yoast.com\/wordpress\/plugins\/seo\/ -->\n<title>Inscription s\u00e9jour d\u00e9tox \u00e0 Vers-Pont-du-Gard - Vitam&#039;Inn : D\u00e9tox &amp; Ressourcement<\/title>\n<meta name=\"robots\" content=\"index, follow, max-snippet:-1, max-image-preview:large, max-video-preview:-1\" \/>\n<link rel=\"canonical\" href=\"http:\/\/annwigmore.fr\/vitaminncures\/formulaire-dinscription-a-une-sejour-detox-a-vers\/\" \/>\n<meta property=\"og:locale\" content=\"fr_FR\" \/>\n<meta property=\"og:type\" content=\"article\" \/>\n<meta property=\"og:title\" content=\"Inscription s\u00e9jour d\u00e9tox \u00e0 Vers-Pont-du-Gard - Vitam&#039;Inn : D\u00e9tox &amp; Ressourcement\" \/>\n<meta property=\"og:description\" content=\"Les inscriptions se font par t\u00e9l\u00e9phone uniquement. Vous pouvez me contacter pour avoir plus d&rsquo;informations concernant ce que je propose ainsi que pour r\u00e9server votre place \u00e9galement. Patricia KERSULEC 673, Chemin de Valsonni\u00e8re F 30610 Vers-Pont-du-Gard Portable fran\u00e7ais : +33 768\/37.34.52 Email : patricia.kersulec@gmail.com www.vitaminn.fr &nbsp; Au plaisir de vous retrouver bient\u00f4t &nbsp; Contact: tel:0768373452\" \/>\n<meta property=\"og:url\" content=\"http:\/\/annwigmore.fr\/vitaminncures\/formulaire-dinscription-a-une-sejour-detox-a-vers\/\" \/>\n<meta property=\"og:site_name\" content=\"Vitam&#039;Inn : D\u00e9tox &amp; Ressourcement\" \/>\n<meta property=\"article:modified_time\" content=\"2026-02-14T19:48:11+00:00\" \/>\n<meta property=\"og:image\" content=\"http:\/\/annwigmore.fr\/vitaminncures\/wp-content\/uploads\/sites\/7\/2017\/01\/facede-vers.jpg\" \/>\n<meta name=\"twitter:card\" content=\"summary\" \/>\n<script type=\"application\/ld+json\" class=\"yoast-schema-graph\">{\"@context\":\"https:\/\/schema.org\",\"@graph\":[{\"@type\":\"WebSite\",\"@id\":\"http:\/\/annwigmore.fr\/vitaminncures\/#website\",\"url\":\"http:\/\/annwigmore.fr\/vitaminncures\/\",\"name\":\"Vitam&#039;Inn : D\u00e9tox &amp; Ressourcement\",\"description\":\"Cures, Vacances et Formations\",\"potentialAction\":[{\"@type\":\"SearchAction\",\"target\":{\"@type\":\"EntryPoint\",\"urlTemplate\":\"http:\/\/annwigmore.fr\/vitaminncures\/?s={search_term_string}\"},\"query-input\":\"required name=search_term_string\"}],\"inLanguage\":\"fr-FR\"},{\"@type\":\"ImageObject\",\"inLanguage\":\"fr-FR\",\"@id\":\"http:\/\/annwigmore.fr\/vitaminncures\/formulaire-dinscription-a-une-sejour-detox-a-vers\/#primaryimage\",\"url\":\"http:\/\/annwigmore.fr\/vitaminncures\/wp-content\/uploads\/sites\/7\/2017\/01\/facede-vers.jpg\",\"contentUrl\":\"http:\/\/annwigmore.fr\/vitaminncures\/wp-content\/uploads\/sites\/7\/2017\/01\/facede-vers.jpg\",\"width\":600,\"height\":500},{\"@type\":\"WebPage\",\"@id\":\"http:\/\/annwigmore.fr\/vitaminncures\/formulaire-dinscription-a-une-sejour-detox-a-vers\/#webpage\",\"url\":\"http:\/\/annwigmore.fr\/vitaminncures\/formulaire-dinscription-a-une-sejour-detox-a-vers\/\",\"name\":\"Inscription s\u00e9jour d\u00e9tox \u00e0 Vers-Pont-du-Gard - Vitam&#039;Inn : D\u00e9tox &amp; Ressourcement\",\"isPartOf\":{\"@id\":\"http:\/\/annwigmore.fr\/vitaminncures\/#website\"},\"primaryImageOfPage\":{\"@id\":\"http:\/\/annwigmore.fr\/vitaminncures\/formulaire-dinscription-a-une-sejour-detox-a-vers\/#primaryimage\"},\"datePublished\":\"2020-07-04T14:40:44+00:00\",\"dateModified\":\"2026-02-14T19:48:11+00:00\",\"breadcrumb\":{\"@id\":\"http:\/\/annwigmore.fr\/vitaminncures\/formulaire-dinscription-a-une-sejour-detox-a-vers\/#breadcrumb\"},\"inLanguage\":\"fr-FR\",\"potentialAction\":[{\"@type\":\"ReadAction\",\"target\":[\"http:\/\/annwigmore.fr\/vitaminncures\/formulaire-dinscription-a-une-sejour-detox-a-vers\/\"]}]},{\"@type\":\"BreadcrumbList\",\"@id\":\"http:\/\/annwigmore.fr\/vitaminncures\/formulaire-dinscription-a-une-sejour-detox-a-vers\/#breadcrumb\",\"itemListElement\":[{\"@type\":\"ListItem\",\"position\":1,\"name\":\"Accueil\",\"item\":\"http:\/\/annwigmore.fr\/vitaminncures\/\"},{\"@type\":\"ListItem\",\"position\":2,\"name\":\"Inscription s\u00e9jour d\u00e9tox \u00e0 Vers-Pont-du-Gard\"}]}]}<\/script>\n<!-- \/ Yoast SEO plugin. -->","yoast_head_json":{"title":"Inscription s\u00e9jour d\u00e9tox \u00e0 Vers-Pont-du-Gard - Vitam&#039;Inn : D\u00e9tox &amp; Ressourcement","robots":{"index":"index","follow":"follow","max-snippet":"max-snippet:-1","max-image-preview":"max-image-preview:large","max-video-preview":"max-video-preview:-1"},"canonical":"http:\/\/annwigmore.fr\/vitaminncures\/formulaire-dinscription-a-une-sejour-detox-a-vers\/","og_locale":"fr_FR","og_type":"article","og_title":"Inscription s\u00e9jour d\u00e9tox \u00e0 Vers-Pont-du-Gard - Vitam&#039;Inn : D\u00e9tox &amp; Ressourcement","og_description":"Les inscriptions se font par t\u00e9l\u00e9phone uniquement. Vous pouvez me contacter pour avoir plus d&rsquo;informations concernant ce que je propose ainsi que pour r\u00e9server votre place \u00e9galement. Patricia KERSULEC 673, Chemin de Valsonni\u00e8re F 30610 Vers-Pont-du-Gard Portable fran\u00e7ais : +33 768\/37.34.52 Email : patricia.kersulec@gmail.com www.vitaminn.fr &nbsp; Au plaisir de vous retrouver bient\u00f4t &nbsp; Contact: tel:0768373452","og_url":"http:\/\/annwigmore.fr\/vitaminncures\/formulaire-dinscription-a-une-sejour-detox-a-vers\/","og_site_name":"Vitam&#039;Inn : D\u00e9tox &amp; Ressourcement","article_modified_time":"2026-02-14T19:48:11+00:00","og_image":[{"url":"http:\/\/annwigmore.fr\/vitaminncures\/wp-content\/uploads\/sites\/7\/2017\/01\/facede-vers.jpg"}],"twitter_card":"summary","schema":{"@context":"https:\/\/schema.org","@graph":[{"@type":"WebSite","@id":"http:\/\/annwigmore.fr\/vitaminncures\/#website","url":"http:\/\/annwigmore.fr\/vitaminncures\/","name":"Vitam&#039;Inn : D\u00e9tox &amp; Ressourcement","description":"Cures, Vacances et Formations","potentialAction":[{"@type":"SearchAction","target":{"@type":"EntryPoint","urlTemplate":"http:\/\/annwigmore.fr\/vitaminncures\/?s={search_term_string}"},"query-input":"required name=search_term_string"}],"inLanguage":"fr-FR"},{"@type":"ImageObject","inLanguage":"fr-FR","@id":"http:\/\/annwigmore.fr\/vitaminncures\/formulaire-dinscription-a-une-sejour-detox-a-vers\/#primaryimage","url":"http:\/\/annwigmore.fr\/vitaminncures\/wp-content\/uploads\/sites\/7\/2017\/01\/facede-vers.jpg","contentUrl":"http:\/\/annwigmore.fr\/vitaminncures\/wp-content\/uploads\/sites\/7\/2017\/01\/facede-vers.jpg","width":600,"height":500},{"@type":"WebPage","@id":"http:\/\/annwigmore.fr\/vitaminncures\/formulaire-dinscription-a-une-sejour-detox-a-vers\/#webpage","url":"http:\/\/annwigmore.fr\/vitaminncures\/formulaire-dinscription-a-une-sejour-detox-a-vers\/","name":"Inscription s\u00e9jour d\u00e9tox \u00e0 Vers-Pont-du-Gard - Vitam&#039;Inn : D\u00e9tox &amp; Ressourcement","isPartOf":{"@id":"http:\/\/annwigmore.fr\/vitaminncures\/#website"},"primaryImageOfPage":{"@id":"http:\/\/annwigmore.fr\/vitaminncures\/formulaire-dinscription-a-une-sejour-detox-a-vers\/#primaryimage"},"datePublished":"2020-07-04T14:40:44+00:00","dateModified":"2026-02-14T19:48:11+00:00","breadcrumb":{"@id":"http:\/\/annwigmore.fr\/vitaminncures\/formulaire-dinscription-a-une-sejour-detox-a-vers\/#breadcrumb"},"inLanguage":"fr-FR","potentialAction":[{"@type":"ReadAction","target":["http:\/\/annwigmore.fr\/vitaminncures\/formulaire-dinscription-a-une-sejour-detox-a-vers\/"]}]},{"@type":"BreadcrumbList","@id":"http:\/\/annwigmore.fr\/vitaminncures\/formulaire-dinscription-a-une-sejour-detox-a-vers\/#breadcrumb","itemListElement":[{"@type":"ListItem","position":1,"name":"Accueil","item":"http:\/\/annwigmore.fr\/vitaminncures\/"},{"@type":"ListItem","position":2,"name":"Inscription s\u00e9jour d\u00e9tox \u00e0 Vers-Pont-du-Gard"}]}]}},"_links":{"self":[{"href":"http:\/\/annwigmore.fr\/vitaminncures\/wp-json\/wp\/v2\/pages\/1617"}],"collection":[{"href":"http:\/\/annwigmore.fr\/vitaminncures\/wp-json\/wp\/v2\/pages"}],"about":[{"href":"http:\/\/annwigmore.fr\/vitaminncures\/wp-json\/wp\/v2\/types\/page"}],"author":[{"embeddable":true,"href":"http:\/\/annwigmore.fr\/vitaminncures\/wp-json\/wp\/v2\/users\/1"}],"replies":[{"embeddable":true,"href":"http:\/\/annwigmore.fr\/vitaminncures\/wp-json\/wp\/v2\/comments?post=1617"}],"version-history":[{"count":15,"href":"http:\/\/annwigmore.fr\/vitaminncures\/wp-json\/wp\/v2\/pages\/1617\/revisions"}],"predecessor-version":[{"id":2020,"href":"http:\/\/annwigmore.fr\/vitaminncures\/wp-json\/wp\/v2\/pages\/1617\/revisions\/2020"}],"wp:attachment":[{"href":"http:\/\/annwigmore.fr\/vitaminncures\/wp-json\/wp\/v2\/media?parent=1617"}],"curies":[{"name":"wp","href":"https:\/\/api.w.org\/{rel}","templated":true}]}}