{"id":1825,"date":"2024-03-06T17:28:57","date_gmt":"2024-03-06T16:28:57","guid":{"rendered":"https:\/\/annwigmore.fr\/vitaminncures\/?page_id=1825"},"modified":"2026-02-22T15:56:10","modified_gmt":"2026-02-22T14:56:10","slug":"coaching-du-reve-a-la-realite","status":"publish","type":"page","link":"http:\/\/annwigmore.fr\/vitaminncures\/coaching-du-reve-a-la-realite\/","title":{"rendered":"Coaching* : Du R\u00eave \u00e0 la R\u00e9alit\u00e9"},"content":{"rendered":"\n\n\t<h1 data-start=\"84\" data-end=\"144\">\u2728 Du r\u00eave \u00e0 la r\u00e9alit\u00e9 : devenez l&rsquo;architecte de votre vie<\/h1>\n<style type=\"text\/css\">\n#foogallery-gallery-2279.fg-simple_portfolio { justify-content: center; --fg-gutter: 5px; }\n#foogallery-gallery-2279.fg-simple_portfolio .fg-item { flex-basis: 250px; }<\/style>\n\t\t\t<div class=\"foogallery foogallery-container foogallery-simple_portfolio foogallery-lightbox-foogallery fg-simple_portfolio fg-ready fg-dark fg-border-medium fg-loading-default fg-loaded-swing-down fg-hover-zoomed fg-caption-always fg-hover-slide-down fg-hover-plus3 fg-c-c fg-caption-always\" id=\"foogallery-gallery-2279\" data-foogallery=\"{&quot;item&quot;:{&quot;showCaptionTitle&quot;:true,&quot;showCaptionDescription&quot;:true},&quot;lazy&quot;:true}\" data-foogallery-lightbox=\"{&quot;thumbs&quot;:&quot;bottom&quot;,&quot;thumbsCaptions&quot;:false,&quot;thumbsBestFit&quot;:false,&quot;thumbsSmall&quot;:false,&quot;thumbsCaptionsAlign&quot;:&quot;default&quot;,&quot;info&quot;:&quot;bottom&quot;,&quot;infoVisible&quot;:true,&quot;infoOverlay&quot;:true,&quot;infoAlign&quot;:&quot;default&quot;,&quot;transition&quot;:&quot;fade&quot;,&quot;hoverButtons&quot;:false,&quot;fitMedia&quot;:false,&quot;noScrollbars&quot;:true,&quot;preserveButtonSpace&quot;:true,&quot;buttons&quot;:{&quot;fullscreen&quot;:true,&quot;info&quot;:true,&quot;thumbs&quot;:false},&quot;video&quot;:{&quot;autoPlay&quot;:true}}\" style=\"--fg-title-line-clamp: 2; --fg-description-line-clamp: 2;\" >\n\t<div class=\"fg-item fg-type-image fg-idle\"><figure class=\"fg-item-inner\"><a href=\"http:\/\/annwigmore.fr\/vitaminncures\/wp-content\/uploads\/sites\/7\/2026\/02\/patricia-kersulec1.jpeg\" data-caption-title=\"Patricia Kersulec\" data-caption-desc=\"Patricia Kersulec\" data-attachment-id=\"2291\" class=\"foogallery-thumb fg-thumb\" data-type=\"image\"><span class=\"fg-image-wrap\"><img fetchpriority=\"high\" decoding=\"async\" title=\"Patricia Kersulec\" class=\"bf-img skip-lazy fg-image\" height=\"200\" width=\"250\" data-src-fg=\"http:\/\/annwigmore.fr\/vitaminncures\/wp-content\/uploads\/sites\/7\/cache\/2026\/02\/patricia-kersulec1\/2601727257.jpeg\" src=\"data:image\/svg+xml,%3Csvg%20xmlns%3D%22http%3A%2F%2Fwww.w3.org%2F2000%2Fsvg%22%20width%3D%22250%22%20height%3D%22200%22%20viewBox%3D%220%200%20250%20200%22%3E%3C%2Fsvg%3E\" loading=\"eager\"><\/span><span class=\"fg-image-overlay\"><\/span><\/a><figcaption class=\"fg-caption\"><div class=\"fg-caption-inner\"><div class=\"fg-caption-title\">Patricia Kersulec<\/div><div class=\"fg-caption-desc\">Patricia Kersulec<\/div><\/div><\/figcaption><\/figure><div class=\"fg-loader\"><\/div><\/div><div class=\"fg-item fg-type-image fg-idle\"><figure class=\"fg-item-inner\"><a href=\"http:\/\/annwigmore.fr\/vitaminncures\/wp-content\/uploads\/sites\/7\/2026\/02\/atelier-creatif5.jpeg\" data-caption-title=\"Atelier Cr\u00e9atif\" data-caption-desc=\"Atelier Cr\u00e9atif\" data-attachment-id=\"2281\" class=\"foogallery-thumb fg-thumb\" data-type=\"image\"><span class=\"fg-image-wrap\"><img decoding=\"async\" title=\"Atelier Cr\u00e9atif\" class=\"bf-img skip-lazy fg-image\" height=\"200\" width=\"250\" data-src-fg=\"http:\/\/annwigmore.fr\/vitaminncures\/wp-content\/uploads\/sites\/7\/cache\/2026\/02\/atelier-creatif5\/2261310513.jpeg\" src=\"data:image\/svg+xml,%3Csvg%20xmlns%3D%22http%3A%2F%2Fwww.w3.org%2F2000%2Fsvg%22%20width%3D%22250%22%20height%3D%22200%22%20viewBox%3D%220%200%20250%20200%22%3E%3C%2Fsvg%3E\" loading=\"eager\"><\/span><span class=\"fg-image-overlay\"><\/span><\/a><figcaption class=\"fg-caption\"><div class=\"fg-caption-inner\"><div class=\"fg-caption-title\">Atelier Cr\u00e9atif<\/div><div class=\"fg-caption-desc\">Atelier Cr\u00e9atif<\/div><\/div><\/figcaption><\/figure><div class=\"fg-loader\"><\/div><\/div><div class=\"fg-item fg-type-image fg-idle\"><figure class=\"fg-item-inner\"><a href=\"http:\/\/annwigmore.fr\/vitaminncures\/wp-content\/uploads\/sites\/7\/2026\/02\/atelier-creatif1.jpeg\" data-caption-title=\"Atelier Cr\u00e9atif\" data-caption-desc=\"Atelier Cr\u00e9atif\" data-attachment-id=\"2284\" class=\"foogallery-thumb fg-thumb\" data-type=\"image\"><span class=\"fg-image-wrap\"><img decoding=\"async\" title=\"Atelier Cr\u00e9atif\" class=\"bf-img skip-lazy fg-image\" height=\"200\" width=\"250\" data-src-fg=\"http:\/\/annwigmore.fr\/vitaminncures\/wp-content\/uploads\/sites\/7\/cache\/2026\/02\/atelier-creatif1\/1620833652.jpeg\" src=\"data:image\/svg+xml,%3Csvg%20xmlns%3D%22http%3A%2F%2Fwww.w3.org%2F2000%2Fsvg%22%20width%3D%22250%22%20height%3D%22200%22%20viewBox%3D%220%200%20250%20200%22%3E%3C%2Fsvg%3E\" loading=\"eager\"><\/span><span class=\"fg-image-overlay\"><\/span><\/a><figcaption class=\"fg-caption\"><div class=\"fg-caption-inner\"><div class=\"fg-caption-title\">Atelier Cr\u00e9atif<\/div><div class=\"fg-caption-desc\">Atelier Cr\u00e9atif<\/div><\/div><\/figcaption><\/figure><div class=\"fg-loader\"><\/div><\/div><div class=\"fg-item fg-type-image fg-idle\"><figure class=\"fg-item-inner\"><a href=\"http:\/\/annwigmore.fr\/vitaminncures\/wp-content\/uploads\/sites\/7\/2026\/02\/atelier-creatif2.jpeg\" data-caption-title=\"Atelier Cr\u00e9atif\" data-caption-desc=\"Atelier Cr\u00e9atif\" data-attachment-id=\"2285\" class=\"foogallery-thumb fg-thumb\" data-type=\"image\"><span class=\"fg-image-wrap\"><img decoding=\"async\" title=\"Atelier Cr\u00e9atif\" class=\"bf-img skip-lazy fg-image\" height=\"200\" width=\"250\" data-src-fg=\"http:\/\/annwigmore.fr\/vitaminncures\/wp-content\/uploads\/sites\/7\/cache\/2026\/02\/atelier-creatif2\/3370154291.jpeg\" src=\"data:image\/svg+xml,%3Csvg%20xmlns%3D%22http%3A%2F%2Fwww.w3.org%2F2000%2Fsvg%22%20width%3D%22250%22%20height%3D%22200%22%20viewBox%3D%220%200%20250%20200%22%3E%3C%2Fsvg%3E\" loading=\"eager\"><\/span><span class=\"fg-image-overlay\"><\/span><\/a><figcaption class=\"fg-caption\"><div class=\"fg-caption-inner\"><div class=\"fg-caption-title\">Atelier Cr\u00e9atif<\/div><div class=\"fg-caption-desc\">Atelier Cr\u00e9atif<\/div><\/div><\/figcaption><\/figure><div class=\"fg-loader\"><\/div><\/div><div class=\"fg-item fg-type-image fg-idle\"><figure class=\"fg-item-inner\"><a href=\"http:\/\/annwigmore.fr\/vitaminncures\/wp-content\/uploads\/sites\/7\/2026\/02\/atelier-creatif8.jpeg\" data-caption-title=\"Atelier Cr\u00e9atif\" data-caption-desc=\"Atelier Cr\u00e9atif\" data-attachment-id=\"2283\" class=\"foogallery-thumb fg-thumb\" data-type=\"image\"><span class=\"fg-image-wrap\"><img decoding=\"async\" title=\"Atelier Cr\u00e9atif\" class=\"bf-img skip-lazy fg-image\" height=\"200\" width=\"250\" data-src-fg=\"http:\/\/annwigmore.fr\/vitaminncures\/wp-content\/uploads\/sites\/7\/cache\/2026\/02\/atelier-creatif8\/2400934947.jpeg\" src=\"data:image\/svg+xml,%3Csvg%20xmlns%3D%22http%3A%2F%2Fwww.w3.org%2F2000%2Fsvg%22%20width%3D%22250%22%20height%3D%22200%22%20viewBox%3D%220%200%20250%20200%22%3E%3C%2Fsvg%3E\" loading=\"eager\"><\/span><span class=\"fg-image-overlay\"><\/span><\/a><figcaption class=\"fg-caption\"><div class=\"fg-caption-inner\"><div class=\"fg-caption-title\">Atelier Cr\u00e9atif<\/div><div class=\"fg-caption-desc\">Atelier Cr\u00e9atif<\/div><\/div><\/figcaption><\/figure><div class=\"fg-loader\"><\/div><\/div><div class=\"fg-item fg-type-image fg-idle\"><figure class=\"fg-item-inner\"><a href=\"http:\/\/annwigmore.fr\/vitaminncures\/wp-content\/uploads\/sites\/7\/2026\/02\/atelier-creatif6.jpeg\" data-caption-title=\"Atelier Cr\u00e9atif\" data-caption-desc=\"Atelier Cr\u00e9atif\" data-attachment-id=\"2282\" class=\"foogallery-thumb fg-thumb\" data-type=\"image\"><span class=\"fg-image-wrap\"><img decoding=\"async\" title=\"Atelier Cr\u00e9atif\" class=\"bf-img skip-lazy fg-image\" height=\"200\" width=\"250\" data-src-fg=\"http:\/\/annwigmore.fr\/vitaminncures\/wp-content\/uploads\/sites\/7\/cache\/2026\/02\/atelier-creatif6\/3593418547.jpeg\" src=\"data:image\/svg+xml,%3Csvg%20xmlns%3D%22http%3A%2F%2Fwww.w3.org%2F2000%2Fsvg%22%20width%3D%22250%22%20height%3D%22200%22%20viewBox%3D%220%200%20250%20200%22%3E%3C%2Fsvg%3E\" loading=\"eager\"><\/span><span class=\"fg-image-overlay\"><\/span><\/a><figcaption class=\"fg-caption\"><div class=\"fg-caption-inner\"><div class=\"fg-caption-title\">Atelier Cr\u00e9atif<\/div><div class=\"fg-caption-desc\">Atelier Cr\u00e9atif<\/div><\/div><\/figcaption><\/figure><div class=\"fg-loader\"><\/div><\/div><div class=\"fg-item fg-type-image fg-idle\"><figure class=\"fg-item-inner\"><a href=\"http:\/\/annwigmore.fr\/vitaminncures\/wp-content\/uploads\/sites\/7\/2026\/02\/atelier-creatif-Patricia7.jpeg\" data-caption-title=\"Atelier Cr\u00e9atif\" data-caption-desc=\"Atelier Cr\u00e9atif\" data-attachment-id=\"2290\" class=\"foogallery-thumb fg-thumb\" data-type=\"image\"><span class=\"fg-image-wrap\"><img decoding=\"async\" title=\"Atelier Cr\u00e9atif\" class=\"bf-img skip-lazy fg-image\" height=\"200\" width=\"250\" data-src-fg=\"http:\/\/annwigmore.fr\/vitaminncures\/wp-content\/uploads\/sites\/7\/cache\/2026\/02\/atelier-creatif-Patricia7\/1855462260.jpeg\" src=\"data:image\/svg+xml,%3Csvg%20xmlns%3D%22http%3A%2F%2Fwww.w3.org%2F2000%2Fsvg%22%20width%3D%22250%22%20height%3D%22200%22%20viewBox%3D%220%200%20250%20200%22%3E%3C%2Fsvg%3E\" loading=\"eager\"><\/span><span class=\"fg-image-overlay\"><\/span><\/a><figcaption class=\"fg-caption\"><div class=\"fg-caption-inner\"><div class=\"fg-caption-title\">Atelier Cr\u00e9atif<\/div><div class=\"fg-caption-desc\">Atelier Cr\u00e9atif<\/div><\/div><\/figcaption><\/figure><div class=\"fg-loader\"><\/div><\/div><div class=\"fg-item fg-type-image fg-idle\"><figure class=\"fg-item-inner\"><a href=\"http:\/\/annwigmore.fr\/vitaminncures\/wp-content\/uploads\/sites\/7\/2026\/02\/atelier-creatif4.jpeg\" data-caption-title=\"Atelier Cr\u00e9atif\" data-caption-desc=\"Atelier Cr\u00e9atif\" data-attachment-id=\"2287\" class=\"foogallery-thumb fg-thumb\" data-type=\"image\"><span class=\"fg-image-wrap\"><img decoding=\"async\" title=\"Atelier Cr\u00e9atif\" class=\"bf-img skip-lazy fg-image\" height=\"200\" width=\"250\" data-src-fg=\"http:\/\/annwigmore.fr\/vitaminncures\/wp-content\/uploads\/sites\/7\/cache\/2026\/02\/atelier-creatif4\/1130784764.jpeg\" src=\"data:image\/svg+xml,%3Csvg%20xmlns%3D%22http%3A%2F%2Fwww.w3.org%2F2000%2Fsvg%22%20width%3D%22250%22%20height%3D%22200%22%20viewBox%3D%220%200%20250%20200%22%3E%3C%2Fsvg%3E\" loading=\"eager\"><\/span><span class=\"fg-image-overlay\"><\/span><\/a><figcaption class=\"fg-caption\"><div class=\"fg-caption-inner\"><div class=\"fg-caption-title\">Atelier Cr\u00e9atif<\/div><div class=\"fg-caption-desc\">Atelier Cr\u00e9atif<\/div><\/div><\/figcaption><\/figure><div class=\"fg-loader\"><\/div><\/div><div class=\"fg-item fg-type-image fg-idle\"><figure class=\"fg-item-inner\"><a href=\"http:\/\/annwigmore.fr\/vitaminncures\/wp-content\/uploads\/sites\/7\/2026\/02\/atelier-creatif5-1.jpeg\" data-caption-title=\"Atelier Cr\u00e9atif\" data-caption-desc=\"Atelier Cr\u00e9atif\" data-attachment-id=\"2288\" class=\"foogallery-thumb fg-thumb\" data-type=\"image\"><span class=\"fg-image-wrap\"><img decoding=\"async\" title=\"Atelier Cr\u00e9atif\" class=\"bf-img skip-lazy fg-image\" height=\"200\" width=\"250\" data-src-fg=\"http:\/\/annwigmore.fr\/vitaminncures\/wp-content\/uploads\/sites\/7\/cache\/2026\/02\/atelier-creatif5-1\/2730842363.jpeg\" src=\"data:image\/svg+xml,%3Csvg%20xmlns%3D%22http%3A%2F%2Fwww.w3.org%2F2000%2Fsvg%22%20width%3D%22250%22%20height%3D%22200%22%20viewBox%3D%220%200%20250%20200%22%3E%3C%2Fsvg%3E\" loading=\"eager\"><\/span><span class=\"fg-image-overlay\"><\/span><\/a><figcaption class=\"fg-caption\"><div class=\"fg-caption-inner\"><div class=\"fg-caption-title\">Atelier Cr\u00e9atif<\/div><div class=\"fg-caption-desc\">Atelier Cr\u00e9atif<\/div><\/div><\/figcaption><\/figure><div class=\"fg-loader\"><\/div><\/div><div class=\"fg-item fg-type-image fg-idle\"><figure class=\"fg-item-inner\"><a href=\"http:\/\/annwigmore.fr\/vitaminncures\/wp-content\/uploads\/sites\/7\/2026\/02\/atelier-creatif3.jpeg\" data-caption-title=\"Atelier Cr\u00e9atif\" data-caption-desc=\"Atelier Cr\u00e9atif\" data-attachment-id=\"2286\" class=\"foogallery-thumb fg-thumb\" data-type=\"image\"><span class=\"fg-image-wrap\"><img decoding=\"async\" title=\"Atelier Cr\u00e9atif\" class=\"bf-img skip-lazy fg-image\" height=\"200\" width=\"250\" data-src-fg=\"http:\/\/annwigmore.fr\/vitaminncures\/wp-content\/uploads\/sites\/7\/cache\/2026\/02\/atelier-creatif3\/3069295287.jpeg\" src=\"data:image\/svg+xml,%3Csvg%20xmlns%3D%22http%3A%2F%2Fwww.w3.org%2F2000%2Fsvg%22%20width%3D%22250%22%20height%3D%22200%22%20viewBox%3D%220%200%20250%20200%22%3E%3C%2Fsvg%3E\" loading=\"eager\"><\/span><span class=\"fg-image-overlay\"><\/span><\/a><figcaption class=\"fg-caption\"><div class=\"fg-caption-inner\"><div class=\"fg-caption-title\">Atelier Cr\u00e9atif<\/div><div class=\"fg-caption-desc\">Atelier Cr\u00e9atif<\/div><\/div><\/figcaption><\/figure><div class=\"fg-loader\"><\/div><\/div><\/div>\n<p>&nbsp;<\/p>\nEt si cette journ\u00e9e \u00e9tait le point de d\u00e9part d&rsquo;une transformation profonde ?<br data-start=\"222\" data-end=\"225\" \/>Et si vous d\u00e9cidiez, ici et maintenant, de devenir pleinement <strong data-start=\"287\" data-end=\"316\">le ma\u00eetre de votre destin<\/strong> ?\nBienvenue dans une exp\u00e9rience unique de coaching, pens\u00e9e pour vous aider \u00e0 passer du r\u00eave \u00e0 l&rsquo;action &#8211; avec clart\u00e9, structure et enthousiasme.\n<h2 data-start=\"469\" data-end=\"512\">\ud83c\udf1f D\u00e9couvrez ce que vous voulez VRAIMENT<\/h2>\nTrop souvent, nous poursuivons des objectifs qui ne sont pas r\u00e9ellement les n\u00f4tres.<br data-start=\"597\" data-end=\"600\" \/>Durant cet atelier, vous allez :\n<ul data-start=\"634\" data-end=\"807\">\n<li data-start=\"634\" data-end=\"668\">\nIdentifier vos d\u00e9sirs profonds\n<\/li>\n<li data-start=\"669\" data-end=\"729\">\nClarifier vos priorit\u00e9s personnelles et professionnelles\n<\/li>\n<li data-start=\"730\" data-end=\"770\">\nRedonner du sens \u00e0 votre trajectoire\n<\/li>\n<li data-start=\"771\" data-end=\"807\">\nAligner votre vie avec vos valeurs\n<\/li>\n<\/ul>\nParce qu&rsquo;une vie extraordinaire commence toujours par une vision claire.\n<h2 data-start=\"888\" data-end=\"929\">\ud83c\udfaf Se fixer des buts&#8230; et les atteindre<\/h2>\nAvoir des r\u00eaves, c&rsquo;est magnifique.<br data-start=\"965\" data-end=\"968\" \/>Les transformer en objectifs concrets et r\u00e9alisables, c&rsquo;est puissant.\nVous apprendrez \u00e0 :\n<ul data-start=\"1060\" data-end=\"1249\">\n<li data-start=\"1060\" data-end=\"1111\">\nFormuler des objectifs inspirants et structur\u00e9s\n<\/li>\n<li data-start=\"1112\" data-end=\"1159\">\nCr\u00e9er un plan d&rsquo;action r\u00e9aliste et motivant\n<\/li>\n<li data-start=\"1160\" data-end=\"1204\">\nD\u00e9composer vos projets en \u00e9tapes claires\n<\/li>\n<li data-start=\"1205\" data-end=\"1249\">\nMaintenir votre engagement dans la dur\u00e9e\n<\/li>\n<\/ul>\nLa cl\u00e9 ? Une strat\u00e9gie simple, efficace et adapt\u00e9e \u00e0 votre r\u00e9alit\u00e9.\n<h2 data-start=\"1325\" data-end=\"1369\">\ud83d\uddd3 Planifier sa vie &amp; ma\u00eetriser son temps<\/h2>\nG\u00e9rer son temps, c&rsquo;est en r\u00e9alit\u00e9 g\u00e9rer sa vie.\nNous travaillerons sur :\n<ul data-start=\"1446\" data-end=\"1639\">\n<li data-start=\"1446\" data-end=\"1512\">\nL&rsquo;organisation des cat\u00e9gories personnelles et professionnelles\n<\/li>\n<li data-start=\"1513\" data-end=\"1550\">\nLa gestion consciente de l&rsquo;agenda\n<\/li>\n<li data-start=\"1551\" data-end=\"1583\">\nLa priorisation intelligente\n<\/li>\n<li data-start=\"1584\" data-end=\"1639\">\nLa cr\u00e9ation de routines align\u00e9es avec vos ambitions\n<\/li>\n<\/ul>\nFini le sentiment de subir vos journ\u00e9es : vous apprenez \u00e0 les construire.\n<h2 data-start=\"1721\" data-end=\"1770\">\ud83c\udfa8 L&rsquo;atelier cr\u00e9atif : visualisez votre avenir<\/h2>\nPlace \u00e0 l&rsquo;inspiration et \u00e0 la cr\u00e9ativit\u00e9 !\nVous r\u00e9aliserez :\n<ul data-start=\"1835\" data-end=\"1974\">\n<li data-start=\"1835\" data-end=\"1873\">\nVotre <strong data-start=\"1843\" data-end=\"1871\">tableau de visualisation<\/strong>\n<\/li>\n<li data-start=\"1874\" data-end=\"1912\">\nVotre <strong data-start=\"1882\" data-end=\"1910\">plan de vie personnalis\u00e9<\/strong>\n<\/li>\n<li data-start=\"1913\" data-end=\"1974\">\nUne repr\u00e9sentation concr\u00e8te de vos projets et aspirations\n<\/li>\n<\/ul>\nVoir ses r\u00eaves mat\u00e9rialis\u00e9s renforce la motivation et clarifie la direction.\n<h2 data-start=\"2059\" data-end=\"2115\">\ud83c\udf3f Des fondations solides pour une vie extraordinaire<\/h2>\nCette journ\u00e9e ne se limite pas \u00e0 des id\u00e9es.<br data-start=\"2160\" data-end=\"2163\" \/>Elle vous donne des bases solides :\n<ul data-start=\"2200\" data-end=\"2312\">\n<li data-start=\"2200\" data-end=\"2218\">\nClart\u00e9 mentale\n<\/li>\n<li data-start=\"2219\" data-end=\"2240\">\nVision structur\u00e9e\n<\/li>\n<li data-start=\"2241\" data-end=\"2266\">\nPlan d&rsquo;action concret\n<\/li>\n<li data-start=\"2267\" data-end=\"2312\">\nOutils pratiques pour avancer durablement\n<\/li>\n<\/ul>\nVous repartez avec des fondations stables pour construire, \u00e9voluer et r\u00e9ussir.\n<h2 data-start=\"2399\" data-end=\"2444\">\ud83c\udf43 Une exp\u00e9rience compl\u00e8te et nourrissante<\/h2>\nParce que votre \u00e9nergie est pr\u00e9cieuse, cette journ\u00e9e comprend :\n<ul data-start=\"2511\" data-end=\"2719\">\n<li data-start=\"2511\" data-end=\"2553\">\nTout le mat\u00e9riel didactique n\u00e9cessaire\n<\/li>\n<li data-start=\"2554\" data-end=\"2597\">\nLa r\u00e9alisation de votre tableau cr\u00e9atif\n<\/li>\n<li data-start=\"2598\" data-end=\"2632\">\nVotre plan de vie personnalis\u00e9\n<\/li>\n<li data-start=\"2633\" data-end=\"2660\">\nUn repas haute vitalit\u00e9\n<\/li>\n<li data-start=\"2661\" data-end=\"2680\">\nDes encas sains\n<\/li>\n<li data-start=\"2681\" data-end=\"2719\">\nJus frais et smoothies \u00e9nergisants\n<\/li>\n<\/ul>\nUn moment pour nourrir votre esprit&#8230; et votre corps.\n<h2 data-start=\"2780\" data-end=\"2821\">\ud83d\udcab Vous \u00eates le ma\u00eetre de votre destin<\/h2>\nLe changement commence par une d\u00e9cision.<br data-start=\"2863\" data-end=\"2866\" \/>La v\u00f4tre.\nOffrez-vous cette journ\u00e9e pour transformer vos r\u00eaves en projets,<br data-start=\"2941\" data-end=\"2944\" \/>vos projets en actions,<br data-start=\"2967\" data-end=\"2970\" \/>et vos actions en r\u00e9sultats.\n\u2728 Votre vie extraordinaire commence ici.\n<p><strong>\ud83c\udfa8 Atelier Cr\u00e9atif &#8211; Tarif<\/strong><\/p>\n<ul>\n<li><strong>\ud83d\udcb6 110\u202f\u20ac<\/strong>\u00a0par\u00a0<strong>journ\u00e9e<\/strong><\/li>\n<\/ul>\n<p>\ud83d\udcde\u00a0<strong>Contactez\u2011moi<\/strong>\u00a0pour r\u00e9server ou obtenir plus d&rsquo;informations.<\/p>\n<a href=\"tel:0768373452\">Inscription par t\u00e9l\u00e9phone<\/a>\n\n\n","protected":false},"excerpt":{"rendered":"<p>\u2728 Du r\u00eave \u00e0 la r\u00e9alit\u00e9 : devenez l&rsquo;architecte de votre vie &nbsp; Et si cette journ\u00e9e \u00e9tait le point de d\u00e9part d&rsquo;une transformation profonde ?Et si vous d\u00e9cidiez, ici et maintenant, de devenir pleinement le ma\u00eetre de votre destin ? Bienvenue dans une exp\u00e9rience unique de coaching, pens\u00e9e pour vous aider \u00e0 passer du&#8230;<\/p>\n","protected":false},"author":1,"featured_media":0,"parent":0,"menu_order":0,"comment_status":"closed","ping_status":"closed","template":"full-width-page.php","meta":{"footnotes":""},"yoast_head":"<!-- This site is optimized with the Yoast SEO plugin v18.9 - https:\/\/yoast.com\/wordpress\/plugins\/seo\/ -->\n<title>Coaching* : Du R\u00eave \u00e0 la R\u00e9alit\u00e9 - Vitam&#039;Inn : D\u00e9tox &amp; Ressourcement<\/title>\n<meta name=\"robots\" content=\"index, follow, max-snippet:-1, max-image-preview:large, max-video-preview:-1\" \/>\n<link rel=\"canonical\" href=\"http:\/\/annwigmore.fr\/vitaminncures\/coaching-du-reve-a-la-realite\/\" \/>\n<meta property=\"og:locale\" content=\"fr_FR\" \/>\n<meta property=\"og:type\" content=\"article\" \/>\n<meta property=\"og:title\" content=\"Coaching* : Du R\u00eave \u00e0 la R\u00e9alit\u00e9 - Vitam&#039;Inn : D\u00e9tox &amp; Ressourcement\" \/>\n<meta property=\"og:description\" content=\"\u2728 Du r\u00eave \u00e0 la r\u00e9alit\u00e9 : devenez l&rsquo;architecte de votre vie &nbsp; Et si cette journ\u00e9e \u00e9tait le point de d\u00e9part d&rsquo;une transformation profonde ?Et si vous d\u00e9cidiez, ici et maintenant, de devenir pleinement le ma\u00eetre de votre destin ? Bienvenue dans une exp\u00e9rience unique de coaching, pens\u00e9e pour vous aider \u00e0 passer du...\" \/>\n<meta property=\"og:url\" content=\"http:\/\/annwigmore.fr\/vitaminncures\/coaching-du-reve-a-la-realite\/\" \/>\n<meta property=\"og:site_name\" content=\"Vitam&#039;Inn : D\u00e9tox &amp; Ressourcement\" \/>\n<meta property=\"article:modified_time\" content=\"2026-02-22T14:56:10+00:00\" \/>\n<meta name=\"twitter:card\" content=\"summary\" \/>\n<meta name=\"twitter:label1\" content=\"Dur\u00e9e de lecture estim\u00e9e\" \/>\n\t<meta name=\"twitter:data1\" content=\"2 minutes\" \/>\n<script type=\"application\/ld+json\" class=\"yoast-schema-graph\">{\"@context\":\"https:\/\/schema.org\",\"@graph\":[{\"@type\":\"WebSite\",\"@id\":\"http:\/\/annwigmore.fr\/vitaminncures\/#website\",\"url\":\"http:\/\/annwigmore.fr\/vitaminncures\/\",\"name\":\"Vitam&#039;Inn : D\u00e9tox &amp; Ressourcement\",\"description\":\"Cures, Vacances et Formations\",\"potentialAction\":[{\"@type\":\"SearchAction\",\"target\":{\"@type\":\"EntryPoint\",\"urlTemplate\":\"http:\/\/annwigmore.fr\/vitaminncures\/?s={search_term_string}\"},\"query-input\":\"required name=search_term_string\"}],\"inLanguage\":\"fr-FR\"},{\"@type\":\"WebPage\",\"@id\":\"http:\/\/annwigmore.fr\/vitaminncures\/coaching-du-reve-a-la-realite\/#webpage\",\"url\":\"http:\/\/annwigmore.fr\/vitaminncures\/coaching-du-reve-a-la-realite\/\",\"name\":\"Coaching* : Du R\u00eave \u00e0 la R\u00e9alit\u00e9 - Vitam&#039;Inn : D\u00e9tox &amp; Ressourcement\",\"isPartOf\":{\"@id\":\"http:\/\/annwigmore.fr\/vitaminncures\/#website\"},\"datePublished\":\"2024-03-06T16:28:57+00:00\",\"dateModified\":\"2026-02-22T14:56:10+00:00\",\"breadcrumb\":{\"@id\":\"http:\/\/annwigmore.fr\/vitaminncures\/coaching-du-reve-a-la-realite\/#breadcrumb\"},\"inLanguage\":\"fr-FR\",\"potentialAction\":[{\"@type\":\"ReadAction\",\"target\":[\"http:\/\/annwigmore.fr\/vitaminncures\/coaching-du-reve-a-la-realite\/\"]}]},{\"@type\":\"BreadcrumbList\",\"@id\":\"http:\/\/annwigmore.fr\/vitaminncures\/coaching-du-reve-a-la-realite\/#breadcrumb\",\"itemListElement\":[{\"@type\":\"ListItem\",\"position\":1,\"name\":\"Accueil\",\"item\":\"http:\/\/annwigmore.fr\/vitaminncures\/\"},{\"@type\":\"ListItem\",\"position\":2,\"name\":\"Coaching* : Du R\u00eave \u00e0 la R\u00e9alit\u00e9\"}]}]}<\/script>\n<!-- \/ Yoast SEO plugin. -->","yoast_head_json":{"title":"Coaching* : Du R\u00eave \u00e0 la R\u00e9alit\u00e9 - Vitam&#039;Inn : D\u00e9tox &amp; Ressourcement","robots":{"index":"index","follow":"follow","max-snippet":"max-snippet:-1","max-image-preview":"max-image-preview:large","max-video-preview":"max-video-preview:-1"},"canonical":"http:\/\/annwigmore.fr\/vitaminncures\/coaching-du-reve-a-la-realite\/","og_locale":"fr_FR","og_type":"article","og_title":"Coaching* : Du R\u00eave \u00e0 la R\u00e9alit\u00e9 - Vitam&#039;Inn : D\u00e9tox &amp; Ressourcement","og_description":"\u2728 Du r\u00eave \u00e0 la r\u00e9alit\u00e9 : devenez l&rsquo;architecte de votre vie &nbsp; Et si cette journ\u00e9e \u00e9tait le point de d\u00e9part d&rsquo;une transformation profonde ?Et si vous d\u00e9cidiez, ici et maintenant, de devenir pleinement le ma\u00eetre de votre destin ? Bienvenue dans une exp\u00e9rience unique de coaching, pens\u00e9e pour vous aider \u00e0 passer du...","og_url":"http:\/\/annwigmore.fr\/vitaminncures\/coaching-du-reve-a-la-realite\/","og_site_name":"Vitam&#039;Inn : D\u00e9tox &amp; Ressourcement","article_modified_time":"2026-02-22T14:56:10+00:00","twitter_card":"summary","twitter_misc":{"Dur\u00e9e de lecture estim\u00e9e":"2 minutes"},"schema":{"@context":"https:\/\/schema.org","@graph":[{"@type":"WebSite","@id":"http:\/\/annwigmore.fr\/vitaminncures\/#website","url":"http:\/\/annwigmore.fr\/vitaminncures\/","name":"Vitam&#039;Inn : D\u00e9tox &amp; Ressourcement","description":"Cures, Vacances et Formations","potentialAction":[{"@type":"SearchAction","target":{"@type":"EntryPoint","urlTemplate":"http:\/\/annwigmore.fr\/vitaminncures\/?s={search_term_string}"},"query-input":"required name=search_term_string"}],"inLanguage":"fr-FR"},{"@type":"WebPage","@id":"http:\/\/annwigmore.fr\/vitaminncures\/coaching-du-reve-a-la-realite\/#webpage","url":"http:\/\/annwigmore.fr\/vitaminncures\/coaching-du-reve-a-la-realite\/","name":"Coaching* : Du R\u00eave \u00e0 la R\u00e9alit\u00e9 - Vitam&#039;Inn : D\u00e9tox &amp; Ressourcement","isPartOf":{"@id":"http:\/\/annwigmore.fr\/vitaminncures\/#website"},"datePublished":"2024-03-06T16:28:57+00:00","dateModified":"2026-02-22T14:56:10+00:00","breadcrumb":{"@id":"http:\/\/annwigmore.fr\/vitaminncures\/coaching-du-reve-a-la-realite\/#breadcrumb"},"inLanguage":"fr-FR","potentialAction":[{"@type":"ReadAction","target":["http:\/\/annwigmore.fr\/vitaminncures\/coaching-du-reve-a-la-realite\/"]}]},{"@type":"BreadcrumbList","@id":"http:\/\/annwigmore.fr\/vitaminncures\/coaching-du-reve-a-la-realite\/#breadcrumb","itemListElement":[{"@type":"ListItem","position":1,"name":"Accueil","item":"http:\/\/annwigmore.fr\/vitaminncures\/"},{"@type":"ListItem","position":2,"name":"Coaching* : Du R\u00eave \u00e0 la R\u00e9alit\u00e9"}]}]}},"_links":{"self":[{"href":"http:\/\/annwigmore.fr\/vitaminncures\/wp-json\/wp\/v2\/pages\/1825"}],"collection":[{"href":"http:\/\/annwigmore.fr\/vitaminncures\/wp-json\/wp\/v2\/pages"}],"about":[{"href":"http:\/\/annwigmore.fr\/vitaminncures\/wp-json\/wp\/v2\/types\/page"}],"author":[{"embeddable":true,"href":"http:\/\/annwigmore.fr\/vitaminncures\/wp-json\/wp\/v2\/users\/1"}],"replies":[{"embeddable":true,"href":"http:\/\/annwigmore.fr\/vitaminncures\/wp-json\/wp\/v2\/comments?post=1825"}],"version-history":[{"count":17,"href":"http:\/\/annwigmore.fr\/vitaminncures\/wp-json\/wp\/v2\/pages\/1825\/revisions"}],"predecessor-version":[{"id":2298,"href":"http:\/\/annwigmore.fr\/vitaminncures\/wp-json\/wp\/v2\/pages\/1825\/revisions\/2298"}],"wp:attachment":[{"href":"http:\/\/annwigmore.fr\/vitaminncures\/wp-json\/wp\/v2\/media?parent=1825"}],"curies":[{"name":"wp","href":"https:\/\/api.w.org\/{rel}","templated":true}]}}