{"id":26,"date":"2017-01-29T19:39:13","date_gmt":"2017-01-29T18:39:13","guid":{"rendered":"http:\/\/annwigmore.fr\/vitaminn201702\/?page_id=26"},"modified":"2026-04-07T17:50:45","modified_gmt":"2026-04-07T15:50:45","slug":"vacances-detox-france","status":"publish","type":"page","link":"http:\/\/annwigmore.fr\/vitaminncures\/vacances-detox-france\/","title":{"rendered":"Cure D\u00e9tox Dans le Sud de la France"},"content":{"rendered":"\n\n\t<section>\n<header>\n<h1>\ud83c\udf3f Cure D\u00e9tox \u00e0 l&rsquo;Alimentation Vivante \ud83c\udf3f<\/h1>\n<p>\u2728 Une semaine de d\u00e9tente, de l\u00e9g\u00e8ret\u00e9 et de renouveau \u2728<\/p>\n<\/header>\n<article>Vous venez pour vous d\u00e9tendre, vous ressourcer\u202f, vous revitaliser? Pour retrouver sant\u00e9, vitalit\u00e9 et \u00e9nergie.\nPendant ce s\u00e9jour revitalisant, chaque jour est rythm\u00e9 par des <strong data-start=\"318\" data-end=\"340\">ateliers pratiques<\/strong> pour d\u00e9couvrir et ma\u00eetriser les produits \u00e0 haute vitalit\u00e9 :\nMais cette cure va bien au-del\u00e0 de l&rsquo;assiette.\n<\/article>\n\n\n<p>\ud83c\udf3f <strong data-start=\"3\" data-end=\"57\">Au programme <\/strong>\ud83c\udf3f<\/p>\n<ul>\n<li>\ud83e\udd64 Jus verts frais (1\u202fL\/jour)<\/li>\n<li>\ud83c\udf31 Germination : graines germ\u00e9es &amp; jeunes pousses<\/li>\n<li>\ud83e\uddc2 Lactofermentation : choucroute maison &amp; pr\u00e9parations ferment\u00e9es<\/li>\n<li>\ud83e\uddc0 Fabrication de fromages v\u00e9g\u00e9taux<\/li>\n<li>\u2600\ufe0f D\u00e9shydratation selon les principes de l&rsquo;alimentation vivante<\/li>\n<li>\ud83c\udf3e Herbe de bl\u00e9 &amp; jus de l\u00e9gumes verts<\/li>\n<li>\ud83c\udf72 La fameuse Soupe \u00e9nergie<\/li>\n<li>\ud83d\udc69\u200d\ud83c\udf73 Cours de <em>crusine<\/em> cr\u00e9ative et gourmande<\/li>\n<li>\ud83d\udcda Cours th\u00e9oriques &amp; pratiques.<\/li>\n<li>\ud83d\udeb6\u200d\u2640\ufe0f <strong>Randonn\u00e9es revitalisantes<\/strong> en pleine nature<\/li>\n<li>\ud83e\uddd8\u200d\u2642\ufe0f <strong>D\u00e9veloppement personnel<\/strong> &amp; reconnexion \u00e0 soi<\/li>\n<li>\ud83d\udd2c Techniques naturelles de nettoyage &amp; d\u00e9toxification du corps<\/li>\n<li>\ud83e\udd57 Apprendre \u00e0 manger en conscience<\/li>\n<\/ul>\n\n<article><style type=\"text\/css\">\n#foogallery-gallery-2226.fg-simple_portfolio { justify-content: flex-start; --fg-gutter: 5px; }\n#foogallery-gallery-2226.fg-simple_portfolio .fg-item { flex-basis: 250px; }<\/style>\n\t\t\t<div class=\"foogallery foogallery-container foogallery-simple_portfolio foogallery-lightbox-foogallery fg-simple_portfolio fg-ready fg-dark fg-border-medium fg-loading-default fg-loaded-swing-down fg-caption-always fg-hover-slide-down fg-hover-plus3 fg-caption-always\" id=\"foogallery-gallery-2226\" data-foogallery=\"{&quot;item&quot;:{&quot;showCaptionTitle&quot;:true,&quot;showCaptionDescription&quot;:true},&quot;lazy&quot;:true}\" data-foogallery-lightbox=\"{&quot;thumbs&quot;:&quot;bottom&quot;,&quot;thumbsCaptions&quot;:false,&quot;thumbsBestFit&quot;:false,&quot;thumbsSmall&quot;:false,&quot;thumbsCaptionsAlign&quot;:&quot;default&quot;,&quot;info&quot;:&quot;bottom&quot;,&quot;infoVisible&quot;:true,&quot;infoOverlay&quot;:true,&quot;infoAlign&quot;:&quot;default&quot;,&quot;transition&quot;:&quot;fade&quot;,&quot;hoverButtons&quot;:false,&quot;fitMedia&quot;:false,&quot;noScrollbars&quot;:true,&quot;preserveButtonSpace&quot;:true,&quot;buttons&quot;:{&quot;fullscreen&quot;:true,&quot;info&quot;:true,&quot;thumbs&quot;:false},&quot;video&quot;:{&quot;autoPlay&quot;:true}}\" style=\"--fg-title-line-clamp: 2; --fg-description-line-clamp: 2;\" >\n\t<div class=\"fg-item fg-type-image fg-idle\"><figure class=\"fg-item-inner\"><a href=\"http:\/\/annwigmore.fr\/vitaminncures\/wp-content\/uploads\/sites\/7\/2026\/02\/jus-dherbe-de-ble2.jpg\" data-attachment-id=\"2044\" class=\"foogallery-thumb fg-thumb\" data-type=\"image\"><span class=\"fg-image-wrap\"><img fetchpriority=\"high\" decoding=\"async\" class=\"bf-img skip-lazy fg-image\" height=\"200\" width=\"250\" data-src-fg=\"http:\/\/annwigmore.fr\/vitaminncures\/wp-content\/uploads\/sites\/7\/cache\/2026\/02\/jus-dherbe-de-ble2\/2907880951.jpg\" src=\"data:image\/svg+xml,%3Csvg%20xmlns%3D%22http%3A%2F%2Fwww.w3.org%2F2000%2Fsvg%22%20width%3D%22250%22%20height%3D%22200%22%20viewBox%3D%220%200%20250%20200%22%3E%3C%2Fsvg%3E\" loading=\"eager\"><\/span><span class=\"fg-image-overlay\"><\/span><\/a><\/figure><div class=\"fg-loader\"><\/div><\/div><div class=\"fg-item fg-type-image fg-idle\"><figure class=\"fg-item-inner\"><a href=\"http:\/\/annwigmore.fr\/vitaminncures\/wp-content\/uploads\/sites\/7\/2026\/02\/signal-2026-02-16-152706.jpeg\" data-attachment-id=\"2175\" class=\"foogallery-thumb fg-thumb\" data-type=\"image\"><span class=\"fg-image-wrap\"><img decoding=\"async\" class=\"bf-img skip-lazy fg-image\" height=\"200\" width=\"250\" data-src-fg=\"http:\/\/annwigmore.fr\/vitaminncures\/wp-content\/uploads\/sites\/7\/cache\/2026\/02\/signal-2026-02-16-152706\/1686278515.jpeg\" src=\"data:image\/svg+xml,%3Csvg%20xmlns%3D%22http%3A%2F%2Fwww.w3.org%2F2000%2Fsvg%22%20width%3D%22250%22%20height%3D%22200%22%20viewBox%3D%220%200%20250%20200%22%3E%3C%2Fsvg%3E\" loading=\"eager\"><\/span><span class=\"fg-image-overlay\"><\/span><\/a><\/figure><div class=\"fg-loader\"><\/div><\/div><div class=\"fg-item fg-type-image fg-idle\"><figure class=\"fg-item-inner\"><a href=\"http:\/\/annwigmore.fr\/vitaminncures\/wp-content\/uploads\/sites\/7\/2026\/02\/jus-de-legumes-scaled.jpg\" data-attachment-id=\"2041\" class=\"foogallery-thumb fg-thumb\" data-type=\"image\"><span class=\"fg-image-wrap\"><img decoding=\"async\" class=\"bf-img skip-lazy fg-image\" height=\"200\" width=\"250\" data-src-fg=\"http:\/\/annwigmore.fr\/vitaminncures\/wp-content\/uploads\/sites\/7\/cache\/2026\/02\/jus-de-legumes-scaled\/764052484.jpg\" src=\"data:image\/svg+xml,%3Csvg%20xmlns%3D%22http%3A%2F%2Fwww.w3.org%2F2000%2Fsvg%22%20width%3D%22250%22%20height%3D%22200%22%20viewBox%3D%220%200%20250%20200%22%3E%3C%2Fsvg%3E\" loading=\"eager\"><\/span><span class=\"fg-image-overlay\"><\/span><\/a><\/figure><div class=\"fg-loader\"><\/div><\/div><div class=\"fg-item fg-type-image fg-idle\"><figure class=\"fg-item-inner\"><a href=\"http:\/\/annwigmore.fr\/vitaminncures\/wp-content\/uploads\/sites\/7\/2026\/02\/germination2.jpeg\" data-attachment-id=\"2169\" class=\"foogallery-thumb fg-thumb\" data-type=\"image\"><span class=\"fg-image-wrap\"><img decoding=\"async\" class=\"bf-img skip-lazy fg-image\" height=\"200\" width=\"250\" data-src-fg=\"http:\/\/annwigmore.fr\/vitaminncures\/wp-content\/uploads\/sites\/7\/cache\/2026\/02\/germination2\/286735818.jpeg\" src=\"data:image\/svg+xml,%3Csvg%20xmlns%3D%22http%3A%2F%2Fwww.w3.org%2F2000%2Fsvg%22%20width%3D%22250%22%20height%3D%22200%22%20viewBox%3D%220%200%20250%20200%22%3E%3C%2Fsvg%3E\" loading=\"eager\"><\/span><span class=\"fg-image-overlay\"><\/span><\/a><\/figure><div class=\"fg-loader\"><\/div><\/div><div class=\"fg-item fg-type-image fg-idle\"><figure class=\"fg-item-inner\"><a href=\"http:\/\/annwigmore.fr\/vitaminncures\/wp-content\/uploads\/sites\/7\/2026\/02\/soupe-verte.jpeg\" data-attachment-id=\"2174\" class=\"foogallery-thumb fg-thumb\" data-type=\"image\"><span class=\"fg-image-wrap\"><img decoding=\"async\" class=\"bf-img skip-lazy fg-image\" height=\"200\" width=\"250\" data-src-fg=\"http:\/\/annwigmore.fr\/vitaminncures\/wp-content\/uploads\/sites\/7\/cache\/2026\/02\/soupe-verte\/3264085778.jpeg\" src=\"data:image\/svg+xml,%3Csvg%20xmlns%3D%22http%3A%2F%2Fwww.w3.org%2F2000%2Fsvg%22%20width%3D%22250%22%20height%3D%22200%22%20viewBox%3D%220%200%20250%20200%22%3E%3C%2Fsvg%3E\" loading=\"eager\"><\/span><span class=\"fg-image-overlay\"><\/span><\/a><\/figure><div class=\"fg-loader\"><\/div><\/div><div class=\"fg-item fg-type-image fg-idle\"><figure class=\"fg-item-inner\"><a href=\"http:\/\/annwigmore.fr\/vitaminncures\/wp-content\/uploads\/sites\/7\/2026\/02\/burger-vegetal1.jpeg\" data-attachment-id=\"2037\" class=\"foogallery-thumb fg-thumb\" data-type=\"image\"><span class=\"fg-image-wrap\"><img decoding=\"async\" class=\"bf-img skip-lazy fg-image\" height=\"200\" width=\"250\" data-src-fg=\"http:\/\/annwigmore.fr\/vitaminncures\/wp-content\/uploads\/sites\/7\/cache\/2026\/02\/burger-vegetal1\/264258363.jpeg\" src=\"data:image\/svg+xml,%3Csvg%20xmlns%3D%22http%3A%2F%2Fwww.w3.org%2F2000%2Fsvg%22%20width%3D%22250%22%20height%3D%22200%22%20viewBox%3D%220%200%20250%20200%22%3E%3C%2Fsvg%3E\" loading=\"eager\"><\/span><span class=\"fg-image-overlay\"><\/span><\/a><\/figure><div class=\"fg-loader\"><\/div><\/div><\/div><\/article>\n<article>\ud83c\udf38<br \/>\n\ud83c\udf7d\ufe0f Pendant toute une semaine, laissez-vous dorloter, &#8230; Vous profiterez de soins relaxants. Vous pourrez participer \u00e0 la conception et \u00e0 la r\u00e9alisation de la cure et des repas. Une semaine de d\u00e9tox, de l\u00e9g\u00e8ret\u00e9 pour votre corps, votre \u00e2me et votre esprit qui vous permettra de retrouver la ligne, la s\u00e9r\u00e9nit\u00e9 et la qui\u00e9tude &#8230;<\/article>\n<article>\n<article>\n<article dir=\"auto\" data-turn-id=\"772a84f5-1287-420f-acd2-04a67e6f0c14\" data-testid=\"conversation-turn-2\" data-scroll-anchor=\"true\" data-turn=\"assistant\">\n\ud83c\udf3f <strong data-start=\"3\" data-end=\"57\">Cure D\u00e9tox &#8211; Dynamisez votre sant\u00e9 naturellement !<\/strong> \ud83c\udf3f\nOffrez \u00e0 votre corps et \u00e0 votre esprit une v\u00e9ritable renaissance gr\u00e2ce \u00e0 notre s\u00e9jour <strong data-start=\"150\" data-end=\"164\">Cure D\u00e9tox<\/strong>, une immersion compl\u00e8te dans l&rsquo;univers de l&rsquo;alimentation vivante et du bien-\u00eatre global.\nCe s\u00e9jour est une invitation \u00e0 ralentir, \u00e0 vous r\u00e9g\u00e9n\u00e9rer et \u00e0 retrouver une \u00e9nergie durable. Repartez avec des outils concrets, des recettes inspirantes et une nouvelle dynamique pour votre sant\u00e9 au quotidien.\n\u2728 Un temps pour vous. Un nouvel \u00e9lan pour votre vitalit\u00e9. \u2728\n<section>\n<h2>Infos pratiques<\/h2>\n<ul>\n<li><strong>Tarif :<\/strong> 1\u202f430\u202fEUR \/ personne<\/li>\n<li><strong>Dur\u00e9e :<\/strong> 5\u202fjours<\/li>\n<li><strong>Jour suppl\u00e9mentaire (post\u2011cure) :<\/strong> 180\u202fEUR<\/li>\n<li><strong>Places limit\u00e9es :<\/strong> 12 participants \/ session<\/li>\n<li><strong>R\u00e9servation :<\/strong> obligatoire<\/li>\n<\/ul>\n<\/section>\n<section>\n<h2>Programme 2026 (2\u1d49 dimanche du mois)<\/h2>\n<table id=\"schedule\">\n<thead>\n<tr>\n<th>Mois<\/th>\n<th>Dates (inclusives)<\/th>\n<\/tr>\n<\/thead>\n<tbody>\n<tr data-month=\"mai\">\n<td>Mai<\/td>\n<td>10\u202f-\u202f14\u202fmai<\/td>\n<\/tr>\n<tr data-month=\"juin\">\n<td>Juin<\/td>\n<td>14\u202f-\u202f18\u202fjuin<\/td>\n<\/tr>\n<tr data-month=\"juillet\">\n<td>Juillet<\/td>\n<td>12\u202f-\u202f16\u202fjuillet<\/td>\n<\/tr>\n<tr data-month=\"ao\u00fbt\">\n<td>Ao\u00fbt<\/td>\n<td>9\u202f-\u202f13\u202fao\u00fbt<\/td>\n<\/tr>\n<tr data-month=\"septembre\">\n<td>Septembre<\/td>\n<td>13\u202f-\u202f17\u202fseptembre<\/td>\n<\/tr>\n<tr data-month=\"octobre\">\n<td>Octobre<\/td>\n<td>11\u202f-\u202f15\u202foctobre<\/td>\n<\/tr>\n<\/tbody>\n<\/table>\n<p>&nbsp;<\/p>\n<h2><strong>\ud83c\udfe1 Les logements \u00e0 proximit\u00e9 de la maison<\/strong><\/h2>\n<p><img decoding=\"async\" src=\"http:\/\/annwigmore.fr\/vitaminncures\/wp-content\/uploads\/sites\/7\/2026\/02\/Logements-cure-detox-2026.jpg\" \/><\/p>\n<p><a href=\"tel:0768373452\">\ud83d\uddd3\ufe0f R\u00e9servez votre s\u00e9jour<\/a><\/p>\n<\/section>\n<\/article>\n<\/article>\n<section>\n<section>\n<footer>\n<a href=\"http:\/\/annwigmore.fr\/vitaminncures\/wp-content\/uploads\/sites\/7\/2026\/02\/Programme-2026.pdf\">\ud83d\udc49<\/a><a href=\"https:\/\/annwigmore.fr\/vitaminncures\/wp-content\/uploads\/sites\/7\/2026\/02\/Programme-2026.pdf\">\u00a0T\u00e9l\u00e9charger le programme 2026 complet<\/a>\n<style type=\"text\/css\">\n#foogallery-gallery-1993.fg-simple_portfolio { justify-content: center; --fg-gutter: 5px; }\n#foogallery-gallery-1993.fg-simple_portfolio .fg-item { flex-basis: 250px; }<\/style>\n\t\t\t<div class=\"foogallery foogallery-container foogallery-simple_portfolio foogallery-lightbox-foogallery fg-simple_portfolio fg-ready fg-dark fg-border-medium fg-loading-default fg-loaded-swing-down fg-caption-always fg-hover-slide-down fg-hover-plus3 fg-caption-always\" id=\"foogallery-gallery-1993\" data-foogallery=\"{&quot;item&quot;:{&quot;showCaptionTitle&quot;:true,&quot;showCaptionDescription&quot;:true},&quot;lazy&quot;:true}\" data-foogallery-lightbox=\"{&quot;thumbs&quot;:&quot;bottom&quot;,&quot;thumbsCaptions&quot;:false,&quot;thumbsBestFit&quot;:false,&quot;thumbsSmall&quot;:false,&quot;thumbsCaptionsAlign&quot;:&quot;default&quot;,&quot;info&quot;:&quot;bottom&quot;,&quot;infoVisible&quot;:true,&quot;infoOverlay&quot;:true,&quot;infoAlign&quot;:&quot;default&quot;,&quot;transition&quot;:&quot;fade&quot;,&quot;hoverButtons&quot;:false,&quot;fitMedia&quot;:false,&quot;noScrollbars&quot;:true,&quot;preserveButtonSpace&quot;:true,&quot;buttons&quot;:{&quot;fullscreen&quot;:true,&quot;info&quot;:true,&quot;thumbs&quot;:false},&quot;video&quot;:{&quot;autoPlay&quot;:true}}\" style=\"--fg-title-line-clamp: 2; --fg-description-line-clamp: 2;\" >\n\t<div class=\"fg-item fg-type-image fg-idle\"><figure class=\"fg-item-inner\"><a href=\"http:\/\/annwigmore.fr\/vitaminncures\/wp-content\/uploads\/sites\/7\/2026\/02\/Programme-2026.jpg\" data-caption-title=\"Programme s\u00e9jour d\u00e9tox 2026\" data-attachment-id=\"1996\" class=\"foogallery-thumb fg-thumb\" data-type=\"image\"><span class=\"fg-image-wrap\"><img decoding=\"async\" title=\"Programme s\u00e9jour d\u00e9tox 2026\" class=\"bf-img skip-lazy fg-image\" height=\"200\" width=\"250\" data-src-fg=\"http:\/\/annwigmore.fr\/vitaminncures\/wp-content\/uploads\/sites\/7\/cache\/2026\/02\/Programme-2026\/2117957694.jpg\" src=\"data:image\/svg+xml,%3Csvg%20xmlns%3D%22http%3A%2F%2Fwww.w3.org%2F2000%2Fsvg%22%20width%3D%22250%22%20height%3D%22200%22%20viewBox%3D%220%200%20250%20200%22%3E%3C%2Fsvg%3E\" loading=\"eager\"><\/span><span class=\"fg-image-overlay\"><\/span><\/a><figcaption class=\"fg-caption\"><div class=\"fg-caption-inner\"><div class=\"fg-caption-title\">Programme s\u00e9jour d\u00e9tox 2026<\/div><\/div><\/figcaption><\/figure><div class=\"fg-loader\"><\/div><\/div><\/div>\n<\/footer>\n<\/section>\n<\/section>\n<\/article>\n<\/section>\n\n<article>\n<article dir=\"auto\" data-turn-id=\"3a4d5055-790a-4cd2-9ea1-cf9a9ca08ce0\" data-testid=\"conversation-turn-1\" data-scroll-anchor=\"false\" data-turn=\"user\">\n<\/article>\n<\/article>\n\n","protected":false},"excerpt":{"rendered":"<p>\ud83c\udf3f Cure D\u00e9tox \u00e0 l&rsquo;Alimentation Vivante \ud83c\udf3f \u2728 Une semaine de d\u00e9tente, de l\u00e9g\u00e8ret\u00e9 et de renouveau \u2728 Vous venez pour vous d\u00e9tendre, vous ressourcer\u202f, vous revitaliser? Pour retrouver sant\u00e9, vitalit\u00e9 et \u00e9nergie. Pendant ce s\u00e9jour revitalisant, chaque jour est rythm\u00e9 par des ateliers pratiques pour d\u00e9couvrir et ma\u00eetriser les produits \u00e0 haute vitalit\u00e9 :&#8230;<\/p>\n","protected":false},"author":1,"featured_media":0,"parent":0,"menu_order":0,"comment_status":"closed","ping_status":"closed","template":"full-width-page.php","meta":{"footnotes":""},"yoast_head":"<!-- This site is optimized with the Yoast SEO plugin v18.9 - https:\/\/yoast.com\/wordpress\/plugins\/seo\/ -->\n<title>Cure D\u00e9tox Dans le Sud de la France - Vitam&#039;Inn : D\u00e9tox &amp; Ressourcement<\/title>\n<meta name=\"robots\" content=\"index, follow, max-snippet:-1, max-image-preview:large, max-video-preview:-1\" \/>\n<link rel=\"canonical\" href=\"http:\/\/annwigmore.fr\/vitaminncures\/vacances-detox-france\/\" \/>\n<meta property=\"og:locale\" content=\"fr_FR\" \/>\n<meta property=\"og:type\" content=\"article\" \/>\n<meta property=\"og:title\" content=\"Cure D\u00e9tox Dans le Sud de la France - Vitam&#039;Inn : D\u00e9tox &amp; Ressourcement\" \/>\n<meta property=\"og:description\" content=\"\ud83c\udf3f Cure D\u00e9tox \u00e0 l&rsquo;Alimentation Vivante \ud83c\udf3f \u2728 Une semaine de d\u00e9tente, de l\u00e9g\u00e8ret\u00e9 et de renouveau \u2728 Vous venez pour vous d\u00e9tendre, vous ressourcer\u202f, vous revitaliser? Pour retrouver sant\u00e9, vitalit\u00e9 et \u00e9nergie. Pendant ce s\u00e9jour revitalisant, chaque jour est rythm\u00e9 par des ateliers pratiques pour d\u00e9couvrir et ma\u00eetriser les produits \u00e0 haute vitalit\u00e9 :...\" \/>\n<meta property=\"og:url\" content=\"http:\/\/annwigmore.fr\/vitaminncures\/vacances-detox-france\/\" \/>\n<meta property=\"og:site_name\" content=\"Vitam&#039;Inn : D\u00e9tox &amp; Ressourcement\" \/>\n<meta property=\"article:modified_time\" content=\"2026-04-07T15:50:45+00:00\" \/>\n<meta property=\"og:image\" content=\"http:\/\/annwigmore.fr\/vitaminncures\/wp-content\/uploads\/sites\/7\/2026\/02\/Logements-cure-detox-2026.jpg\" \/>\n<meta name=\"twitter:card\" content=\"summary\" \/>\n<meta name=\"twitter:label1\" content=\"Dur\u00e9e de lecture estim\u00e9e\" \/>\n\t<meta name=\"twitter:data1\" content=\"2 minutes\" \/>\n<script type=\"application\/ld+json\" class=\"yoast-schema-graph\">{\"@context\":\"https:\/\/schema.org\",\"@graph\":[{\"@type\":\"WebSite\",\"@id\":\"http:\/\/annwigmore.fr\/vitaminncures\/#website\",\"url\":\"http:\/\/annwigmore.fr\/vitaminncures\/\",\"name\":\"Vitam&#039;Inn : D\u00e9tox &amp; Ressourcement\",\"description\":\"Cures, Vacances et Formations\",\"potentialAction\":[{\"@type\":\"SearchAction\",\"target\":{\"@type\":\"EntryPoint\",\"urlTemplate\":\"http:\/\/annwigmore.fr\/vitaminncures\/?s={search_term_string}\"},\"query-input\":\"required name=search_term_string\"}],\"inLanguage\":\"fr-FR\"},{\"@type\":\"ImageObject\",\"inLanguage\":\"fr-FR\",\"@id\":\"http:\/\/annwigmore.fr\/vitaminncures\/vacances-detox-france\/#primaryimage\",\"url\":\"http:\/\/annwigmore.fr\/vitaminncures\/wp-content\/uploads\/sites\/7\/2026\/02\/Logements-cure-detox-2026.jpg\",\"contentUrl\":\"http:\/\/annwigmore.fr\/vitaminncures\/wp-content\/uploads\/sites\/7\/2026\/02\/Logements-cure-detox-2026.jpg\",\"width\":1240,\"height\":1755,\"caption\":\"logements-cure-d\u00e9tox\"},{\"@type\":\"WebPage\",\"@id\":\"http:\/\/annwigmore.fr\/vitaminncures\/vacances-detox-france\/#webpage\",\"url\":\"http:\/\/annwigmore.fr\/vitaminncures\/vacances-detox-france\/\",\"name\":\"Cure D\u00e9tox Dans le Sud de la France - Vitam&#039;Inn : D\u00e9tox &amp; Ressourcement\",\"isPartOf\":{\"@id\":\"http:\/\/annwigmore.fr\/vitaminncures\/#website\"},\"primaryImageOfPage\":{\"@id\":\"http:\/\/annwigmore.fr\/vitaminncures\/vacances-detox-france\/#primaryimage\"},\"datePublished\":\"2017-01-29T18:39:13+00:00\",\"dateModified\":\"2026-04-07T15:50:45+00:00\",\"breadcrumb\":{\"@id\":\"http:\/\/annwigmore.fr\/vitaminncures\/vacances-detox-france\/#breadcrumb\"},\"inLanguage\":\"fr-FR\",\"potentialAction\":[{\"@type\":\"ReadAction\",\"target\":[\"http:\/\/annwigmore.fr\/vitaminncures\/vacances-detox-france\/\"]}]},{\"@type\":\"BreadcrumbList\",\"@id\":\"http:\/\/annwigmore.fr\/vitaminncures\/vacances-detox-france\/#breadcrumb\",\"itemListElement\":[{\"@type\":\"ListItem\",\"position\":1,\"name\":\"Accueil\",\"item\":\"http:\/\/annwigmore.fr\/vitaminncures\/\"},{\"@type\":\"ListItem\",\"position\":2,\"name\":\"Cure D\u00e9tox Dans le Sud de la France\"}]}]}<\/script>\n<!-- \/ Yoast SEO plugin. -->","yoast_head_json":{"title":"Cure D\u00e9tox Dans le Sud de la France - Vitam&#039;Inn : D\u00e9tox &amp; Ressourcement","robots":{"index":"index","follow":"follow","max-snippet":"max-snippet:-1","max-image-preview":"max-image-preview:large","max-video-preview":"max-video-preview:-1"},"canonical":"http:\/\/annwigmore.fr\/vitaminncures\/vacances-detox-france\/","og_locale":"fr_FR","og_type":"article","og_title":"Cure D\u00e9tox Dans le Sud de la France - Vitam&#039;Inn : D\u00e9tox &amp; Ressourcement","og_description":"\ud83c\udf3f Cure D\u00e9tox \u00e0 l&rsquo;Alimentation Vivante \ud83c\udf3f \u2728 Une semaine de d\u00e9tente, de l\u00e9g\u00e8ret\u00e9 et de renouveau \u2728 Vous venez pour vous d\u00e9tendre, vous ressourcer\u202f, vous revitaliser? Pour retrouver sant\u00e9, vitalit\u00e9 et \u00e9nergie. Pendant ce s\u00e9jour revitalisant, chaque jour est rythm\u00e9 par des ateliers pratiques pour d\u00e9couvrir et ma\u00eetriser les produits \u00e0 haute vitalit\u00e9 :...","og_url":"http:\/\/annwigmore.fr\/vitaminncures\/vacances-detox-france\/","og_site_name":"Vitam&#039;Inn : D\u00e9tox &amp; Ressourcement","article_modified_time":"2026-04-07T15:50:45+00:00","og_image":[{"url":"http:\/\/annwigmore.fr\/vitaminncures\/wp-content\/uploads\/sites\/7\/2026\/02\/Logements-cure-detox-2026.jpg"}],"twitter_card":"summary","twitter_misc":{"Dur\u00e9e de lecture estim\u00e9e":"2 minutes"},"schema":{"@context":"https:\/\/schema.org","@graph":[{"@type":"WebSite","@id":"http:\/\/annwigmore.fr\/vitaminncures\/#website","url":"http:\/\/annwigmore.fr\/vitaminncures\/","name":"Vitam&#039;Inn : D\u00e9tox &amp; Ressourcement","description":"Cures, Vacances et Formations","potentialAction":[{"@type":"SearchAction","target":{"@type":"EntryPoint","urlTemplate":"http:\/\/annwigmore.fr\/vitaminncures\/?s={search_term_string}"},"query-input":"required name=search_term_string"}],"inLanguage":"fr-FR"},{"@type":"ImageObject","inLanguage":"fr-FR","@id":"http:\/\/annwigmore.fr\/vitaminncures\/vacances-detox-france\/#primaryimage","url":"http:\/\/annwigmore.fr\/vitaminncures\/wp-content\/uploads\/sites\/7\/2026\/02\/Logements-cure-detox-2026.jpg","contentUrl":"http:\/\/annwigmore.fr\/vitaminncures\/wp-content\/uploads\/sites\/7\/2026\/02\/Logements-cure-detox-2026.jpg","width":1240,"height":1755,"caption":"logements-cure-d\u00e9tox"},{"@type":"WebPage","@id":"http:\/\/annwigmore.fr\/vitaminncures\/vacances-detox-france\/#webpage","url":"http:\/\/annwigmore.fr\/vitaminncures\/vacances-detox-france\/","name":"Cure D\u00e9tox Dans le Sud de la France - Vitam&#039;Inn : D\u00e9tox &amp; Ressourcement","isPartOf":{"@id":"http:\/\/annwigmore.fr\/vitaminncures\/#website"},"primaryImageOfPage":{"@id":"http:\/\/annwigmore.fr\/vitaminncures\/vacances-detox-france\/#primaryimage"},"datePublished":"2017-01-29T18:39:13+00:00","dateModified":"2026-04-07T15:50:45+00:00","breadcrumb":{"@id":"http:\/\/annwigmore.fr\/vitaminncures\/vacances-detox-france\/#breadcrumb"},"inLanguage":"fr-FR","potentialAction":[{"@type":"ReadAction","target":["http:\/\/annwigmore.fr\/vitaminncures\/vacances-detox-france\/"]}]},{"@type":"BreadcrumbList","@id":"http:\/\/annwigmore.fr\/vitaminncures\/vacances-detox-france\/#breadcrumb","itemListElement":[{"@type":"ListItem","position":1,"name":"Accueil","item":"http:\/\/annwigmore.fr\/vitaminncures\/"},{"@type":"ListItem","position":2,"name":"Cure D\u00e9tox Dans le Sud de la France"}]}]}},"_links":{"self":[{"href":"http:\/\/annwigmore.fr\/vitaminncures\/wp-json\/wp\/v2\/pages\/26"}],"collection":[{"href":"http:\/\/annwigmore.fr\/vitaminncures\/wp-json\/wp\/v2\/pages"}],"about":[{"href":"http:\/\/annwigmore.fr\/vitaminncures\/wp-json\/wp\/v2\/types\/page"}],"author":[{"embeddable":true,"href":"http:\/\/annwigmore.fr\/vitaminncures\/wp-json\/wp\/v2\/users\/1"}],"replies":[{"embeddable":true,"href":"http:\/\/annwigmore.fr\/vitaminncures\/wp-json\/wp\/v2\/comments?post=26"}],"version-history":[{"count":78,"href":"http:\/\/annwigmore.fr\/vitaminncures\/wp-json\/wp\/v2\/pages\/26\/revisions"}],"predecessor-version":[{"id":2405,"href":"http:\/\/annwigmore.fr\/vitaminncures\/wp-json\/wp\/v2\/pages\/26\/revisions\/2405"}],"wp:attachment":[{"href":"http:\/\/annwigmore.fr\/vitaminncures\/wp-json\/wp\/v2\/media?parent=26"}],"curies":[{"name":"wp","href":"https:\/\/api.w.org\/{rel}","templated":true}]}}