{"id":381,"date":"2017-02-01T21:52:09","date_gmt":"2017-02-01T20:52:09","guid":{"rendered":"http:\/\/annwigmore.fr\/vitaminn201702\/?page_id=381"},"modified":"2017-12-26T22:46:05","modified_gmt":"2017-12-26T21:46:05","slug":"stagesjeuneetrandobelgique","status":"publish","type":"page","link":"http:\/\/annwigmore.fr\/vitaminncures\/stagesjeuneetrandobelgique\/","title":{"rendered":"Stages de Je\u00fbne et Randonn\u00e9e en Belgique"},"content":{"rendered":"<p>\t\t\t\t<img decoding=\"async\" src=\"http:\/\/annwigmore.fr\/vitaminncures\/wp-content\/uploads\/sites\/4\/2017\/01\/AWI-BELGIUM-2014-7-Loisirs-3.jpg\" alt=\"AWI-BELGIUM-2014-7-Loisirs (3)\" itemprop=\"image\"  \/><\/p>\n<p style=\"text-align: justify;\">En Belgique Patricia vous accueille, chez elle, dans un lieu rempli d\u2019espaces et de lumi\u00e8re (dans le site class\u00e9 du Canal de l\u2019Espierre dans le Tournaisis) pour :<\/p>\n<h3><\/h3>\n<h3>Trois stages de Je\u00fbnes et Randonn\u00e9es<\/h3>\n<p style=\"text-align: justify;\">Nous proposons 2 types de je\u00fbne : le je\u00fbne hydrique et la mono-di\u00e8te aux jus verts. Une cure au jus vert va apporter \u00e0 l&rsquo;organisme vitamines, min\u00e9raux, enzymes, oligo-\u00e9l\u00e9ments tout ce dont notre corps \u00e0 d\u00e9sesp\u00e9r\u00e9ment besoin \u00e0 notre \u00e9poque.<\/p>\n<p style=\"text-align: justify;\">Je\u00fbne hydrique ou Je\u00fbne aux jus verts du dimanche au samedi<br \/>\nMax 12 personnes par semaine<br \/>\nHiver 2018 : du 7\u00a0 au 27 janvier 2018<\/p>\n<p style=\"text-align: justify;\">\n<p style=\"text-align: center;\"><a href=\"http:\/\/annwigmore.fr\/vitaminncures\/formulaires-dinscription\/post-323\/\">Formulaire d&rsquo;inscription<\/a><\/p>\n","protected":false},"excerpt":{"rendered":"<p>En Belgique Patricia vous accueille, chez elle, dans un lieu rempli d\u2019espaces et de lumi\u00e8re (dans le site class\u00e9 du Canal de l\u2019Espierre dans le Tournaisis) pour : Trois stages de Je\u00fbnes et Randonn\u00e9es Nous proposons 2 types de je\u00fbne : le je\u00fbne hydrique et la mono-di\u00e8te aux jus verts. Une cure au jus vert&#8230;<\/p>\n","protected":false},"author":1,"featured_media":0,"parent":0,"menu_order":0,"comment_status":"closed","ping_status":"closed","template":"full-width-page.php","meta":{"footnotes":""},"yoast_head":"<!-- This site is optimized with the Yoast SEO plugin v18.9 - https:\/\/yoast.com\/wordpress\/plugins\/seo\/ -->\n<title>Stages de Je\u00fbne et Randonn\u00e9e en Belgique - Vitam&#039;Inn : D\u00e9tox &amp; Ressourcement<\/title>\n<meta name=\"robots\" content=\"index, follow, max-snippet:-1, max-image-preview:large, max-video-preview:-1\" \/>\n<link rel=\"canonical\" href=\"http:\/\/annwigmore.fr\/vitaminncures\/stagesjeuneetrandobelgique\/\" \/>\n<meta property=\"og:locale\" content=\"fr_FR\" \/>\n<meta property=\"og:type\" content=\"article\" \/>\n<meta property=\"og:title\" content=\"Stages de Je\u00fbne et Randonn\u00e9e en Belgique - Vitam&#039;Inn : D\u00e9tox &amp; Ressourcement\" \/>\n<meta property=\"og:description\" content=\"En Belgique Patricia vous accueille, chez elle, dans un lieu rempli d\u2019espaces et de lumi\u00e8re (dans le site class\u00e9 du Canal de l\u2019Espierre dans le Tournaisis) pour : Trois stages de Je\u00fbnes et Randonn\u00e9es Nous proposons 2 types de je\u00fbne : le je\u00fbne hydrique et la mono-di\u00e8te aux jus verts. Une cure au jus vert...\" \/>\n<meta property=\"og:url\" content=\"http:\/\/annwigmore.fr\/vitaminncures\/stagesjeuneetrandobelgique\/\" \/>\n<meta property=\"og:site_name\" content=\"Vitam&#039;Inn : D\u00e9tox &amp; Ressourcement\" \/>\n<meta property=\"article:modified_time\" content=\"2017-12-26T21:46:05+00:00\" \/>\n<meta property=\"og:image\" content=\"http:\/\/annwigmore.fr\/vitaminncures\/wp-content\/uploads\/sites\/4\/2017\/01\/AWI-BELGIUM-2014-7-Loisirs-3.jpg\" \/>\n<meta name=\"twitter:card\" content=\"summary\" \/>\n<meta name=\"twitter:label1\" content=\"Dur\u00e9e de lecture estim\u00e9e\" \/>\n\t<meta name=\"twitter:data1\" content=\"1 minute\" \/>\n<script type=\"application\/ld+json\" class=\"yoast-schema-graph\">{\"@context\":\"https:\/\/schema.org\",\"@graph\":[{\"@type\":\"WebSite\",\"@id\":\"http:\/\/annwigmore.fr\/vitaminncures\/#website\",\"url\":\"http:\/\/annwigmore.fr\/vitaminncures\/\",\"name\":\"Vitam&#039;Inn : D\u00e9tox &amp; Ressourcement\",\"description\":\"Cures, Vacances et Formations\",\"potentialAction\":[{\"@type\":\"SearchAction\",\"target\":{\"@type\":\"EntryPoint\",\"urlTemplate\":\"http:\/\/annwigmore.fr\/vitaminncures\/?s={search_term_string}\"},\"query-input\":\"required name=search_term_string\"}],\"inLanguage\":\"fr-FR\"},{\"@type\":\"ImageObject\",\"inLanguage\":\"fr-FR\",\"@id\":\"http:\/\/annwigmore.fr\/vitaminncures\/stagesjeuneetrandobelgique\/#primaryimage\",\"url\":\"http:\/\/annwigmore.fr\/vitaminncures\/wp-content\/uploads\/sites\/4\/2017\/01\/AWI-BELGIUM-2014-7-Loisirs-3.jpg\",\"contentUrl\":\"http:\/\/annwigmore.fr\/vitaminncures\/wp-content\/uploads\/sites\/4\/2017\/01\/AWI-BELGIUM-2014-7-Loisirs-3.jpg\"},{\"@type\":\"WebPage\",\"@id\":\"http:\/\/annwigmore.fr\/vitaminncures\/stagesjeuneetrandobelgique\/#webpage\",\"url\":\"http:\/\/annwigmore.fr\/vitaminncures\/stagesjeuneetrandobelgique\/\",\"name\":\"Stages de Je\u00fbne et Randonn\u00e9e en Belgique - Vitam&#039;Inn : D\u00e9tox &amp; Ressourcement\",\"isPartOf\":{\"@id\":\"http:\/\/annwigmore.fr\/vitaminncures\/#website\"},\"primaryImageOfPage\":{\"@id\":\"http:\/\/annwigmore.fr\/vitaminncures\/stagesjeuneetrandobelgique\/#primaryimage\"},\"datePublished\":\"2017-02-01T20:52:09+00:00\",\"dateModified\":\"2017-12-26T21:46:05+00:00\",\"breadcrumb\":{\"@id\":\"http:\/\/annwigmore.fr\/vitaminncures\/stagesjeuneetrandobelgique\/#breadcrumb\"},\"inLanguage\":\"fr-FR\",\"potentialAction\":[{\"@type\":\"ReadAction\",\"target\":[\"http:\/\/annwigmore.fr\/vitaminncures\/stagesjeuneetrandobelgique\/\"]}]},{\"@type\":\"BreadcrumbList\",\"@id\":\"http:\/\/annwigmore.fr\/vitaminncures\/stagesjeuneetrandobelgique\/#breadcrumb\",\"itemListElement\":[{\"@type\":\"ListItem\",\"position\":1,\"name\":\"Accueil\",\"item\":\"http:\/\/annwigmore.fr\/vitaminncures\/\"},{\"@type\":\"ListItem\",\"position\":2,\"name\":\"Stages de Je\u00fbne et Randonn\u00e9e en Belgique\"}]}]}<\/script>\n<!-- \/ Yoast SEO plugin. -->","yoast_head_json":{"title":"Stages de Je\u00fbne et Randonn\u00e9e en Belgique - Vitam&#039;Inn : D\u00e9tox &amp; Ressourcement","robots":{"index":"index","follow":"follow","max-snippet":"max-snippet:-1","max-image-preview":"max-image-preview:large","max-video-preview":"max-video-preview:-1"},"canonical":"http:\/\/annwigmore.fr\/vitaminncures\/stagesjeuneetrandobelgique\/","og_locale":"fr_FR","og_type":"article","og_title":"Stages de Je\u00fbne et Randonn\u00e9e en Belgique - Vitam&#039;Inn : D\u00e9tox &amp; Ressourcement","og_description":"En Belgique Patricia vous accueille, chez elle, dans un lieu rempli d\u2019espaces et de lumi\u00e8re (dans le site class\u00e9 du Canal de l\u2019Espierre dans le Tournaisis) pour : Trois stages de Je\u00fbnes et Randonn\u00e9es Nous proposons 2 types de je\u00fbne : le je\u00fbne hydrique et la mono-di\u00e8te aux jus verts. Une cure au jus vert...","og_url":"http:\/\/annwigmore.fr\/vitaminncures\/stagesjeuneetrandobelgique\/","og_site_name":"Vitam&#039;Inn : D\u00e9tox &amp; Ressourcement","article_modified_time":"2017-12-26T21:46:05+00:00","og_image":[{"url":"http:\/\/annwigmore.fr\/vitaminncures\/wp-content\/uploads\/sites\/4\/2017\/01\/AWI-BELGIUM-2014-7-Loisirs-3.jpg"}],"twitter_card":"summary","twitter_misc":{"Dur\u00e9e de lecture estim\u00e9e":"1 minute"},"schema":{"@context":"https:\/\/schema.org","@graph":[{"@type":"WebSite","@id":"http:\/\/annwigmore.fr\/vitaminncures\/#website","url":"http:\/\/annwigmore.fr\/vitaminncures\/","name":"Vitam&#039;Inn : D\u00e9tox &amp; Ressourcement","description":"Cures, Vacances et Formations","potentialAction":[{"@type":"SearchAction","target":{"@type":"EntryPoint","urlTemplate":"http:\/\/annwigmore.fr\/vitaminncures\/?s={search_term_string}"},"query-input":"required name=search_term_string"}],"inLanguage":"fr-FR"},{"@type":"ImageObject","inLanguage":"fr-FR","@id":"http:\/\/annwigmore.fr\/vitaminncures\/stagesjeuneetrandobelgique\/#primaryimage","url":"http:\/\/annwigmore.fr\/vitaminncures\/wp-content\/uploads\/sites\/4\/2017\/01\/AWI-BELGIUM-2014-7-Loisirs-3.jpg","contentUrl":"http:\/\/annwigmore.fr\/vitaminncures\/wp-content\/uploads\/sites\/4\/2017\/01\/AWI-BELGIUM-2014-7-Loisirs-3.jpg"},{"@type":"WebPage","@id":"http:\/\/annwigmore.fr\/vitaminncures\/stagesjeuneetrandobelgique\/#webpage","url":"http:\/\/annwigmore.fr\/vitaminncures\/stagesjeuneetrandobelgique\/","name":"Stages de Je\u00fbne et Randonn\u00e9e en Belgique - Vitam&#039;Inn : D\u00e9tox &amp; Ressourcement","isPartOf":{"@id":"http:\/\/annwigmore.fr\/vitaminncures\/#website"},"primaryImageOfPage":{"@id":"http:\/\/annwigmore.fr\/vitaminncures\/stagesjeuneetrandobelgique\/#primaryimage"},"datePublished":"2017-02-01T20:52:09+00:00","dateModified":"2017-12-26T21:46:05+00:00","breadcrumb":{"@id":"http:\/\/annwigmore.fr\/vitaminncures\/stagesjeuneetrandobelgique\/#breadcrumb"},"inLanguage":"fr-FR","potentialAction":[{"@type":"ReadAction","target":["http:\/\/annwigmore.fr\/vitaminncures\/stagesjeuneetrandobelgique\/"]}]},{"@type":"BreadcrumbList","@id":"http:\/\/annwigmore.fr\/vitaminncures\/stagesjeuneetrandobelgique\/#breadcrumb","itemListElement":[{"@type":"ListItem","position":1,"name":"Accueil","item":"http:\/\/annwigmore.fr\/vitaminncures\/"},{"@type":"ListItem","position":2,"name":"Stages de Je\u00fbne et Randonn\u00e9e en Belgique"}]}]}},"_links":{"self":[{"href":"http:\/\/annwigmore.fr\/vitaminncures\/wp-json\/wp\/v2\/pages\/381"}],"collection":[{"href":"http:\/\/annwigmore.fr\/vitaminncures\/wp-json\/wp\/v2\/pages"}],"about":[{"href":"http:\/\/annwigmore.fr\/vitaminncures\/wp-json\/wp\/v2\/types\/page"}],"author":[{"embeddable":true,"href":"http:\/\/annwigmore.fr\/vitaminncures\/wp-json\/wp\/v2\/users\/1"}],"replies":[{"embeddable":true,"href":"http:\/\/annwigmore.fr\/vitaminncures\/wp-json\/wp\/v2\/comments?post=381"}],"version-history":[{"count":7,"href":"http:\/\/annwigmore.fr\/vitaminncures\/wp-json\/wp\/v2\/pages\/381\/revisions"}],"predecessor-version":[{"id":1312,"href":"http:\/\/annwigmore.fr\/vitaminncures\/wp-json\/wp\/v2\/pages\/381\/revisions\/1312"}],"wp:attachment":[{"href":"http:\/\/annwigmore.fr\/vitaminncures\/wp-json\/wp\/v2\/media?parent=381"}],"curies":[{"name":"wp","href":"https:\/\/api.w.org\/{rel}","templated":true}]}}