{"id":990,"date":"2017-01-22T16:31:38","date_gmt":"2017-01-22T15:31:38","guid":{"rendered":"http:\/\/annwigmore.fr\/vitaminncures\/lalimentation-vivante\/corps-coeur-esprit\/"},"modified":"2017-03-19T17:24:27","modified_gmt":"2017-03-19T16:24:27","slug":"corps-coeur-esprit","status":"publish","type":"page","link":"http:\/\/annwigmore.fr\/vitaminncures\/corps-coeur-esprit\/","title":{"rendered":"Corps &#8211; Coeur &#8211; Esprit"},"content":{"rendered":"<p>&nbsp;<\/p>\n<h1>Le Corps, Le Coeur, L\u2019esprit<\/h1>\n<p style=\"text-align: justify;\">La plupart des gens viennent \u00e0 l&rsquo;Institut pour transformer leur vie. Ils ont le d\u00e9sir de rendre leur vie meilleure et pensent qu&rsquo;une certaine forme de transition est n\u00e9cessaire. Une grande partie du travail de cours \u00e0 l&rsquo;Institut tourne autour de l&rsquo;information pratique sur l&rsquo;utilisation des aliments vivants et des pratiques naturelles pour atteindre une sant\u00e9 optimale, armant ainsi l&rsquo;intellect avec les outils dont il a besoin, mais ce n&rsquo;est que la moiti\u00e9 du parcours<br \/>\nSouvent, nous constatons que m\u00eame si nous connaissons intellectuellement le bon programme d&rsquo;action, nous avons encore du mal \u00e0 rendre ces transformations manifestes.<br \/>\nNotre conditionnement social ant\u00e9rieur, les mauvaises habitudes et les probl\u00e8mes intra-personnels peuvent contrecarrer avec les buts que d\u00e9sirons atteindre dans nos vies.<br \/>\n\u00c0 l&rsquo;Institut, nous nous concentrons \u00e9galement sur le travail interne n\u00e9cessaire \u00e0 l&rsquo;auto-transformation \u00e0 travers des cours telles que: l\u2019auto-\u00e9valuation, le coaching en r\u00e9\u00e9valuation, la persuasion, la conscience, les techniques de relaxation, l\u2019initiation \u00e0 la m\u00e9ditation, le yoga et les ateliers de soutien positif.<\/p>\n","protected":false},"excerpt":{"rendered":"<p>&nbsp; Le Corps, Le Coeur, L\u2019esprit La plupart des gens viennent \u00e0 l&rsquo;Institut pour transformer leur vie. Ils ont le d\u00e9sir de rendre leur vie meilleure et pensent qu&rsquo;une certaine forme de transition est n\u00e9cessaire. Une grande partie du travail de cours \u00e0 l&rsquo;Institut tourne autour de l&rsquo;information pratique sur l&rsquo;utilisation des aliments vivants et&#8230;<\/p>\n","protected":false},"author":1,"featured_media":0,"parent":0,"menu_order":99,"comment_status":"closed","ping_status":"closed","template":"full-width-page.php","meta":{"footnotes":""},"yoast_head":"<!-- This site is optimized with the Yoast SEO plugin v18.9 - https:\/\/yoast.com\/wordpress\/plugins\/seo\/ -->\n<title>Corps - Coeur - Esprit - Vitam&#039;Inn : D\u00e9tox &amp; Ressourcement<\/title>\n<meta name=\"robots\" content=\"index, follow, max-snippet:-1, max-image-preview:large, max-video-preview:-1\" \/>\n<link rel=\"canonical\" href=\"http:\/\/annwigmore.fr\/vitaminncures\/corps-coeur-esprit\/\" \/>\n<meta property=\"og:locale\" content=\"fr_FR\" \/>\n<meta property=\"og:type\" content=\"article\" \/>\n<meta property=\"og:title\" content=\"Corps - Coeur - Esprit - Vitam&#039;Inn : D\u00e9tox &amp; Ressourcement\" \/>\n<meta property=\"og:description\" content=\"&nbsp; Le Corps, Le Coeur, L\u2019esprit La plupart des gens viennent \u00e0 l&rsquo;Institut pour transformer leur vie. Ils ont le d\u00e9sir de rendre leur vie meilleure et pensent qu&rsquo;une certaine forme de transition est n\u00e9cessaire. Une grande partie du travail de cours \u00e0 l&rsquo;Institut tourne autour de l&rsquo;information pratique sur l&rsquo;utilisation des aliments vivants et...\" \/>\n<meta property=\"og:url\" content=\"http:\/\/annwigmore.fr\/vitaminncures\/corps-coeur-esprit\/\" \/>\n<meta property=\"og:site_name\" content=\"Vitam&#039;Inn : D\u00e9tox &amp; Ressourcement\" \/>\n<meta property=\"article:modified_time\" content=\"2017-03-19T16:24:27+00:00\" \/>\n<meta name=\"twitter:card\" content=\"summary\" \/>\n<meta name=\"twitter:label1\" content=\"Dur\u00e9e de lecture estim\u00e9e\" \/>\n\t<meta name=\"twitter:data1\" content=\"1 minute\" \/>\n<script type=\"application\/ld+json\" class=\"yoast-schema-graph\">{\"@context\":\"https:\/\/schema.org\",\"@graph\":[{\"@type\":\"WebSite\",\"@id\":\"http:\/\/annwigmore.fr\/vitaminncures\/#website\",\"url\":\"http:\/\/annwigmore.fr\/vitaminncures\/\",\"name\":\"Vitam&#039;Inn : D\u00e9tox &amp; Ressourcement\",\"description\":\"Cures, Vacances et Formations\",\"potentialAction\":[{\"@type\":\"SearchAction\",\"target\":{\"@type\":\"EntryPoint\",\"urlTemplate\":\"http:\/\/annwigmore.fr\/vitaminncures\/?s={search_term_string}\"},\"query-input\":\"required name=search_term_string\"}],\"inLanguage\":\"fr-FR\"},{\"@type\":\"WebPage\",\"@id\":\"http:\/\/annwigmore.fr\/vitaminncures\/corps-coeur-esprit\/#webpage\",\"url\":\"http:\/\/annwigmore.fr\/vitaminncures\/corps-coeur-esprit\/\",\"name\":\"Corps - Coeur - Esprit - Vitam&#039;Inn : D\u00e9tox &amp; Ressourcement\",\"isPartOf\":{\"@id\":\"http:\/\/annwigmore.fr\/vitaminncures\/#website\"},\"datePublished\":\"2017-01-22T15:31:38+00:00\",\"dateModified\":\"2017-03-19T16:24:27+00:00\",\"breadcrumb\":{\"@id\":\"http:\/\/annwigmore.fr\/vitaminncures\/corps-coeur-esprit\/#breadcrumb\"},\"inLanguage\":\"fr-FR\",\"potentialAction\":[{\"@type\":\"ReadAction\",\"target\":[\"http:\/\/annwigmore.fr\/vitaminncures\/corps-coeur-esprit\/\"]}]},{\"@type\":\"BreadcrumbList\",\"@id\":\"http:\/\/annwigmore.fr\/vitaminncures\/corps-coeur-esprit\/#breadcrumb\",\"itemListElement\":[{\"@type\":\"ListItem\",\"position\":1,\"name\":\"Accueil\",\"item\":\"http:\/\/annwigmore.fr\/vitaminncures\/\"},{\"@type\":\"ListItem\",\"position\":2,\"name\":\"Corps &#8211; Coeur &#8211; Esprit\"}]}]}<\/script>\n<!-- \/ Yoast SEO plugin. -->","yoast_head_json":{"title":"Corps - Coeur - Esprit - Vitam&#039;Inn : D\u00e9tox &amp; Ressourcement","robots":{"index":"index","follow":"follow","max-snippet":"max-snippet:-1","max-image-preview":"max-image-preview:large","max-video-preview":"max-video-preview:-1"},"canonical":"http:\/\/annwigmore.fr\/vitaminncures\/corps-coeur-esprit\/","og_locale":"fr_FR","og_type":"article","og_title":"Corps - Coeur - Esprit - Vitam&#039;Inn : D\u00e9tox &amp; Ressourcement","og_description":"&nbsp; Le Corps, Le Coeur, L\u2019esprit La plupart des gens viennent \u00e0 l&rsquo;Institut pour transformer leur vie. Ils ont le d\u00e9sir de rendre leur vie meilleure et pensent qu&rsquo;une certaine forme de transition est n\u00e9cessaire. Une grande partie du travail de cours \u00e0 l&rsquo;Institut tourne autour de l&rsquo;information pratique sur l&rsquo;utilisation des aliments vivants et...","og_url":"http:\/\/annwigmore.fr\/vitaminncures\/corps-coeur-esprit\/","og_site_name":"Vitam&#039;Inn : D\u00e9tox &amp; Ressourcement","article_modified_time":"2017-03-19T16:24:27+00:00","twitter_card":"summary","twitter_misc":{"Dur\u00e9e de lecture estim\u00e9e":"1 minute"},"schema":{"@context":"https:\/\/schema.org","@graph":[{"@type":"WebSite","@id":"http:\/\/annwigmore.fr\/vitaminncures\/#website","url":"http:\/\/annwigmore.fr\/vitaminncures\/","name":"Vitam&#039;Inn : D\u00e9tox &amp; Ressourcement","description":"Cures, Vacances et Formations","potentialAction":[{"@type":"SearchAction","target":{"@type":"EntryPoint","urlTemplate":"http:\/\/annwigmore.fr\/vitaminncures\/?s={search_term_string}"},"query-input":"required name=search_term_string"}],"inLanguage":"fr-FR"},{"@type":"WebPage","@id":"http:\/\/annwigmore.fr\/vitaminncures\/corps-coeur-esprit\/#webpage","url":"http:\/\/annwigmore.fr\/vitaminncures\/corps-coeur-esprit\/","name":"Corps - Coeur - Esprit - Vitam&#039;Inn : D\u00e9tox &amp; Ressourcement","isPartOf":{"@id":"http:\/\/annwigmore.fr\/vitaminncures\/#website"},"datePublished":"2017-01-22T15:31:38+00:00","dateModified":"2017-03-19T16:24:27+00:00","breadcrumb":{"@id":"http:\/\/annwigmore.fr\/vitaminncures\/corps-coeur-esprit\/#breadcrumb"},"inLanguage":"fr-FR","potentialAction":[{"@type":"ReadAction","target":["http:\/\/annwigmore.fr\/vitaminncures\/corps-coeur-esprit\/"]}]},{"@type":"BreadcrumbList","@id":"http:\/\/annwigmore.fr\/vitaminncures\/corps-coeur-esprit\/#breadcrumb","itemListElement":[{"@type":"ListItem","position":1,"name":"Accueil","item":"http:\/\/annwigmore.fr\/vitaminncures\/"},{"@type":"ListItem","position":2,"name":"Corps &#8211; Coeur &#8211; Esprit"}]}]}},"_links":{"self":[{"href":"http:\/\/annwigmore.fr\/vitaminncures\/wp-json\/wp\/v2\/pages\/990"}],"collection":[{"href":"http:\/\/annwigmore.fr\/vitaminncures\/wp-json\/wp\/v2\/pages"}],"about":[{"href":"http:\/\/annwigmore.fr\/vitaminncures\/wp-json\/wp\/v2\/types\/page"}],"author":[{"embeddable":true,"href":"http:\/\/annwigmore.fr\/vitaminncures\/wp-json\/wp\/v2\/users\/1"}],"replies":[{"embeddable":true,"href":"http:\/\/annwigmore.fr\/vitaminncures\/wp-json\/wp\/v2\/comments?post=990"}],"version-history":[{"count":4,"href":"http:\/\/annwigmore.fr\/vitaminncures\/wp-json\/wp\/v2\/pages\/990\/revisions"}],"predecessor-version":[{"id":1062,"href":"http:\/\/annwigmore.fr\/vitaminncures\/wp-json\/wp\/v2\/pages\/990\/revisions\/1062"}],"wp:attachment":[{"href":"http:\/\/annwigmore.fr\/vitaminncures\/wp-json\/wp\/v2\/media?parent=990"}],"curies":[{"name":"wp","href":"https:\/\/api.w.org\/{rel}","templated":true}]}}