{"id":997,"date":"2017-01-16T02:22:02","date_gmt":"2017-01-16T01:22:02","guid":{"rendered":"http:\/\/annwigmore.fr\/vitaminncures\/lalimentation-vivante\/aliments-vivants-essentiels\/"},"modified":"2017-03-19T17:21:01","modified_gmt":"2017-03-19T16:21:01","slug":"aliments-vivants-essentiels","status":"publish","type":"page","link":"http:\/\/annwigmore.fr\/vitaminncures\/aliments-vivants-essentiels\/","title":{"rendered":"Aliments-vivants-essentiels"},"content":{"rendered":"<h1>Les Aliments Vivants Essentiels<\/h1>\n<h1>Soupe \u00e9nergie<\/h1>\n<p style=\"text-align: justify; font-size: 18pt;\"><img loading=\"lazy\" decoding=\"async\" src=\"http:\/\/annwigmore.fr\/vitaminncures\/wp-content\/uploads\/sites\/7\/2017\/01\/energysoup-1024x721-300x211.jpg\" alt=\"\" width=\"300\" height=\"211\" \/>La Soupe \u00e9nerg\u00e9tique est la pierre angulaire du concept de Living Foods Lifestyle\u00ae, un m\u00e9lange mix\u00e9 de l\u00e9gumes verts, de choux, de l\u00e9gumes, de \u00ab Rejuvelac \u00bb et d\u2019algues \u00ab Dulse \u00bb. La soupe \u00e9nerg\u00e9tique est un repas complet, contenant sous une forme \u00e9quilibr\u00e9e, tous les nutriments dont le corps a besoin.<br \/>\nLorsqu\u2019Ann Wigmore a d&rsquo;abord d\u00e9velopp\u00e9 le r\u00e9gime Hippocrates, elle a pr\u00e9conis\u00e9 le jus de fruits et les l\u00e9gumes comme un moyen d&rsquo;obtenir une alimentation optimale. Cependant, dans les derni\u00e8res ann\u00e9es de sa vie, elle est devenue un grand promoteur des aliments m\u00e9lang\u00e9s plut\u00f4t que des jus. Les seuls jus qu&rsquo;elle utilisait \u00e9taient l&rsquo;herbe de bl\u00e9 et la past\u00e8que. Elle croyait que les jus \u00e9taient trop nettoyants, trop rapide pour le corps de la plupart des gens.<br \/>\nLes aliments mix\u00e9s aide le corps \u00e0 se nettoyer et ainsi, il restaure la sant\u00e9 beaucoup plus rapidement que de simplement manger les aliments comme des salades, mais il ne surcharge pas le syst\u00e8me avec l&rsquo;action de nettoyage rapide des jus\u00bb, a-t-elle \u00e9crit. \u00ab\u00a0En outre, les jus ne contiennent pas de fibres. La s\u00e9paration de la fibre et d&rsquo;autres \u00e9l\u00e9ments du jus produit un aliment qui n&rsquo;est pas aussi \u00e9quilibr\u00e9 que la nature l&rsquo;aurait.<br \/>\nAujourd&rsquo;hui, nous offrons des jus comme un compl\u00e9ment aux aliments et boissons essentiels de Living Foods Lifestyle\u00ae.<\/p>\n<h1>Le Jus d\u2019herbe de bl\u00e9<\/h1>\n<h1><img loading=\"lazy\" decoding=\"async\" src=\"http:\/\/annwigmore.fr\/wp-content\/uploads\/2017\/01\/jus-herbe-de-ble-300x225.jpg\" alt=\"\" width=\"300\" height=\"225\" \/><\/h1>\n<p style=\"text-align: justify; font-size: 18pt;\">Un autre \u00e9l\u00e9ment cl\u00e9 du Living Foods Lifestyle\u00ae est le jus d&rsquo;herbe de bl\u00e9 fra\u00eechement \u00e9cr\u00e9m\u00e9. Le jus d&rsquo;herbe de bl\u00e9 fournit une nutrition optimale car il contient de la chlorophylle, tous les min\u00e9raux connus et les vitamines A, B, C, E et K. L&rsquo;herbe \u00e0 bl\u00e9 est extr\u00eamement riche en prot\u00e9ines et contient 17 acides amin\u00e9s, les \u00e9l\u00e9ments constitutifs des prot\u00e9ines.<br \/>\nDans son enfance, le Dr Ann a appris la sant\u00e9 naturelle de sa grand-m\u00e8re, qui utilisait des plantes, des gramin\u00e9es et des herbes pour soigner des soldats bless\u00e9s pendant la Premi\u00e8re Guerre mondiale. Lorsqu\u2019\u00e0 50 ans, le Dr Ann a appris qu\u2019elle avait un cancer du c\u00f4lon, elle s\u2019est tourn\u00e9e vers les l\u00e9gumes crus, les graines mix\u00e9s et les c\u00e9r\u00e9ales. En un an, elle a \u00e9radiqu\u00e9 son cancer. Elle a commenc\u00e9 \u00e0 \u00e9tudier les propri\u00e9t\u00e9s curatives des gramin\u00e9es, et s&rsquo;est rapidement fix\u00e9 comme principal objectif le jus d\u2019herbes de bl\u00e9. Le Living Foods Lifestyle\u00ae utilise le jus d\u2019herbe de bl\u00e9 comme \u00e9lixir nutritif, ainsi que pour le nettoyage du c\u00f4lon.<\/p>\n<p>&nbsp;<\/p>\n<h1>Rejuvelac \u2122<\/h1>\n<p style=\"text-align: justify;\"><img loading=\"lazy\" decoding=\"async\" src=\"http:\/\/annwigmore.fr\/wp-content\/uploads\/2017\/01\/rejuvelac-245x300.jpg\" alt=\"\" width=\"245\" height=\"300\" \/><\/p>\n<p style=\"text-align: justify; font-size: 18pt;\">Le Rejuvelac \u2122, une boisson \u00e0 base de choucroute et d&rsquo;autres graines, est l&rsquo;un des \u00e9l\u00e9ments les plus importants de Living Foods Lifestyle\u00ae. Parce qu&rsquo;il contient un niveau \u00e9lev\u00e9 d&rsquo;enzymes, il aide \u00e0 la digestion et au rajeunissement. Le Rejuvelac \u2122 remplace les enzymes qui sont d\u00e9truites lorsque les aliments sont cuits. Il est \u00e9galement rempli de vitamines B, C et E, et contient des bact\u00e9ries<\/p>\n","protected":false},"excerpt":{"rendered":"<p>Les Aliments Vivants Essentiels Soupe \u00e9nergie La Soupe \u00e9nerg\u00e9tique est la pierre angulaire du concept de Living Foods Lifestyle\u00ae, un m\u00e9lange mix\u00e9 de l\u00e9gumes verts, de choux, de l\u00e9gumes, de \u00ab Rejuvelac \u00bb et d\u2019algues \u00ab Dulse \u00bb. La soupe \u00e9nerg\u00e9tique est un repas complet, contenant sous une forme \u00e9quilibr\u00e9e, tous les nutriments dont le&#8230;<\/p>\n","protected":false},"author":1,"featured_media":0,"parent":0,"menu_order":1,"comment_status":"closed","ping_status":"closed","template":"full-width-page.php","meta":{"footnotes":""},"yoast_head":"<!-- This site is optimized with the Yoast SEO plugin v18.9 - https:\/\/yoast.com\/wordpress\/plugins\/seo\/ -->\n<title>Aliments-vivants-essentiels - Vitam&#039;Inn : D\u00e9tox &amp; Ressourcement<\/title>\n<meta name=\"robots\" content=\"index, follow, max-snippet:-1, max-image-preview:large, max-video-preview:-1\" \/>\n<link rel=\"canonical\" href=\"http:\/\/annwigmore.fr\/vitaminncures\/aliments-vivants-essentiels\/\" \/>\n<meta property=\"og:locale\" content=\"fr_FR\" \/>\n<meta property=\"og:type\" content=\"article\" \/>\n<meta property=\"og:title\" content=\"Aliments-vivants-essentiels - Vitam&#039;Inn : D\u00e9tox &amp; Ressourcement\" \/>\n<meta property=\"og:description\" content=\"Les Aliments Vivants Essentiels Soupe \u00e9nergie La Soupe \u00e9nerg\u00e9tique est la pierre angulaire du concept de Living Foods Lifestyle\u00ae, un m\u00e9lange mix\u00e9 de l\u00e9gumes verts, de choux, de l\u00e9gumes, de \u00ab Rejuvelac \u00bb et d\u2019algues \u00ab Dulse \u00bb. La soupe \u00e9nerg\u00e9tique est un repas complet, contenant sous une forme \u00e9quilibr\u00e9e, tous les nutriments dont le...\" \/>\n<meta property=\"og:url\" content=\"http:\/\/annwigmore.fr\/vitaminncures\/aliments-vivants-essentiels\/\" \/>\n<meta property=\"og:site_name\" content=\"Vitam&#039;Inn : D\u00e9tox &amp; Ressourcement\" \/>\n<meta property=\"article:modified_time\" content=\"2017-03-19T16:21:01+00:00\" \/>\n<meta property=\"og:image\" content=\"http:\/\/annwigmore.fr\/vitaminncures\/wp-content\/uploads\/sites\/7\/2017\/01\/energysoup-1024x721-300x211.jpg\" \/>\n<meta name=\"twitter:card\" content=\"summary\" \/>\n<meta name=\"twitter:label1\" content=\"Dur\u00e9e de lecture estim\u00e9e\" \/>\n\t<meta name=\"twitter:data1\" content=\"3 minutes\" \/>\n<script type=\"application\/ld+json\" class=\"yoast-schema-graph\">{\"@context\":\"https:\/\/schema.org\",\"@graph\":[{\"@type\":\"WebSite\",\"@id\":\"https:\/\/annwigmore.fr\/vitaminncures\/#website\",\"url\":\"https:\/\/annwigmore.fr\/vitaminncures\/\",\"name\":\"Vitam&#039;Inn : D\u00e9tox &amp; Ressourcement\",\"description\":\"Cures, Vacances et Formations\",\"potentialAction\":[{\"@type\":\"SearchAction\",\"target\":{\"@type\":\"EntryPoint\",\"urlTemplate\":\"https:\/\/annwigmore.fr\/vitaminncures\/?s={search_term_string}\"},\"query-input\":\"required name=search_term_string\"}],\"inLanguage\":\"fr-FR\"},{\"@type\":\"ImageObject\",\"inLanguage\":\"fr-FR\",\"@id\":\"http:\/\/annwigmore.fr\/vitaminncures\/aliments-vivants-essentiels\/#primaryimage\",\"url\":\"http:\/\/annwigmore.fr\/vitaminncures\/wp-content\/uploads\/sites\/7\/2017\/01\/energysoup-1024x721-300x211.jpg\",\"contentUrl\":\"http:\/\/annwigmore.fr\/vitaminncures\/wp-content\/uploads\/sites\/7\/2017\/01\/energysoup-1024x721-300x211.jpg\"},{\"@type\":\"WebPage\",\"@id\":\"http:\/\/annwigmore.fr\/vitaminncures\/aliments-vivants-essentiels\/#webpage\",\"url\":\"http:\/\/annwigmore.fr\/vitaminncures\/aliments-vivants-essentiels\/\",\"name\":\"Aliments-vivants-essentiels - Vitam&#039;Inn : D\u00e9tox &amp; Ressourcement\",\"isPartOf\":{\"@id\":\"https:\/\/annwigmore.fr\/vitaminncures\/#website\"},\"primaryImageOfPage\":{\"@id\":\"http:\/\/annwigmore.fr\/vitaminncures\/aliments-vivants-essentiels\/#primaryimage\"},\"datePublished\":\"2017-01-16T01:22:02+00:00\",\"dateModified\":\"2017-03-19T16:21:01+00:00\",\"breadcrumb\":{\"@id\":\"http:\/\/annwigmore.fr\/vitaminncures\/aliments-vivants-essentiels\/#breadcrumb\"},\"inLanguage\":\"fr-FR\",\"potentialAction\":[{\"@type\":\"ReadAction\",\"target\":[\"http:\/\/annwigmore.fr\/vitaminncures\/aliments-vivants-essentiels\/\"]}]},{\"@type\":\"BreadcrumbList\",\"@id\":\"http:\/\/annwigmore.fr\/vitaminncures\/aliments-vivants-essentiels\/#breadcrumb\",\"itemListElement\":[{\"@type\":\"ListItem\",\"position\":1,\"name\":\"Accueil\",\"item\":\"https:\/\/annwigmore.fr\/vitaminncures\/\"},{\"@type\":\"ListItem\",\"position\":2,\"name\":\"Aliments-vivants-essentiels\"}]}]}<\/script>\n<!-- \/ Yoast SEO plugin. -->","yoast_head_json":{"title":"Aliments-vivants-essentiels - Vitam&#039;Inn : D\u00e9tox &amp; Ressourcement","robots":{"index":"index","follow":"follow","max-snippet":"max-snippet:-1","max-image-preview":"max-image-preview:large","max-video-preview":"max-video-preview:-1"},"canonical":"http:\/\/annwigmore.fr\/vitaminncures\/aliments-vivants-essentiels\/","og_locale":"fr_FR","og_type":"article","og_title":"Aliments-vivants-essentiels - Vitam&#039;Inn : D\u00e9tox &amp; Ressourcement","og_description":"Les Aliments Vivants Essentiels Soupe \u00e9nergie La Soupe \u00e9nerg\u00e9tique est la pierre angulaire du concept de Living Foods Lifestyle\u00ae, un m\u00e9lange mix\u00e9 de l\u00e9gumes verts, de choux, de l\u00e9gumes, de \u00ab Rejuvelac \u00bb et d\u2019algues \u00ab Dulse \u00bb. La soupe \u00e9nerg\u00e9tique est un repas complet, contenant sous une forme \u00e9quilibr\u00e9e, tous les nutriments dont le...","og_url":"http:\/\/annwigmore.fr\/vitaminncures\/aliments-vivants-essentiels\/","og_site_name":"Vitam&#039;Inn : D\u00e9tox &amp; Ressourcement","article_modified_time":"2017-03-19T16:21:01+00:00","og_image":[{"url":"http:\/\/annwigmore.fr\/vitaminncures\/wp-content\/uploads\/sites\/7\/2017\/01\/energysoup-1024x721-300x211.jpg"}],"twitter_card":"summary","twitter_misc":{"Dur\u00e9e de lecture estim\u00e9e":"3 minutes"},"schema":{"@context":"https:\/\/schema.org","@graph":[{"@type":"WebSite","@id":"https:\/\/annwigmore.fr\/vitaminncures\/#website","url":"https:\/\/annwigmore.fr\/vitaminncures\/","name":"Vitam&#039;Inn : D\u00e9tox &amp; Ressourcement","description":"Cures, Vacances et Formations","potentialAction":[{"@type":"SearchAction","target":{"@type":"EntryPoint","urlTemplate":"https:\/\/annwigmore.fr\/vitaminncures\/?s={search_term_string}"},"query-input":"required name=search_term_string"}],"inLanguage":"fr-FR"},{"@type":"ImageObject","inLanguage":"fr-FR","@id":"http:\/\/annwigmore.fr\/vitaminncures\/aliments-vivants-essentiels\/#primaryimage","url":"http:\/\/annwigmore.fr\/vitaminncures\/wp-content\/uploads\/sites\/7\/2017\/01\/energysoup-1024x721-300x211.jpg","contentUrl":"http:\/\/annwigmore.fr\/vitaminncures\/wp-content\/uploads\/sites\/7\/2017\/01\/energysoup-1024x721-300x211.jpg"},{"@type":"WebPage","@id":"http:\/\/annwigmore.fr\/vitaminncures\/aliments-vivants-essentiels\/#webpage","url":"http:\/\/annwigmore.fr\/vitaminncures\/aliments-vivants-essentiels\/","name":"Aliments-vivants-essentiels - Vitam&#039;Inn : D\u00e9tox &amp; Ressourcement","isPartOf":{"@id":"https:\/\/annwigmore.fr\/vitaminncures\/#website"},"primaryImageOfPage":{"@id":"http:\/\/annwigmore.fr\/vitaminncures\/aliments-vivants-essentiels\/#primaryimage"},"datePublished":"2017-01-16T01:22:02+00:00","dateModified":"2017-03-19T16:21:01+00:00","breadcrumb":{"@id":"http:\/\/annwigmore.fr\/vitaminncures\/aliments-vivants-essentiels\/#breadcrumb"},"inLanguage":"fr-FR","potentialAction":[{"@type":"ReadAction","target":["http:\/\/annwigmore.fr\/vitaminncures\/aliments-vivants-essentiels\/"]}]},{"@type":"BreadcrumbList","@id":"http:\/\/annwigmore.fr\/vitaminncures\/aliments-vivants-essentiels\/#breadcrumb","itemListElement":[{"@type":"ListItem","position":1,"name":"Accueil","item":"https:\/\/annwigmore.fr\/vitaminncures\/"},{"@type":"ListItem","position":2,"name":"Aliments-vivants-essentiels"}]}]}},"_links":{"self":[{"href":"http:\/\/annwigmore.fr\/vitaminncures\/wp-json\/wp\/v2\/pages\/997"}],"collection":[{"href":"http:\/\/annwigmore.fr\/vitaminncures\/wp-json\/wp\/v2\/pages"}],"about":[{"href":"http:\/\/annwigmore.fr\/vitaminncures\/wp-json\/wp\/v2\/types\/page"}],"author":[{"embeddable":true,"href":"http:\/\/annwigmore.fr\/vitaminncures\/wp-json\/wp\/v2\/users\/1"}],"replies":[{"embeddable":true,"href":"http:\/\/annwigmore.fr\/vitaminncures\/wp-json\/wp\/v2\/comments?post=997"}],"version-history":[{"count":2,"href":"http:\/\/annwigmore.fr\/vitaminncures\/wp-json\/wp\/v2\/pages\/997\/revisions"}],"predecessor-version":[{"id":1055,"href":"http:\/\/annwigmore.fr\/vitaminncures\/wp-json\/wp\/v2\/pages\/997\/revisions\/1055"}],"wp:attachment":[{"href":"http:\/\/annwigmore.fr\/vitaminncures\/wp-json\/wp\/v2\/media?parent=997"}],"curies":[{"name":"wp","href":"https:\/\/api.w.org\/{rel}","templated":true}]}}