{"id":1105,"date":"2017-04-01T12:28:03","date_gmt":"2017-04-01T10:28:03","guid":{"rendered":"http:\/\/annwigmore.fr\/vitaminncures\/?page_id=1105"},"modified":"2026-03-16T22:20:10","modified_gmt":"2026-03-16T21:20:10","slug":"agenda","status":"publish","type":"page","link":"https:\/\/annwigmore.fr\/vitaminncures\/agenda\/","title":{"rendered":"Agenda"},"content":{"rendered":"\n\n\t<h1><strong>Agenda &amp; Inscriptions\u00a0<\/strong><\/h1>\n\t<h2><strong>2026<\/strong><\/h2>\n<h3>\ud83d\udcc5 Dimanche 29\u202fmars &#8211; \ud83e\udd6cLa lacto\u2011fermentation<\/h3>\n<h3>\ud83d\udcc5 Dimanche 26\u202favril &#8211; \ud83e\udd57\u00a0 Entr\u00e9es salades &amp; sauces<\/h3>\n<h3>\ud83d\udcc5 Dimanche 31\u202fmai &#8211; \ud83c\udf53 Petit\u2011d\u00e9jeuners &amp; ol\u00e9agineux<\/h3>\n<h3>\ud83d\udcc5Dimanche 28\u202fJuin &#8211; \ud83c\udf31 La germination<\/h3>\n<h3>\ud83d\udcc5 Dimanche 27 Septembre -\ud83e\udd57\u00a0Les plats<\/h3>\n<h3>\ud83d\udcc5 Dimanche 25\u202foctobre &#8211; \ud83e\udd59 Les mises en bouche cr\u00e9atives<\/h3>\n<h3>\ud83d\udcc5 Dimanche 29 novembre &#8211; \ud83c\udf70 Les desserts<\/h3>\n<p>&nbsp;<\/p>\n<p>&nbsp;<\/p>\n<p>&nbsp;<\/p>\n\n\t\n<h2>\ud83c\udf3f Journ\u00e9e d\u00e9couverte \u00e0 l&rsquo;Alimentation Vivante<\/h2>\nEnvie de faire le plein d&rsquo;\u00e9nergie, de saveurs et de cr\u00e9ativit\u00e9 en cuisine ?<br \/>\nRejoignez-nous chaque quatri\u00e8me dimanche du mois, de 10h \u00e0 14h, pour un moment gourmand et inspirant autour de l&rsquo;alimentation vivante !\nAu programme :<br \/>\n\u2728 Un th\u00e8me diff\u00e9rent chaque mois<br \/>\n\u2728 Quatre recettes r\u00e9alis\u00e9es ensemble en quatre heures<br \/>\n\u2728 Des astuces, des d\u00e9couvertes et beaucoup de plaisir en cuisine\n<p>\ud83d\udc49 Pensez simplement \u00e0 apporter vos contenants pour emporter vos pr\u00e9parations.<\/p>\n\t<p>&nbsp;<\/p>\n<h4>La r\u00e9servation est\u00a0 obligatoire<\/h4>\n\ud83d\udd12 <strong>R\u00e9servez d\u00e8s maintenant<\/strong> &#8211; les places sont limit\u00e9es.<br \/>\n\u23f0 La r\u00e9servation doit \u00eatre confirm\u00e9e <strong>au moins 7\u202fjours avant la date de l&rsquo;atelier<\/strong>.\n<p><a href=\"https:\/\/annwigmore.fr\/vitaminncures\/journees-decouverte-alimentation-vivante\/\">En savoir plus<\/a><\/p>\n<p><a href=\"tel:0768373452\">Inscription par t\u00e9l\u00e9phone<\/a><\/p>\n<p><strong>Tarif : 95 \u20ac\u00a0 de \ud83d\uddd3\ufe0f 10\u202fh &#8211; 14\u202fh<\/strong><\/p>\n<p>\u2003\ud83d\udc65 <strong>8\u202f\u00e0\u202f10\u202fparticipants<\/strong><\/p>\n\n\t<h2><strong>2026<\/strong><\/h2>\n<h3><strong>Tous les 2\u00e8mes dimanche du mois<\/strong><\/h3>\n<h3><strong>Dates des cures d\u00e9tox :\u00a0<\/strong><\/h3>\n<h3>\ud83d\udcc5 10 au 14 mai<\/h3>\n<h3>\ud83d\udcc5 14 au 18 juin<\/h3>\n<h3>\ud83d\udcc5 12 au 16 juillet<\/h3>\n<h3>\ud83d\udcc5 9 au 13 ao\u00fbt<\/h3>\n<h3>\ud83d\udcc5 13 au 17 septembre<\/h3>\n<h3>\ud83d\udcc5 11 au 15 octobre<\/h3>\n\t<h2>\ud83c\udf3f\u00a0<strong>Cure D\u00e9tox &amp; Ressourcement dans le Sud de la France<\/strong><\/h2>\n<strong>selon les principes de<\/strong><br \/>\n<strong>l&rsquo;alimentation vivante<\/strong><br \/>\n<strong>sous le soleil du Gard<\/strong>\n<h3>\ud83d\udccd\u00a0<strong>Lieu du s\u00e9jour: Vers-Pont-du-Gard<\/strong><\/h3>\n<p><strong>H\u00e9bergement &amp; transport<\/strong><\/p>\n<p><strong>non compris<\/strong><\/p>\n<p><a href=\"https:\/\/annwigmore.fr\/vitaminncures\/les-logements\/\">Infos &amp; r\u00e9sa h\u00e9bergement<\/a><\/p>\n\n\t<h3>\ud83d\udccc\u00a0<strong>Infos pratiques<\/strong><\/h3>\n<ul>\n<li><strong>Tarif : 1430 EUR \/ personne<\/strong><\/li>\n<li><strong>Dur\u00e9e : 5\u202fjours<\/strong><\/li>\n<li><strong>Prix de la journ\u00e9e suppl\u00e9mentaire post cure: 180 euros<\/strong><\/li>\n<li>\ud83d\udc65 <strong>Places limit\u00e9es \u00e0 12 participants par session <\/strong><\/li>\n<li><strong>R\u00e9servation obligatoire<\/strong><\/li>\n<\/ul>\n<p><a href=\"https:\/\/annwigmore.fr\/vitaminncures\/vacances-detox-france\/\">\u2003Plus d&rsquo;infos<\/a><\/p>\n<p><a href=\"tel:0768373452\">Inscription par t\u00e9l\u00e9phone<\/a><\/p>\n<p>&nbsp;<\/p>\n<p><strong>\u00a0<\/strong><\/p>\n\t<h3><strong>2026<\/strong><\/h3>\n<p><strong>\u00c0 la demande<\/strong> en fonction des disponibilit\u00e9s<\/p>\n<h2>\ud83d\udc96 Bien\u2011\u00eatre &amp; temps pour soi<\/h2>\n<p>Faites une pause et laissez\u2011vous guider le temps d&rsquo;une journ\u00e9e, venez vous relaxer et vous connecter \u00e0 votre \u00catre.<\/p>\n<ul>\n<li>\ud83d\udd25 Sauna infrarouge<\/li>\n<li>\ud83c\udfca\u200d\u2640\ufe0f Piscine<\/li>\n<li>\ud83d\udca8 Bol d&rsquo;air Jacquier<\/li>\n<\/ul>\n\n\t<h2><strong>Journ\u00e9e d&rsquo;exception* Bien Etre<\/strong><\/h2>\n<h2><strong>Faites une pause<\/strong><\/h2>\n<p><strong>* Les repas sont inclus dans toutes les journ\u00e9es et s\u00e9jours, ainsi que l&rsquo;acc\u00e8s au sauna et piscine.\u00a0<\/strong><\/p>\n<ul>\n<li>\ud83d\udd2e M\u00e9ditation partag\u00e9e autour de l&rsquo;oracle du jour<\/li>\n<li>\ud83e\uddf4 Confection de cr\u00e8me d&rsquo;amour bio pour le corps<\/li>\n<\/ul>\n\t<p>&nbsp;<\/p>\n<p><a href=\"https:\/\/annwigmore.fr\/vitaminncures\/journee-bien-etre\/\">Plus d&rsquo;infos<\/a><\/p>\n<p><a href=\"tel:0768373452\">Inscription par t\u00e9l\u00e9phone<\/a><\/p>\n<p><strong>180 \u20ac la journ\u00e9e<\/strong><\/p>\n<p>Nombre maximum de participants: 6<\/p>\n\t<h3><strong>2026<\/strong><\/h3>\n<p><strong>\u00c0 la demande<\/strong><\/p>\n<h2>\ud83d\ude80 Du r\u00eave \u00e0 la r\u00e9alit\u00e9<\/h2>\n<p>Inspir\u00e9e par la P.N.L. et form\u00e9e par l&rsquo;un des plus grands coachs mondiaux (Anthony Robbins), Patricia transmet son savoir avec enthousiasme et passion.<\/p>\n<p>&nbsp;<\/p>\n\n\t<h2><strong>Coaching* Du R\u00eave \u00e0 la R\u00e9alit\u00e9<\/strong><\/h2>\n<p>Elle enseigne les m\u00e9thodes et donne les cl\u00e9s pour acc\u00e9der \u00e0 une vie \u00e9panouie et combl\u00e9e\u202f! (atelier cr\u00e9atif \u00e0 l&rsquo;appui + gestion de l&rsquo;agenda).<\/p>\n<p><strong>* Les repas sont inclus dans toutes les journ\u00e9es.<\/strong><\/p>\n\t<p><a href=\"https:\/\/annwigmore.fr\/vitaminncures\/coaching-du-reve-a-la-realite\/\">Plus d&rsquo;infos<\/a><\/p>\n<p><a href=\"tel:0768373452\">Inscription par t\u00e9l\u00e9phone<\/a><\/p>\n<p><strong>110 \u20ac la journ\u00e9e<\/strong><\/p>\n<p>Nombre minimum de participants: 6 et jusqu&rsquo;\u00e0 12 maximum.<\/p>\n\t<h3><strong>F\u00e9vrier\u00a0 2027 :<\/strong><br \/>\n<strong> pendant 3 semaines\u00a0<\/strong><\/h3>\n<p><strong>\u00a0<\/strong><\/p>\n\n\t<h3><strong>Formation certifi\u00e9e<\/strong><br \/>\n<strong> \u00e0 Porto-Rico<\/strong><\/h3>\n<strong>Sous le soleil des Cara\u00efbes,<\/strong><br \/>\n<strong>venez couper l&rsquo;hiver<\/strong><br \/>\n<strong>pendant 3 semaines\u00a0<\/strong><br \/>\n<strong>En Anglais avec traduction simultan\u00e9e en fran\u00e7ais<\/strong>\n\n\t\t\t\t<img decoding=\"async\" src=\"http:\/\/annwigmore.fr\/vitaminncures\/wp-content\/uploads\/sites\/7\/2017\/02\/Carte-Porto-rico-AWI.png\" alt=\"Carte-Porto-rico-AWI\" itemprop=\"image\" title=\"Carte-Porto-rico-AWI\" onerror=\"this.style.display='none'\"  \/>\n\t<p><a href=\"https:\/\/annwigmore.fr\/vitaminncures\/formations-ann-wigmore\/\">Plus d&rsquo;infos<\/a><\/p>\n<p><a href=\"tel:0768373452\">Inscription par t\u00e9l\u00e9phone<\/a><\/p>\n\n","protected":false},"excerpt":{"rendered":"<p>Agenda &amp; Inscriptions\u00a0 2026 \ud83d\udcc5 Dimanche 29\u202fmars &#8211; \ud83e\udd6cLa lacto\u2011fermentation \ud83d\udcc5 Dimanche 26\u202favril &#8211; \ud83e\udd57\u00a0 Entr\u00e9es salades &amp; sauces \ud83d\udcc5 Dimanche 31\u202fmai &#8211; \ud83c\udf53 Petit\u2011d\u00e9jeuners &amp; ol\u00e9agineux \ud83d\udcc5Dimanche 28\u202fJuin &#8211; \ud83c\udf31 La germination \ud83d\udcc5 Dimanche 27 Septembre -\ud83e\udd57\u00a0Les plats \ud83d\udcc5 Dimanche 25\u202foctobre &#8211; \ud83e\udd59 Les mises en bouche cr\u00e9atives \ud83d\udcc5 Dimanche 29 novembre &#8211; \ud83c\udf70&#8230;<\/p>\n","protected":false},"author":1,"featured_media":0,"parent":0,"menu_order":0,"comment_status":"closed","ping_status":"closed","template":"full-width-page.php","meta":{"footnotes":""},"yoast_head":"<!-- This site is optimized with the Yoast SEO plugin v18.9 - https:\/\/yoast.com\/wordpress\/plugins\/seo\/ -->\n<title>Agenda - Vitam&#039;Inn : D\u00e9tox &amp; Ressourcement<\/title>\n<meta name=\"robots\" content=\"index, follow, max-snippet:-1, max-image-preview:large, max-video-preview:-1\" \/>\n<link rel=\"canonical\" href=\"https:\/\/annwigmore.fr\/vitaminncures\/agenda\/\" \/>\n<meta property=\"og:locale\" content=\"fr_FR\" \/>\n<meta property=\"og:type\" content=\"article\" \/>\n<meta property=\"og:title\" content=\"Agenda - Vitam&#039;Inn : D\u00e9tox &amp; Ressourcement\" \/>\n<meta property=\"og:description\" content=\"Agenda &amp; Inscriptions\u00a0 2026 \ud83d\udcc5 Dimanche 29\u202fmars &#8211; \ud83e\udd6cLa lacto\u2011fermentation \ud83d\udcc5 Dimanche 26\u202favril &#8211; \ud83e\udd57\u00a0 Entr\u00e9es salades &amp; sauces \ud83d\udcc5 Dimanche 31\u202fmai &#8211; \ud83c\udf53 Petit\u2011d\u00e9jeuners &amp; ol\u00e9agineux \ud83d\udcc5Dimanche 28\u202fJuin &#8211; \ud83c\udf31 La germination \ud83d\udcc5 Dimanche 27 Septembre -\ud83e\udd57\u00a0Les plats \ud83d\udcc5 Dimanche 25\u202foctobre &#8211; \ud83e\udd59 Les mises en bouche cr\u00e9atives \ud83d\udcc5 Dimanche 29 novembre &#8211; \ud83c\udf70...\" \/>\n<meta property=\"og:url\" content=\"https:\/\/annwigmore.fr\/vitaminncures\/agenda\/\" \/>\n<meta property=\"og:site_name\" content=\"Vitam&#039;Inn : D\u00e9tox &amp; Ressourcement\" \/>\n<meta property=\"article:modified_time\" content=\"2026-03-16T21:20:10+00:00\" \/>\n<meta property=\"og:image\" content=\"http:\/\/annwigmore.fr\/vitaminncures\/wp-content\/uploads\/sites\/7\/2017\/02\/Carte-Porto-rico-AWI.png\" \/>\n<meta name=\"twitter:card\" content=\"summary\" \/>\n<meta name=\"twitter:label1\" content=\"Dur\u00e9e de lecture estim\u00e9e\" \/>\n\t<meta name=\"twitter:data1\" content=\"3 minutes\" \/>\n<script type=\"application\/ld+json\" class=\"yoast-schema-graph\">{\"@context\":\"https:\/\/schema.org\",\"@graph\":[{\"@type\":\"WebSite\",\"@id\":\"http:\/\/annwigmore.fr\/vitaminncures\/#website\",\"url\":\"http:\/\/annwigmore.fr\/vitaminncures\/\",\"name\":\"Vitam&#039;Inn : D\u00e9tox &amp; Ressourcement\",\"description\":\"Cures, Vacances et Formations\",\"potentialAction\":[{\"@type\":\"SearchAction\",\"target\":{\"@type\":\"EntryPoint\",\"urlTemplate\":\"http:\/\/annwigmore.fr\/vitaminncures\/?s={search_term_string}\"},\"query-input\":\"required name=search_term_string\"}],\"inLanguage\":\"fr-FR\"},{\"@type\":\"ImageObject\",\"inLanguage\":\"fr-FR\",\"@id\":\"https:\/\/annwigmore.fr\/vitaminncures\/agenda\/#primaryimage\",\"url\":\"https:\/\/annwigmore.fr\/vitaminncures\/wp-content\/uploads\/sites\/7\/2017\/02\/Carte-Porto-rico-AWI.png\",\"contentUrl\":\"https:\/\/annwigmore.fr\/vitaminncures\/wp-content\/uploads\/sites\/7\/2017\/02\/Carte-Porto-rico-AWI.png\",\"width\":300,\"height\":95},{\"@type\":\"WebPage\",\"@id\":\"https:\/\/annwigmore.fr\/vitaminncures\/agenda\/#webpage\",\"url\":\"https:\/\/annwigmore.fr\/vitaminncures\/agenda\/\",\"name\":\"Agenda - Vitam&#039;Inn : D\u00e9tox &amp; Ressourcement\",\"isPartOf\":{\"@id\":\"http:\/\/annwigmore.fr\/vitaminncures\/#website\"},\"primaryImageOfPage\":{\"@id\":\"https:\/\/annwigmore.fr\/vitaminncures\/agenda\/#primaryimage\"},\"datePublished\":\"2017-04-01T10:28:03+00:00\",\"dateModified\":\"2026-03-16T21:20:10+00:00\",\"breadcrumb\":{\"@id\":\"https:\/\/annwigmore.fr\/vitaminncures\/agenda\/#breadcrumb\"},\"inLanguage\":\"fr-FR\",\"potentialAction\":[{\"@type\":\"ReadAction\",\"target\":[\"https:\/\/annwigmore.fr\/vitaminncures\/agenda\/\"]}]},{\"@type\":\"BreadcrumbList\",\"@id\":\"https:\/\/annwigmore.fr\/vitaminncures\/agenda\/#breadcrumb\",\"itemListElement\":[{\"@type\":\"ListItem\",\"position\":1,\"name\":\"Accueil\",\"item\":\"http:\/\/annwigmore.fr\/vitaminncures\/\"},{\"@type\":\"ListItem\",\"position\":2,\"name\":\"Agenda\"}]}]}<\/script>\n<!-- \/ Yoast SEO plugin. -->","yoast_head_json":{"title":"Agenda - Vitam&#039;Inn : D\u00e9tox &amp; Ressourcement","robots":{"index":"index","follow":"follow","max-snippet":"max-snippet:-1","max-image-preview":"max-image-preview:large","max-video-preview":"max-video-preview:-1"},"canonical":"https:\/\/annwigmore.fr\/vitaminncures\/agenda\/","og_locale":"fr_FR","og_type":"article","og_title":"Agenda - Vitam&#039;Inn : D\u00e9tox &amp; Ressourcement","og_description":"Agenda &amp; Inscriptions\u00a0 2026 \ud83d\udcc5 Dimanche 29\u202fmars &#8211; \ud83e\udd6cLa lacto\u2011fermentation \ud83d\udcc5 Dimanche 26\u202favril &#8211; \ud83e\udd57\u00a0 Entr\u00e9es salades &amp; sauces \ud83d\udcc5 Dimanche 31\u202fmai &#8211; \ud83c\udf53 Petit\u2011d\u00e9jeuners &amp; ol\u00e9agineux \ud83d\udcc5Dimanche 28\u202fJuin &#8211; \ud83c\udf31 La germination \ud83d\udcc5 Dimanche 27 Septembre -\ud83e\udd57\u00a0Les plats \ud83d\udcc5 Dimanche 25\u202foctobre &#8211; \ud83e\udd59 Les mises en bouche cr\u00e9atives \ud83d\udcc5 Dimanche 29 novembre &#8211; \ud83c\udf70...","og_url":"https:\/\/annwigmore.fr\/vitaminncures\/agenda\/","og_site_name":"Vitam&#039;Inn : D\u00e9tox &amp; Ressourcement","article_modified_time":"2026-03-16T21:20:10+00:00","og_image":[{"url":"http:\/\/annwigmore.fr\/vitaminncures\/wp-content\/uploads\/sites\/7\/2017\/02\/Carte-Porto-rico-AWI.png"}],"twitter_card":"summary","twitter_misc":{"Dur\u00e9e de lecture estim\u00e9e":"3 minutes"},"schema":{"@context":"https:\/\/schema.org","@graph":[{"@type":"WebSite","@id":"http:\/\/annwigmore.fr\/vitaminncures\/#website","url":"http:\/\/annwigmore.fr\/vitaminncures\/","name":"Vitam&#039;Inn : D\u00e9tox &amp; Ressourcement","description":"Cures, Vacances et Formations","potentialAction":[{"@type":"SearchAction","target":{"@type":"EntryPoint","urlTemplate":"http:\/\/annwigmore.fr\/vitaminncures\/?s={search_term_string}"},"query-input":"required name=search_term_string"}],"inLanguage":"fr-FR"},{"@type":"ImageObject","inLanguage":"fr-FR","@id":"https:\/\/annwigmore.fr\/vitaminncures\/agenda\/#primaryimage","url":"https:\/\/annwigmore.fr\/vitaminncures\/wp-content\/uploads\/sites\/7\/2017\/02\/Carte-Porto-rico-AWI.png","contentUrl":"https:\/\/annwigmore.fr\/vitaminncures\/wp-content\/uploads\/sites\/7\/2017\/02\/Carte-Porto-rico-AWI.png","width":300,"height":95},{"@type":"WebPage","@id":"https:\/\/annwigmore.fr\/vitaminncures\/agenda\/#webpage","url":"https:\/\/annwigmore.fr\/vitaminncures\/agenda\/","name":"Agenda - Vitam&#039;Inn : D\u00e9tox &amp; Ressourcement","isPartOf":{"@id":"http:\/\/annwigmore.fr\/vitaminncures\/#website"},"primaryImageOfPage":{"@id":"https:\/\/annwigmore.fr\/vitaminncures\/agenda\/#primaryimage"},"datePublished":"2017-04-01T10:28:03+00:00","dateModified":"2026-03-16T21:20:10+00:00","breadcrumb":{"@id":"https:\/\/annwigmore.fr\/vitaminncures\/agenda\/#breadcrumb"},"inLanguage":"fr-FR","potentialAction":[{"@type":"ReadAction","target":["https:\/\/annwigmore.fr\/vitaminncures\/agenda\/"]}]},{"@type":"BreadcrumbList","@id":"https:\/\/annwigmore.fr\/vitaminncures\/agenda\/#breadcrumb","itemListElement":[{"@type":"ListItem","position":1,"name":"Accueil","item":"http:\/\/annwigmore.fr\/vitaminncures\/"},{"@type":"ListItem","position":2,"name":"Agenda"}]}]}},"_links":{"self":[{"href":"https:\/\/annwigmore.fr\/vitaminncures\/wp-json\/wp\/v2\/pages\/1105"}],"collection":[{"href":"https:\/\/annwigmore.fr\/vitaminncures\/wp-json\/wp\/v2\/pages"}],"about":[{"href":"https:\/\/annwigmore.fr\/vitaminncures\/wp-json\/wp\/v2\/types\/page"}],"author":[{"embeddable":true,"href":"https:\/\/annwigmore.fr\/vitaminncures\/wp-json\/wp\/v2\/users\/1"}],"replies":[{"embeddable":true,"href":"https:\/\/annwigmore.fr\/vitaminncures\/wp-json\/wp\/v2\/comments?post=1105"}],"version-history":[{"count":134,"href":"https:\/\/annwigmore.fr\/vitaminncures\/wp-json\/wp\/v2\/pages\/1105\/revisions"}],"predecessor-version":[{"id":2384,"href":"https:\/\/annwigmore.fr\/vitaminncures\/wp-json\/wp\/v2\/pages\/1105\/revisions\/2384"}],"wp:attachment":[{"href":"https:\/\/annwigmore.fr\/vitaminncures\/wp-json\/wp\/v2\/media?parent=1105"}],"curies":[{"name":"wp","href":"https:\/\/api.w.org\/{rel}","templated":true}]}}