{"id":1117,"date":"2017-04-01T14:38:57","date_gmt":"2017-04-01T12:38:57","guid":{"rendered":"http:\/\/annwigmore.fr\/vitaminncures\/?page_id=1117"},"modified":"2026-02-17T22:25:23","modified_gmt":"2026-02-17T21:25:23","slug":"les-soins","status":"publish","type":"page","link":"https:\/\/annwigmore.fr\/vitaminncures\/les-soins\/","title":{"rendered":"Les soins"},"content":{"rendered":"\n\n\t\t\t\t<img decoding=\"async\" src=\"http:\/\/annwigmore.fr\/vitaminncures\/wp-content\/uploads\/sites\/7\/2017\/04\/flower-1884161_1920.jpg\" alt=\"flower-1884161_1920\" itemprop=\"image\" title=\"flower-1884161_1920\" onerror=\"this.style.display='none'\"  \/>\n\t<h1><a href=\"http:\/\/annwigmore.fr\/vitaminncures\/le-sauna-infra-rouge\/\"><img loading=\"lazy\" decoding=\"async\" src=\"http:\/\/annwigmore.fr\/vitaminncures\/wp-content\/uploads\/sites\/7\/2017\/04\/485.-Sauna-min-300x200.jpg\" alt=\"\" width=\"300\" height=\"200\" \/><\/a>Le Sauna infrarouge<\/h1>\nVous b\u00e9n\u00e9ficierez d&rsquo;un acc\u00e8s quotidien \u00e0 une <a href=\"http:\/\/annwigmore.fr\/vitaminncures\/le-sauna-infra-rouge\/\">cabine infrarouge (Sauna)<\/a> dot\u00e9e de :<br \/>\n&#8211; <a href=\"http:\/\/www.medecines-naturelles.com\/aromatherapie-1.html\" target=\"_blank\" rel=\"noopener\">l&rsquo;aromath\u00e9rapie<\/a><br \/>\n&#8211;<a href=\"http:\/\/www.medecines-naturelles.com\/chromotherapie-1.html\" target=\"_blank\" rel=\"noopener\"> la chromoth\u00e9rapie<\/a>\n<p>Les rayonneurs d&rsquo;une cabine infrarouge produisent une chaleur en profondeur qui sort pour ainsi dire du corps et ce dans un espace a\u00e9r\u00e9 avec une temp\u00e9rature s\u00e8che agr\u00e9able montant progressivement \u00e0 50\u00b0C au maximum. Le grand avantage de la cabine infrarouge est la d\u00e9toxication efficace. La transpiration se compose non seulement d&rsquo;eau mais contient aussi de la graisse, du cholest\u00e9rol et de toutes sortes de toxines.<\/p>\n\t<h1><a href=\"http:\/\/www.kangen.be\" target=\"_blank\" rel=\"noopener\"><img loading=\"lazy\" decoding=\"async\" src=\"http:\/\/annwigmore.fr\/vitaminncures\/wp-content\/uploads\/sites\/7\/2017\/04\/Kangen-300x112.jpg\" alt=\"\" width=\"300\" height=\"112\" \/><\/a>L&rsquo;eau de KANGEN<\/h1>\nTout au long de votre s\u00e9jour vous pourrez appr\u00e9cier les bienfaits de l<a href=\"http:\/\/www.kangen.be\" target=\"_blank\" rel=\"noopener\">&lsquo;eau Kangen <\/a>Utilis\u00e9e depuis plus de 40 ans au Japon, cette eau a d\u00e9montr\u00e9 son efficacit\u00e9 dans nombre d&rsquo;affections.<br \/>\nElle r\u00e9gularise ainsi l&rsquo;insuline et le sucre (diab\u00e8te), normalise l&rsquo;hypertension, \u00e9limine les tissus graisseux ex\u00accessifs et le cholest\u00e9rol, maintient le c\u00f4lon en bonne sant\u00e9, fait dispara\u00eetre les infections urinaires, les infections respiratoires chroniques et l&rsquo;asthme. Elle am\u00e9liore la cicatrisation des plaies et assainit la peau en la pr\u00e9servant d&rsquo;un vieillissement pr\u00e9matur\u00e9.<br \/>\nElle arr\u00eate encore la putr\u00e9faction anormale du tube digestif, r\u00e9duit la prolif\u00e9ration des candida albicans, mycoses et microbes.<br \/>\nD&rsquo;un point de vue psychique, elle diminue l&rsquo;intensit\u00e9 de la douleur, am\u00e9liore le sommeil et l&rsquo;humeur.<br \/>\nEnfin, elle aide \u00e0 stabiliser des maladies telles que le cancer ou encore l&rsquo;h\u00e9patite C.\n\t<h1><a href=\"http:\/\/www.holiste.com\" target=\"_blank\" rel=\"noopener\"><img loading=\"lazy\" decoding=\"async\" src=\"http:\/\/annwigmore.fr\/vitaminncures\/wp-content\/uploads\/sites\/7\/2017\/04\/bol-air-jacquier-256x300.jpg\" alt=\"\" width=\"256\" height=\"300\" \/>Le Bol d&rsquo;Air Jacquier<\/a><\/h1>\n<a href=\"http:\/\/www.holiste.com\" target=\"_blank\" rel=\"noopener\">Le Bol d&rsquo;air<\/a> optimise l&rsquo;oxyg\u00e9nation de l&rsquo;organisme. Il augmente et entretien notre facult\u00e9 d&rsquo;assimilation de l&rsquo;oxyg\u00e8ne normalement respir\u00e9. Le Bol d&rsquo;air contribue ainsi \u00e0 pr\u00e9server un bon \u00e9tat de sant\u00e9.<br \/>\nObjectif : respirer plus efficacement<br \/>\nNotre capacit\u00e9 \u00e0 utiliser l&rsquo;oxyg\u00e8ne de l&rsquo;air diminue en raison de nombreux facteurs comme la pollution, les conditions de vie, le stress, le vieillissement, la maladie&#8230;<br \/>\nLe Bol d&rsquo;air apporte une solution \u00e0 la sous-oxyg\u00e9nation cellulaire (hypoxie) qui en d\u00e9coule.\nLorsque nous respirons, l&rsquo;oxyg\u00e8ne p\u00e9n\u00e8tre au fond des alv\u00e9oles pulmonaires. Il se lie \u00e0 l&rsquo;h\u00e9moglobine de fa\u00e7on instable et forme avec elle l&rsquo;oxyh\u00e9moglobine.<br \/>\nL&rsquo;oxyh\u00e9moglobine, transport\u00e9e par le sang dans tout l&rsquo;organisme, c\u00e8de son oxyg\u00e8ne aux cellules sous une forme assimilable. Elle se r\u00e9-oxyg\u00e8ne en revenant aux poumons et le cycle recommence.<br \/>\nDans l&rsquo;air que nous respirons, m\u00eame en cas de pollution extr\u00eame, l&rsquo;oxyg\u00e8ne est constamment disponible et sa concentration est de 21% depuis des mill\u00e9naires. Si nos cellules manquent d&rsquo;oxyg\u00e8ne, c&rsquo;est bien notre capacit\u00e9 \u00e0 l&rsquo;utiliser qui est en cause.<br \/>\nUne solution grandeur nature<br \/>\nRen\u00e9 Jacquier avait constat\u00e9 que depuis l&rsquo;Antiquit\u00e9, les lieux de sant\u00e9 se situaient dans des for\u00eats de pins et de sapins. D&rsquo;observations en exp\u00e9riences, il trouva dans les essences du pin des Landes (Pinus pinaster) la r\u00e9ponse \u00e0 ses questions.<br \/>\nLe r\u00f4le de l&rsquo;essence de pin<br \/>\nL&rsquo;essence de r\u00e9sine de pin, riche en alpha et beta pin\u00e8nes, est utilis\u00e9e en m\u00e9decine et en cosm\u00e9tique pour ses effets b\u00e9n\u00e9fiques tr\u00e8s connus : antiseptique, antibact\u00e9rien, antifongique, antiparasitaire&#8230;<br \/>\nElle est compos\u00e9e de mol\u00e9cules aromatiques insatur\u00e9es qui offrent la possibilit\u00e9 d&rsquo;une liaison chimique suppl\u00e9mentaire.<br \/>\nDans l&rsquo;atmosph\u00e8re et dans certaines conditions physiques et m\u00e9t\u00e9orologiques, elles se chargent fortement en oxyg\u00e8ne, ce qui les rend tr\u00e8s r\u00e9actives.<br \/>\nC&rsquo;est \u00e0 partir de ce ph\u00e9nom\u00e8ne naturel que Ren\u00e9 Jacquier a imagin\u00e9 la solution Bol d&rsquo;air : utiliser l&rsquo;huile essentielle de r\u00e9sine de pin (t\u00e9r\u00e9benthine), pour cr\u00e9er un transporteur d&rsquo;oxyg\u00e8ne.\n\t<h1>\n<a href=\"https:\/\/fr.wikipedia.org\/wiki\/Lavage_de_l'intestin\" target=\"_blank\" rel=\"noopener\"><img loading=\"lazy\" decoding=\"async\" src=\"http:\/\/annwigmore.fr\/vitaminncures\/wp-content\/uploads\/sites\/7\/2017\/04\/lavement.jpg\" alt=\"\" width=\"200\" height=\"200\" \/><\/a>Les Lavements<\/h1>\nUne introduction aux<a href=\"https:\/\/fr.wikipedia.org\/wiki\/Lavage_de_l'intestin\" target=\"_blank\" rel=\"noopener\"> lavements \u00e0 l&rsquo;eau<\/a> et \u00e0 l&rsquo;herbe de bl\u00e9<br \/>\nLe lavage d&rsquo;intestin consiste en l&rsquo;injection d&rsquo;un volume d&rsquo;eau ou d&rsquo;autre liquide dans le c\u00f4lon, au moyen d&rsquo;une canule ins\u00e9r\u00e9e dans l&rsquo;anus. On ne doit pas confondre le lavement et l&rsquo;administration de laxatifs liquides par voie rectale, souvent improprement d\u00e9nomm\u00e9s \u00ab lavements \u00bb.<br \/>\nLes lavements, connus alors sous le nom de clyst\u00e8re \u00e9taient tr\u00e8s utilis\u00e9s aux XVIIe et XVIIIe si\u00e8cles, \u00e9poques o\u00f9 l&rsquo;on connaissait peu de rem\u00e8des.<br \/>\nUne hydroth\u00e9rapie du c\u00f4lon peut \u00eatre r\u00e9serv\u00e9e moyennant participation\n\t\n<h1><img loading=\"lazy\" decoding=\"async\" src=\"http:\/\/annwigmore.fr\/vitaminncures\/wp-content\/uploads\/sites\/7\/2026\/02\/massge-bien-etre-1-300x200.jpg\" alt=\"\" width=\"300\" height=\"200\" \/><\/h1>\n<h1>Soins du corps<\/h1>\n<p>Soins du corps: soins holistiques, massage kobido, massage chi nei tsang, r\u00e9flexologie plantaire.<\/p>\n\t<h1><img loading=\"lazy\" decoding=\"async\" src=\"http:\/\/annwigmore.fr\/vitaminncures\/wp-content\/uploads\/sites\/7\/2026\/02\/trampo2-300x182.jpeg\" alt=\"\" width=\"300\" height=\"182\" \/>Le trampoline<\/h1>\n<p>Lors de vos s\u00e9jours \u00e0 Vers-Pont-du-Gard, vous pourrez acc\u00e9der au trampoline.<\/p>\n\n","protected":false},"excerpt":{"rendered":"<p>Le Sauna infrarouge Vous b\u00e9n\u00e9ficierez d&rsquo;un acc\u00e8s quotidien \u00e0 une cabine infrarouge (Sauna) dot\u00e9e de : &#8211; l&rsquo;aromath\u00e9rapie &#8211; la chromoth\u00e9rapie Les rayonneurs d&rsquo;une cabine infrarouge produisent une chaleur en profondeur qui sort pour ainsi dire du corps et ce dans un espace a\u00e9r\u00e9 avec une temp\u00e9rature s\u00e8che agr\u00e9able montant progressivement \u00e0 50\u00b0C au maximum&#8230;.<\/p>\n","protected":false},"author":1,"featured_media":0,"parent":0,"menu_order":0,"comment_status":"closed","ping_status":"closed","template":"full-width-page.php","meta":{"footnotes":""},"yoast_head":"<!-- This site is optimized with the Yoast SEO plugin v18.9 - https:\/\/yoast.com\/wordpress\/plugins\/seo\/ -->\n<title>Les soins - Vitam&#039;Inn : D\u00e9tox &amp; Ressourcement<\/title>\n<meta name=\"robots\" content=\"index, follow, max-snippet:-1, max-image-preview:large, max-video-preview:-1\" \/>\n<link rel=\"canonical\" href=\"https:\/\/annwigmore.fr\/vitaminncures\/les-soins\/\" \/>\n<meta property=\"og:locale\" content=\"fr_FR\" \/>\n<meta property=\"og:type\" content=\"article\" \/>\n<meta property=\"og:title\" content=\"Les soins - Vitam&#039;Inn : D\u00e9tox &amp; Ressourcement\" \/>\n<meta property=\"og:description\" content=\"Le Sauna infrarouge Vous b\u00e9n\u00e9ficierez d&rsquo;un acc\u00e8s quotidien \u00e0 une cabine infrarouge (Sauna) dot\u00e9e de : &#8211; l&rsquo;aromath\u00e9rapie &#8211; la chromoth\u00e9rapie Les rayonneurs d&rsquo;une cabine infrarouge produisent une chaleur en profondeur qui sort pour ainsi dire du corps et ce dans un espace a\u00e9r\u00e9 avec une temp\u00e9rature s\u00e8che agr\u00e9able montant progressivement \u00e0 50\u00b0C au maximum....\" \/>\n<meta property=\"og:url\" content=\"https:\/\/annwigmore.fr\/vitaminncures\/les-soins\/\" \/>\n<meta property=\"og:site_name\" content=\"Vitam&#039;Inn : D\u00e9tox &amp; Ressourcement\" \/>\n<meta property=\"article:modified_time\" content=\"2026-02-17T21:25:23+00:00\" \/>\n<meta property=\"og:image\" content=\"http:\/\/annwigmore.fr\/vitaminncures\/wp-content\/uploads\/sites\/7\/2017\/04\/flower-1884161_1920.jpg\" \/>\n<meta name=\"twitter:card\" content=\"summary\" \/>\n<meta name=\"twitter:label1\" content=\"Dur\u00e9e de lecture estim\u00e9e\" \/>\n\t<meta name=\"twitter:data1\" content=\"4 minutes\" \/>\n<script type=\"application\/ld+json\" class=\"yoast-schema-graph\">{\"@context\":\"https:\/\/schema.org\",\"@graph\":[{\"@type\":\"WebSite\",\"@id\":\"http:\/\/annwigmore.fr\/vitaminncures\/#website\",\"url\":\"http:\/\/annwigmore.fr\/vitaminncures\/\",\"name\":\"Vitam&#039;Inn : D\u00e9tox &amp; Ressourcement\",\"description\":\"Cures, Vacances et Formations\",\"potentialAction\":[{\"@type\":\"SearchAction\",\"target\":{\"@type\":\"EntryPoint\",\"urlTemplate\":\"http:\/\/annwigmore.fr\/vitaminncures\/?s={search_term_string}\"},\"query-input\":\"required name=search_term_string\"}],\"inLanguage\":\"fr-FR\"},{\"@type\":\"ImageObject\",\"inLanguage\":\"fr-FR\",\"@id\":\"https:\/\/annwigmore.fr\/vitaminncures\/les-soins\/#primaryimage\",\"url\":\"https:\/\/annwigmore.fr\/vitaminncures\/wp-content\/uploads\/sites\/7\/2017\/04\/flower-1884161_1920.jpg\",\"contentUrl\":\"https:\/\/annwigmore.fr\/vitaminncures\/wp-content\/uploads\/sites\/7\/2017\/04\/flower-1884161_1920.jpg\",\"width\":1920,\"height\":1280},{\"@type\":\"WebPage\",\"@id\":\"https:\/\/annwigmore.fr\/vitaminncures\/les-soins\/#webpage\",\"url\":\"https:\/\/annwigmore.fr\/vitaminncures\/les-soins\/\",\"name\":\"Les soins - Vitam&#039;Inn : D\u00e9tox &amp; Ressourcement\",\"isPartOf\":{\"@id\":\"http:\/\/annwigmore.fr\/vitaminncures\/#website\"},\"primaryImageOfPage\":{\"@id\":\"https:\/\/annwigmore.fr\/vitaminncures\/les-soins\/#primaryimage\"},\"datePublished\":\"2017-04-01T12:38:57+00:00\",\"dateModified\":\"2026-02-17T21:25:23+00:00\",\"breadcrumb\":{\"@id\":\"https:\/\/annwigmore.fr\/vitaminncures\/les-soins\/#breadcrumb\"},\"inLanguage\":\"fr-FR\",\"potentialAction\":[{\"@type\":\"ReadAction\",\"target\":[\"https:\/\/annwigmore.fr\/vitaminncures\/les-soins\/\"]}]},{\"@type\":\"BreadcrumbList\",\"@id\":\"https:\/\/annwigmore.fr\/vitaminncures\/les-soins\/#breadcrumb\",\"itemListElement\":[{\"@type\":\"ListItem\",\"position\":1,\"name\":\"Accueil\",\"item\":\"http:\/\/annwigmore.fr\/vitaminncures\/\"},{\"@type\":\"ListItem\",\"position\":2,\"name\":\"Les soins\"}]}]}<\/script>\n<!-- \/ Yoast SEO plugin. -->","yoast_head_json":{"title":"Les soins - Vitam&#039;Inn : D\u00e9tox &amp; Ressourcement","robots":{"index":"index","follow":"follow","max-snippet":"max-snippet:-1","max-image-preview":"max-image-preview:large","max-video-preview":"max-video-preview:-1"},"canonical":"https:\/\/annwigmore.fr\/vitaminncures\/les-soins\/","og_locale":"fr_FR","og_type":"article","og_title":"Les soins - Vitam&#039;Inn : D\u00e9tox &amp; Ressourcement","og_description":"Le Sauna infrarouge Vous b\u00e9n\u00e9ficierez d&rsquo;un acc\u00e8s quotidien \u00e0 une cabine infrarouge (Sauna) dot\u00e9e de : &#8211; l&rsquo;aromath\u00e9rapie &#8211; la chromoth\u00e9rapie Les rayonneurs d&rsquo;une cabine infrarouge produisent une chaleur en profondeur qui sort pour ainsi dire du corps et ce dans un espace a\u00e9r\u00e9 avec une temp\u00e9rature s\u00e8che agr\u00e9able montant progressivement \u00e0 50\u00b0C au maximum....","og_url":"https:\/\/annwigmore.fr\/vitaminncures\/les-soins\/","og_site_name":"Vitam&#039;Inn : D\u00e9tox &amp; Ressourcement","article_modified_time":"2026-02-17T21:25:23+00:00","og_image":[{"url":"http:\/\/annwigmore.fr\/vitaminncures\/wp-content\/uploads\/sites\/7\/2017\/04\/flower-1884161_1920.jpg"}],"twitter_card":"summary","twitter_misc":{"Dur\u00e9e de lecture estim\u00e9e":"4 minutes"},"schema":{"@context":"https:\/\/schema.org","@graph":[{"@type":"WebSite","@id":"http:\/\/annwigmore.fr\/vitaminncures\/#website","url":"http:\/\/annwigmore.fr\/vitaminncures\/","name":"Vitam&#039;Inn : D\u00e9tox &amp; Ressourcement","description":"Cures, Vacances et Formations","potentialAction":[{"@type":"SearchAction","target":{"@type":"EntryPoint","urlTemplate":"http:\/\/annwigmore.fr\/vitaminncures\/?s={search_term_string}"},"query-input":"required name=search_term_string"}],"inLanguage":"fr-FR"},{"@type":"ImageObject","inLanguage":"fr-FR","@id":"https:\/\/annwigmore.fr\/vitaminncures\/les-soins\/#primaryimage","url":"https:\/\/annwigmore.fr\/vitaminncures\/wp-content\/uploads\/sites\/7\/2017\/04\/flower-1884161_1920.jpg","contentUrl":"https:\/\/annwigmore.fr\/vitaminncures\/wp-content\/uploads\/sites\/7\/2017\/04\/flower-1884161_1920.jpg","width":1920,"height":1280},{"@type":"WebPage","@id":"https:\/\/annwigmore.fr\/vitaminncures\/les-soins\/#webpage","url":"https:\/\/annwigmore.fr\/vitaminncures\/les-soins\/","name":"Les soins - Vitam&#039;Inn : D\u00e9tox &amp; Ressourcement","isPartOf":{"@id":"http:\/\/annwigmore.fr\/vitaminncures\/#website"},"primaryImageOfPage":{"@id":"https:\/\/annwigmore.fr\/vitaminncures\/les-soins\/#primaryimage"},"datePublished":"2017-04-01T12:38:57+00:00","dateModified":"2026-02-17T21:25:23+00:00","breadcrumb":{"@id":"https:\/\/annwigmore.fr\/vitaminncures\/les-soins\/#breadcrumb"},"inLanguage":"fr-FR","potentialAction":[{"@type":"ReadAction","target":["https:\/\/annwigmore.fr\/vitaminncures\/les-soins\/"]}]},{"@type":"BreadcrumbList","@id":"https:\/\/annwigmore.fr\/vitaminncures\/les-soins\/#breadcrumb","itemListElement":[{"@type":"ListItem","position":1,"name":"Accueil","item":"http:\/\/annwigmore.fr\/vitaminncures\/"},{"@type":"ListItem","position":2,"name":"Les soins"}]}]}},"_links":{"self":[{"href":"https:\/\/annwigmore.fr\/vitaminncures\/wp-json\/wp\/v2\/pages\/1117"}],"collection":[{"href":"https:\/\/annwigmore.fr\/vitaminncures\/wp-json\/wp\/v2\/pages"}],"about":[{"href":"https:\/\/annwigmore.fr\/vitaminncures\/wp-json\/wp\/v2\/types\/page"}],"author":[{"embeddable":true,"href":"https:\/\/annwigmore.fr\/vitaminncures\/wp-json\/wp\/v2\/users\/1"}],"replies":[{"embeddable":true,"href":"https:\/\/annwigmore.fr\/vitaminncures\/wp-json\/wp\/v2\/comments?post=1117"}],"version-history":[{"count":20,"href":"https:\/\/annwigmore.fr\/vitaminncures\/wp-json\/wp\/v2\/pages\/1117\/revisions"}],"predecessor-version":[{"id":2223,"href":"https:\/\/annwigmore.fr\/vitaminncures\/wp-json\/wp\/v2\/pages\/1117\/revisions\/2223"}],"wp:attachment":[{"href":"https:\/\/annwigmore.fr\/vitaminncures\/wp-json\/wp\/v2\/media?parent=1117"}],"curies":[{"name":"wp","href":"https:\/\/api.w.org\/{rel}","templated":true}]}}