{"id":1580,"date":"2020-06-11T23:05:51","date_gmt":"2020-06-11T21:05:51","guid":{"rendered":"http:\/\/annwigmore.fr\/vitaminncures\/?page_id=1580"},"modified":"2026-02-15T21:19:10","modified_gmt":"2026-02-15T20:19:10","slug":"contact-fr","status":"publish","type":"page","link":"https:\/\/annwigmore.fr\/vitaminncures\/contact-fr\/","title":{"rendered":"Contact"},"content":{"rendered":"\n\n\t<p><img loading=\"lazy\" decoding=\"async\" src=\"http:\/\/annwigmore.fr\/vitaminncures\/wp-content\/uploads\/sites\/7\/2020\/08\/Vitaminn-2020-300x189.png\" alt=\"\" width=\"300\" height=\"189\" \/><\/p>\n\n\t<h2>Patricia KERSULEC<\/h2>\n673, Chemin de Valsonni\u00e8re<br \/>\nF 30610 Vers-Pont-du-Gard\n<p>Portable fran\u00e7ais : <a href=\"tel:+33 768\/37.34.52\">+33 768\/37.34.52<\/a><\/p>\n<p>Email : <a href=\"mailto:patricia.kersulec@gmail.com\">patricia.kersulec@gmail.com<\/a><\/p>\n<h3>www.vitaminn.fr<\/h3>\n\t\t\t\t<img decoding=\"async\" src=\"http:\/\/annwigmore.fr\/vitaminncures\/wp-content\/uploads\/sites\/7\/2017\/01\/facede-vers.jpg\" alt=\"facede-vers\" itemprop=\"image\" title=\"facede-vers\" onerror=\"this.style.display='none'\"  \/>\n\t<h3>Coordonn\u00e9es GPS<\/h3>\n<p>Latitude : 43.97142\u00a0 \u00a0 \u00a0 \u00a0 \u00a0 \u00a0 \u00a0 Longitude : 4.529129<\/p>\n\t<p><iframe loading=\"lazy\" tabindex=\"0\" src=\"https:\/\/www.google.com\/maps\/embed?pb=!1m18!1m12!1m3!1d2871.338805669117!2d4.529453415730581!3d43.97304253970683!2m3!1f0!2f0!3f0!3m2!1i1024!2i768!4f13.1!3m3!1m2!1s0x12b5c859ff9936cf%3A0xac2dac254134a65f!2s673%20Chemin%20de%20Valsonni%C3%A8re%2C%2030210%20Vers-Pont-du-Gard%2C%20France!5e0!3m2!1sfr!2sbe!4v1591911658383!5m2!1sfr!2sbe\" width=\"800\" height=\"600\" frameborder=\"0\" allowfullscreen=\"allowfullscreen\" aria-hidden=\"false\"><\/iframe><\/p>\n\n","protected":false},"excerpt":{"rendered":"<p>Patricia KERSULEC 673, Chemin de Valsonni\u00e8re F 30610 Vers-Pont-du-Gard Portable fran\u00e7ais : +33 768\/37.34.52 Email : patricia.kersulec@gmail.com www.vitaminn.fr Coordonn\u00e9es GPS Latitude : 43.97142\u00a0 \u00a0 \u00a0 \u00a0 \u00a0 \u00a0 \u00a0 Longitude : 4.529129<\/p>\n","protected":false},"author":1,"featured_media":0,"parent":0,"menu_order":0,"comment_status":"closed","ping_status":"closed","template":"full-width-page.php","meta":{"footnotes":""},"yoast_head":"<!-- This site is optimized with the Yoast SEO plugin v18.9 - https:\/\/yoast.com\/wordpress\/plugins\/seo\/ -->\n<title>Contact - Vitam&#039;Inn : D\u00e9tox &amp; Ressourcement<\/title>\n<meta name=\"robots\" content=\"index, follow, max-snippet:-1, max-image-preview:large, max-video-preview:-1\" \/>\n<link rel=\"canonical\" href=\"https:\/\/annwigmore.fr\/vitaminncures\/contact-fr\/\" \/>\n<meta property=\"og:locale\" content=\"fr_FR\" \/>\n<meta property=\"og:type\" content=\"article\" \/>\n<meta property=\"og:title\" content=\"Contact - Vitam&#039;Inn : D\u00e9tox &amp; Ressourcement\" \/>\n<meta property=\"og:description\" content=\"Patricia KERSULEC 673, Chemin de Valsonni\u00e8re F 30610 Vers-Pont-du-Gard Portable fran\u00e7ais : +33 768\/37.34.52 Email : patricia.kersulec@gmail.com www.vitaminn.fr Coordonn\u00e9es GPS Latitude : 43.97142\u00a0 \u00a0 \u00a0 \u00a0 \u00a0 \u00a0 \u00a0 Longitude : 4.529129\" \/>\n<meta property=\"og:url\" content=\"https:\/\/annwigmore.fr\/vitaminncures\/contact-fr\/\" \/>\n<meta property=\"og:site_name\" content=\"Vitam&#039;Inn : D\u00e9tox &amp; Ressourcement\" \/>\n<meta property=\"article:modified_time\" content=\"2026-02-15T20:19:10+00:00\" \/>\n<meta property=\"og:image\" content=\"http:\/\/annwigmore.fr\/vitaminncures\/wp-content\/uploads\/sites\/7\/2020\/08\/Vitaminn-2020-300x189.png\" \/>\n<meta name=\"twitter:card\" content=\"summary\" \/>\n<script type=\"application\/ld+json\" class=\"yoast-schema-graph\">{\"@context\":\"https:\/\/schema.org\",\"@graph\":[{\"@type\":\"WebSite\",\"@id\":\"http:\/\/annwigmore.fr\/vitaminncures\/#website\",\"url\":\"http:\/\/annwigmore.fr\/vitaminncures\/\",\"name\":\"Vitam&#039;Inn : D\u00e9tox &amp; Ressourcement\",\"description\":\"Cures, Vacances et Formations\",\"potentialAction\":[{\"@type\":\"SearchAction\",\"target\":{\"@type\":\"EntryPoint\",\"urlTemplate\":\"http:\/\/annwigmore.fr\/vitaminncures\/?s={search_term_string}\"},\"query-input\":\"required name=search_term_string\"}],\"inLanguage\":\"fr-FR\"},{\"@type\":\"ImageObject\",\"inLanguage\":\"fr-FR\",\"@id\":\"https:\/\/annwigmore.fr\/vitaminncures\/contact-fr\/#primaryimage\",\"url\":\"https:\/\/annwigmore.fr\/vitaminncures\/wp-content\/uploads\/sites\/7\/2020\/08\/Vitaminn-2020.png\",\"contentUrl\":\"https:\/\/annwigmore.fr\/vitaminncures\/wp-content\/uploads\/sites\/7\/2020\/08\/Vitaminn-2020.png\",\"width\":2300,\"height\":1450},{\"@type\":\"WebPage\",\"@id\":\"https:\/\/annwigmore.fr\/vitaminncures\/contact-fr\/#webpage\",\"url\":\"https:\/\/annwigmore.fr\/vitaminncures\/contact-fr\/\",\"name\":\"Contact - Vitam&#039;Inn : D\u00e9tox &amp; Ressourcement\",\"isPartOf\":{\"@id\":\"http:\/\/annwigmore.fr\/vitaminncures\/#website\"},\"primaryImageOfPage\":{\"@id\":\"https:\/\/annwigmore.fr\/vitaminncures\/contact-fr\/#primaryimage\"},\"datePublished\":\"2020-06-11T21:05:51+00:00\",\"dateModified\":\"2026-02-15T20:19:10+00:00\",\"breadcrumb\":{\"@id\":\"https:\/\/annwigmore.fr\/vitaminncures\/contact-fr\/#breadcrumb\"},\"inLanguage\":\"fr-FR\",\"potentialAction\":[{\"@type\":\"ReadAction\",\"target\":[\"https:\/\/annwigmore.fr\/vitaminncures\/contact-fr\/\"]}]},{\"@type\":\"BreadcrumbList\",\"@id\":\"https:\/\/annwigmore.fr\/vitaminncures\/contact-fr\/#breadcrumb\",\"itemListElement\":[{\"@type\":\"ListItem\",\"position\":1,\"name\":\"Accueil\",\"item\":\"http:\/\/annwigmore.fr\/vitaminncures\/\"},{\"@type\":\"ListItem\",\"position\":2,\"name\":\"Contact\"}]}]}<\/script>\n<!-- \/ Yoast SEO plugin. -->","yoast_head_json":{"title":"Contact - Vitam&#039;Inn : D\u00e9tox &amp; Ressourcement","robots":{"index":"index","follow":"follow","max-snippet":"max-snippet:-1","max-image-preview":"max-image-preview:large","max-video-preview":"max-video-preview:-1"},"canonical":"https:\/\/annwigmore.fr\/vitaminncures\/contact-fr\/","og_locale":"fr_FR","og_type":"article","og_title":"Contact - Vitam&#039;Inn : D\u00e9tox &amp; Ressourcement","og_description":"Patricia KERSULEC 673, Chemin de Valsonni\u00e8re F 30610 Vers-Pont-du-Gard Portable fran\u00e7ais : +33 768\/37.34.52 Email : patricia.kersulec@gmail.com www.vitaminn.fr Coordonn\u00e9es GPS Latitude : 43.97142\u00a0 \u00a0 \u00a0 \u00a0 \u00a0 \u00a0 \u00a0 Longitude : 4.529129","og_url":"https:\/\/annwigmore.fr\/vitaminncures\/contact-fr\/","og_site_name":"Vitam&#039;Inn : D\u00e9tox &amp; Ressourcement","article_modified_time":"2026-02-15T20:19:10+00:00","og_image":[{"url":"http:\/\/annwigmore.fr\/vitaminncures\/wp-content\/uploads\/sites\/7\/2020\/08\/Vitaminn-2020-300x189.png"}],"twitter_card":"summary","schema":{"@context":"https:\/\/schema.org","@graph":[{"@type":"WebSite","@id":"http:\/\/annwigmore.fr\/vitaminncures\/#website","url":"http:\/\/annwigmore.fr\/vitaminncures\/","name":"Vitam&#039;Inn : D\u00e9tox &amp; Ressourcement","description":"Cures, Vacances et Formations","potentialAction":[{"@type":"SearchAction","target":{"@type":"EntryPoint","urlTemplate":"http:\/\/annwigmore.fr\/vitaminncures\/?s={search_term_string}"},"query-input":"required name=search_term_string"}],"inLanguage":"fr-FR"},{"@type":"ImageObject","inLanguage":"fr-FR","@id":"https:\/\/annwigmore.fr\/vitaminncures\/contact-fr\/#primaryimage","url":"https:\/\/annwigmore.fr\/vitaminncures\/wp-content\/uploads\/sites\/7\/2020\/08\/Vitaminn-2020.png","contentUrl":"https:\/\/annwigmore.fr\/vitaminncures\/wp-content\/uploads\/sites\/7\/2020\/08\/Vitaminn-2020.png","width":2300,"height":1450},{"@type":"WebPage","@id":"https:\/\/annwigmore.fr\/vitaminncures\/contact-fr\/#webpage","url":"https:\/\/annwigmore.fr\/vitaminncures\/contact-fr\/","name":"Contact - Vitam&#039;Inn : D\u00e9tox &amp; Ressourcement","isPartOf":{"@id":"http:\/\/annwigmore.fr\/vitaminncures\/#website"},"primaryImageOfPage":{"@id":"https:\/\/annwigmore.fr\/vitaminncures\/contact-fr\/#primaryimage"},"datePublished":"2020-06-11T21:05:51+00:00","dateModified":"2026-02-15T20:19:10+00:00","breadcrumb":{"@id":"https:\/\/annwigmore.fr\/vitaminncures\/contact-fr\/#breadcrumb"},"inLanguage":"fr-FR","potentialAction":[{"@type":"ReadAction","target":["https:\/\/annwigmore.fr\/vitaminncures\/contact-fr\/"]}]},{"@type":"BreadcrumbList","@id":"https:\/\/annwigmore.fr\/vitaminncures\/contact-fr\/#breadcrumb","itemListElement":[{"@type":"ListItem","position":1,"name":"Accueil","item":"http:\/\/annwigmore.fr\/vitaminncures\/"},{"@type":"ListItem","position":2,"name":"Contact"}]}]}},"_links":{"self":[{"href":"https:\/\/annwigmore.fr\/vitaminncures\/wp-json\/wp\/v2\/pages\/1580"}],"collection":[{"href":"https:\/\/annwigmore.fr\/vitaminncures\/wp-json\/wp\/v2\/pages"}],"about":[{"href":"https:\/\/annwigmore.fr\/vitaminncures\/wp-json\/wp\/v2\/types\/page"}],"author":[{"embeddable":true,"href":"https:\/\/annwigmore.fr\/vitaminncures\/wp-json\/wp\/v2\/users\/1"}],"replies":[{"embeddable":true,"href":"https:\/\/annwigmore.fr\/vitaminncures\/wp-json\/wp\/v2\/comments?post=1580"}],"version-history":[{"count":16,"href":"https:\/\/annwigmore.fr\/vitaminncures\/wp-json\/wp\/v2\/pages\/1580\/revisions"}],"predecessor-version":[{"id":2123,"href":"https:\/\/annwigmore.fr\/vitaminncures\/wp-json\/wp\/v2\/pages\/1580\/revisions\/2123"}],"wp:attachment":[{"href":"https:\/\/annwigmore.fr\/vitaminncures\/wp-json\/wp\/v2\/media?parent=1580"}],"curies":[{"name":"wp","href":"https:\/\/api.w.org\/{rel}","templated":true}]}}