{"id":18,"date":"2017-01-29T19:13:00","date_gmt":"2017-01-29T18:13:00","guid":{"rendered":"http:\/\/annwigmore.fr\/vitaminn201702\/?page_id=18"},"modified":"2026-02-21T00:30:18","modified_gmt":"2026-02-20T23:30:18","slug":"formations-ann-wigmore","status":"publish","type":"page","link":"https:\/\/annwigmore.fr\/vitaminncures\/formations-ann-wigmore\/","title":{"rendered":"Formations Institut Ann WIGMORE"},"content":{"rendered":"\n\n\t\n<h1><strong>\u2728 Formations certifi\u00e9es \u00e0 l&rsquo;Alimentation Vivante \u2728<\/strong><br \/>\n<em>par les enseignantes de l&rsquo;Institut Ann\u202fWigmore de Puerto\u2011Rico<\/em><\/h1>\n\t<style type=\"text\/css\">\n#foogallery-gallery-2231.fg-simple_portfolio { justify-content: flex-start; --fg-gutter: 5px; }\n#foogallery-gallery-2231.fg-simple_portfolio .fg-item { flex-basis: 250px; }<\/style>\n\t\t\t<div class=\"foogallery foogallery-container foogallery-simple_portfolio foogallery-lightbox-foogallery fg-simple_portfolio fg-ready fg-dark fg-border-medium fg-loading-default fg-loaded-swing-down fg-caption-always fg-hover-slide-down fg-hover-plus3 fg-caption-always\" id=\"foogallery-gallery-2231\" data-foogallery=\"{&quot;item&quot;:{&quot;showCaptionTitle&quot;:true,&quot;showCaptionDescription&quot;:true},&quot;lazy&quot;:true}\" data-foogallery-lightbox=\"{&quot;thumbs&quot;:&quot;bottom&quot;,&quot;thumbsCaptions&quot;:false,&quot;thumbsBestFit&quot;:false,&quot;thumbsSmall&quot;:false,&quot;thumbsCaptionsAlign&quot;:&quot;default&quot;,&quot;info&quot;:&quot;bottom&quot;,&quot;infoVisible&quot;:true,&quot;infoOverlay&quot;:true,&quot;infoAlign&quot;:&quot;default&quot;,&quot;transition&quot;:&quot;fade&quot;,&quot;hoverButtons&quot;:false,&quot;fitMedia&quot;:false,&quot;noScrollbars&quot;:true,&quot;preserveButtonSpace&quot;:true,&quot;buttons&quot;:{&quot;fullscreen&quot;:true,&quot;info&quot;:true,&quot;thumbs&quot;:false},&quot;video&quot;:{&quot;autoPlay&quot;:true}}\" style=\"--fg-title-line-clamp: 2; --fg-description-line-clamp: 2;\" >\n\t<div class=\"fg-item fg-type-image fg-idle\"><figure class=\"fg-item-inner\"><a href=\"https:\/\/annwigmore.fr\/vitaminncures\/wp-content\/uploads\/sites\/7\/2026\/02\/Puero-rico4.jpeg\" data-attachment-id=\"2234\" class=\"foogallery-thumb fg-thumb\" data-type=\"image\"><span class=\"fg-image-wrap\"><img fetchpriority=\"high\" decoding=\"async\" class=\"bf-img skip-lazy fg-image\" height=\"200\" width=\"250\" data-src-fg=\"https:\/\/annwigmore.fr\/vitaminncures\/wp-content\/uploads\/sites\/7\/cache\/2026\/02\/Puero-rico4\/1987605602.jpeg\" src=\"data:image\/svg+xml,%3Csvg%20xmlns%3D%22http%3A%2F%2Fwww.w3.org%2F2000%2Fsvg%22%20width%3D%22250%22%20height%3D%22200%22%20viewBox%3D%220%200%20250%20200%22%3E%3C%2Fsvg%3E\" loading=\"eager\"><\/span><span class=\"fg-image-overlay\"><\/span><\/a><\/figure><div class=\"fg-loader\"><\/div><\/div><div class=\"fg-item fg-type-image fg-idle\"><figure class=\"fg-item-inner\"><a href=\"https:\/\/annwigmore.fr\/vitaminncures\/wp-content\/uploads\/sites\/7\/2026\/02\/Puerto-rico8.jpeg\" data-attachment-id=\"2239\" class=\"foogallery-thumb fg-thumb\" data-type=\"image\"><span class=\"fg-image-wrap\"><img decoding=\"async\" class=\"bf-img skip-lazy fg-image\" height=\"200\" width=\"250\" data-src-fg=\"https:\/\/annwigmore.fr\/vitaminncures\/wp-content\/uploads\/sites\/7\/cache\/2026\/02\/Puerto-rico8\/3772039833.jpeg\" src=\"data:image\/svg+xml,%3Csvg%20xmlns%3D%22http%3A%2F%2Fwww.w3.org%2F2000%2Fsvg%22%20width%3D%22250%22%20height%3D%22200%22%20viewBox%3D%220%200%20250%20200%22%3E%3C%2Fsvg%3E\" loading=\"eager\"><\/span><span class=\"fg-image-overlay\"><\/span><\/a><\/figure><div class=\"fg-loader\"><\/div><\/div><div class=\"fg-item fg-type-image fg-idle\"><figure class=\"fg-item-inner\"><a href=\"https:\/\/annwigmore.fr\/vitaminncures\/wp-content\/uploads\/sites\/7\/2026\/02\/Puerto-rico7.jpeg\" data-attachment-id=\"2238\" class=\"foogallery-thumb fg-thumb\" data-type=\"image\"><span class=\"fg-image-wrap\"><img decoding=\"async\" class=\"bf-img skip-lazy fg-image\" height=\"200\" width=\"250\" data-src-fg=\"https:\/\/annwigmore.fr\/vitaminncures\/wp-content\/uploads\/sites\/7\/cache\/2026\/02\/Puerto-rico7\/3180880802.jpeg\" src=\"data:image\/svg+xml,%3Csvg%20xmlns%3D%22http%3A%2F%2Fwww.w3.org%2F2000%2Fsvg%22%20width%3D%22250%22%20height%3D%22200%22%20viewBox%3D%220%200%20250%20200%22%3E%3C%2Fsvg%3E\" loading=\"eager\"><\/span><span class=\"fg-image-overlay\"><\/span><\/a><\/figure><div class=\"fg-loader\"><\/div><\/div><div class=\"fg-item fg-type-image fg-idle\"><figure class=\"fg-item-inner\"><a href=\"https:\/\/annwigmore.fr\/vitaminncures\/wp-content\/uploads\/sites\/7\/2026\/02\/Puerto-rico5.jpeg\" data-attachment-id=\"2236\" class=\"foogallery-thumb fg-thumb\" data-type=\"image\"><span class=\"fg-image-wrap\"><img decoding=\"async\" class=\"bf-img skip-lazy fg-image\" height=\"200\" width=\"250\" data-src-fg=\"https:\/\/annwigmore.fr\/vitaminncures\/wp-content\/uploads\/sites\/7\/cache\/2026\/02\/Puerto-rico5\/3879617292.jpeg\" src=\"data:image\/svg+xml,%3Csvg%20xmlns%3D%22http%3A%2F%2Fwww.w3.org%2F2000%2Fsvg%22%20width%3D%22250%22%20height%3D%22200%22%20viewBox%3D%220%200%20250%20200%22%3E%3C%2Fsvg%3E\" loading=\"eager\"><\/span><span class=\"fg-image-overlay\"><\/span><\/a><\/figure><div class=\"fg-loader\"><\/div><\/div><div class=\"fg-item fg-type-image fg-idle\"><figure class=\"fg-item-inner\"><a href=\"https:\/\/annwigmore.fr\/vitaminncures\/wp-content\/uploads\/sites\/7\/2026\/02\/fruit1.jpeg\" data-attachment-id=\"2232\" class=\"foogallery-thumb fg-thumb\" data-type=\"image\"><span class=\"fg-image-wrap\"><img decoding=\"async\" class=\"bf-img skip-lazy fg-image\" height=\"200\" width=\"250\" data-src-fg=\"https:\/\/annwigmore.fr\/vitaminncures\/wp-content\/uploads\/sites\/7\/cache\/2026\/02\/fruit1\/1416101557.jpeg\" src=\"data:image\/svg+xml,%3Csvg%20xmlns%3D%22http%3A%2F%2Fwww.w3.org%2F2000%2Fsvg%22%20width%3D%22250%22%20height%3D%22200%22%20viewBox%3D%220%200%20250%20200%22%3E%3C%2Fsvg%3E\" loading=\"eager\"><\/span><span class=\"fg-image-overlay\"><\/span><\/a><\/figure><div class=\"fg-loader\"><\/div><\/div><div class=\"fg-item fg-type-image fg-idle\"><figure class=\"fg-item-inner\"><a href=\"https:\/\/annwigmore.fr\/vitaminncures\/wp-content\/uploads\/sites\/7\/2026\/02\/puerto-rico3-1.jpeg\" data-attachment-id=\"2235\" class=\"foogallery-thumb fg-thumb\" data-type=\"image\"><span class=\"fg-image-wrap\"><img decoding=\"async\" class=\"bf-img skip-lazy fg-image\" height=\"200\" width=\"250\" data-src-fg=\"https:\/\/annwigmore.fr\/vitaminncures\/wp-content\/uploads\/sites\/7\/cache\/2026\/02\/puerto-rico3-1\/1797487033.jpeg\" src=\"data:image\/svg+xml,%3Csvg%20xmlns%3D%22http%3A%2F%2Fwww.w3.org%2F2000%2Fsvg%22%20width%3D%22250%22%20height%3D%22200%22%20viewBox%3D%220%200%20250%20200%22%3E%3C%2Fsvg%3E\" loading=\"eager\"><\/span><span class=\"fg-image-overlay\"><\/span><\/a><\/figure><div class=\"fg-loader\"><\/div><\/div><div class=\"fg-item fg-type-image fg-idle\"><figure class=\"fg-item-inner\"><a href=\"https:\/\/annwigmore.fr\/vitaminncures\/wp-content\/uploads\/sites\/7\/2026\/02\/plantations1.jpeg\" data-attachment-id=\"2233\" class=\"foogallery-thumb fg-thumb\" data-type=\"image\"><span class=\"fg-image-wrap\"><img decoding=\"async\" class=\"bf-img skip-lazy fg-image\" height=\"200\" width=\"250\" data-src-fg=\"https:\/\/annwigmore.fr\/vitaminncures\/wp-content\/uploads\/sites\/7\/cache\/2026\/02\/plantations1\/782672167.jpeg\" src=\"data:image\/svg+xml,%3Csvg%20xmlns%3D%22http%3A%2F%2Fwww.w3.org%2F2000%2Fsvg%22%20width%3D%22250%22%20height%3D%22200%22%20viewBox%3D%220%200%20250%20200%22%3E%3C%2Fsvg%3E\" loading=\"eager\"><\/span><span class=\"fg-image-overlay\"><\/span><\/a><\/figure><div class=\"fg-loader\"><\/div><\/div><div class=\"fg-item fg-type-image fg-idle\"><figure class=\"fg-item-inner\"><a href=\"https:\/\/annwigmore.fr\/vitaminncures\/wp-content\/uploads\/sites\/7\/2026\/02\/Puerto-rico6.jpeg\" data-attachment-id=\"2237\" class=\"foogallery-thumb fg-thumb\" data-type=\"image\"><span class=\"fg-image-wrap\"><img decoding=\"async\" class=\"bf-img skip-lazy fg-image\" height=\"200\" width=\"250\" data-src-fg=\"https:\/\/annwigmore.fr\/vitaminncures\/wp-content\/uploads\/sites\/7\/cache\/2026\/02\/Puerto-rico6\/1548095779.jpeg\" src=\"data:image\/svg+xml,%3Csvg%20xmlns%3D%22http%3A%2F%2Fwww.w3.org%2F2000%2Fsvg%22%20width%3D%22250%22%20height%3D%22200%22%20viewBox%3D%220%200%20250%20200%22%3E%3C%2Fsvg%3E\" loading=\"eager\"><\/span><span class=\"fg-image-overlay\"><\/span><\/a><\/figure><div class=\"fg-loader\"><\/div><\/div><\/div>\n<p><strong>\ud83c\udf34 Porto\u2011Rico &#8211; Hiver\u202f2027 \ud83c\udf1e<\/strong><\/p>\n\ud83d\udcc5\u00a0<strong>Une session de trois\u202fsemaines<\/strong> sera organis\u00e9e en <strong>f\u00e9vrier 2027.<\/strong><br \/>\nSous le \u2600\ufe0f\u00a0<strong>soleil des tropiques<\/strong>, vous profiterez d&rsquo;une\u00a0<strong>cure<\/strong>\u00a0et d&rsquo;une\u00a0<strong>formation \u00e0 l&rsquo;Alimentation Vivante<\/strong>.\n\ud83d\udde3\ufe0f <strong>Les<\/strong> <strong>cours sont en anglais<\/strong>\u00a0avec\u00a0<strong>traduction simultan\u00e9e en fran\u00e7ais<\/strong>.<br \/>\n\ud83e\udd1d Vous serez accompagn\u00e9s par nos\u00a0<strong>partenaires canadiens \ud83c\udde8\ud83c\udde6 et fran\u00e7ais \ud83c\uddeb\ud83c\uddf7<\/strong>, pour enrichir l&rsquo;exp\u00e9rience et favoriser les \u00e9changes interculturels.\n<p>\ud83d\udccd\u00a0<strong>Format uniquement pr\u00e9sentiel<\/strong>\u202f: tous les ateliers, d\u00e9monstrations et s\u00e9ances de bien\u2011\u00eatre se d\u00e9roulent sur place, dans un cadre tropical inspirant. Aucun module en ligne n&rsquo;est pr\u00e9vu.<\/p>\n<p>\u2728\u00a0<strong>Au programme<\/strong>\u202f:<\/p>\n<ul>\n<li>\ud83c\udf31 Ateliers pratiques d&rsquo;alimentation vivante<\/li>\n<li>\ud83c\udf4d D\u00e9couverte des super\u2011aliments tropicaux<\/li>\n<li>\ud83e\uddd8\u200d\u2640\ufe0f Sessions bien\u2011\u00eatre et m\u00e9ditation sous les palmiers<\/li>\n<\/ul>\n<p>\ud83d\ude80\u00a0<strong>Rejoignez\u2011nous<\/strong>\u00a0pour vivre une immersion unique alliant apprentissage, sant\u00e9 et ambiance tropicale\u202f!<\/p>\n\t\t\t\t<img decoding=\"async\" src=\"http:\/\/annwigmore.fr\/vitaminncures\/wp-content\/uploads\/sites\/4\/2017\/01\/awi-cours.jpg\" alt=\"awi-cours\" itemprop=\"image\" title=\"awi-cours\" onerror=\"this.style.display='none'\"  \/>\n\n","protected":false},"excerpt":{"rendered":"<p>\u2728 Formations certifi\u00e9es \u00e0 l&rsquo;Alimentation Vivante \u2728 par les enseignantes de l&rsquo;Institut Ann\u202fWigmore de Puerto\u2011Rico \ud83c\udf34 Porto\u2011Rico &#8211; Hiver\u202f2027 \ud83c\udf1e \ud83d\udcc5\u00a0Une session de trois\u202fsemaines sera organis\u00e9e en f\u00e9vrier 2027. Sous le \u2600\ufe0f\u00a0soleil des tropiques, vous profiterez d&rsquo;une\u00a0cure\u00a0et d&rsquo;une\u00a0formation \u00e0 l&rsquo;Alimentation Vivante. \ud83d\udde3\ufe0f Les cours sont en anglais\u00a0avec\u00a0traduction simultan\u00e9e en fran\u00e7ais. \ud83e\udd1d Vous serez accompagn\u00e9s par&#8230;<\/p>\n","protected":false},"author":1,"featured_media":0,"parent":0,"menu_order":0,"comment_status":"closed","ping_status":"closed","template":"full-width-page.php","meta":{"footnotes":""},"yoast_head":"<!-- This site is optimized with the Yoast SEO plugin v18.9 - https:\/\/yoast.com\/wordpress\/plugins\/seo\/ -->\n<title>Formations Institut Ann WIGMORE - Vitam&#039;Inn : D\u00e9tox &amp; Ressourcement<\/title>\n<meta name=\"robots\" content=\"index, follow, max-snippet:-1, max-image-preview:large, max-video-preview:-1\" \/>\n<link rel=\"canonical\" href=\"https:\/\/annwigmore.fr\/vitaminncures\/formations-ann-wigmore\/\" \/>\n<meta property=\"og:locale\" content=\"fr_FR\" \/>\n<meta property=\"og:type\" content=\"article\" \/>\n<meta property=\"og:title\" content=\"Formations Institut Ann WIGMORE - Vitam&#039;Inn : D\u00e9tox &amp; Ressourcement\" \/>\n<meta property=\"og:description\" content=\"\u2728 Formations certifi\u00e9es \u00e0 l&rsquo;Alimentation Vivante \u2728 par les enseignantes de l&rsquo;Institut Ann\u202fWigmore de Puerto\u2011Rico \ud83c\udf34 Porto\u2011Rico &#8211; Hiver\u202f2027 \ud83c\udf1e \ud83d\udcc5\u00a0Une session de trois\u202fsemaines sera organis\u00e9e en f\u00e9vrier 2027. Sous le \u2600\ufe0f\u00a0soleil des tropiques, vous profiterez d&rsquo;une\u00a0cure\u00a0et d&rsquo;une\u00a0formation \u00e0 l&rsquo;Alimentation Vivante. \ud83d\udde3\ufe0f Les cours sont en anglais\u00a0avec\u00a0traduction simultan\u00e9e en fran\u00e7ais. \ud83e\udd1d Vous serez accompagn\u00e9s par...\" \/>\n<meta property=\"og:url\" content=\"https:\/\/annwigmore.fr\/vitaminncures\/formations-ann-wigmore\/\" \/>\n<meta property=\"og:site_name\" content=\"Vitam&#039;Inn : D\u00e9tox &amp; Ressourcement\" \/>\n<meta property=\"article:modified_time\" content=\"2026-02-20T23:30:18+00:00\" \/>\n<meta property=\"og:image\" content=\"http:\/\/annwigmore.fr\/vitaminncures\/wp-content\/uploads\/sites\/4\/2017\/01\/awi-cours.jpg\" \/>\n<meta name=\"twitter:card\" content=\"summary\" \/>\n<meta name=\"twitter:label1\" content=\"Dur\u00e9e de lecture estim\u00e9e\" \/>\n\t<meta name=\"twitter:data1\" content=\"1 minute\" \/>\n<script type=\"application\/ld+json\" class=\"yoast-schema-graph\">{\"@context\":\"https:\/\/schema.org\",\"@graph\":[{\"@type\":\"WebSite\",\"@id\":\"http:\/\/annwigmore.fr\/vitaminncures\/#website\",\"url\":\"http:\/\/annwigmore.fr\/vitaminncures\/\",\"name\":\"Vitam&#039;Inn : D\u00e9tox &amp; Ressourcement\",\"description\":\"Cures, Vacances et Formations\",\"potentialAction\":[{\"@type\":\"SearchAction\",\"target\":{\"@type\":\"EntryPoint\",\"urlTemplate\":\"http:\/\/annwigmore.fr\/vitaminncures\/?s={search_term_string}\"},\"query-input\":\"required name=search_term_string\"}],\"inLanguage\":\"fr-FR\"},{\"@type\":\"ImageObject\",\"inLanguage\":\"fr-FR\",\"@id\":\"https:\/\/annwigmore.fr\/vitaminncures\/formations-ann-wigmore\/#primaryimage\",\"url\":\"http:\/\/annwigmore.fr\/vitaminncures\/wp-content\/uploads\/sites\/4\/2017\/01\/awi-cours.jpg\",\"contentUrl\":\"http:\/\/annwigmore.fr\/vitaminncures\/wp-content\/uploads\/sites\/4\/2017\/01\/awi-cours.jpg\"},{\"@type\":\"WebPage\",\"@id\":\"https:\/\/annwigmore.fr\/vitaminncures\/formations-ann-wigmore\/#webpage\",\"url\":\"https:\/\/annwigmore.fr\/vitaminncures\/formations-ann-wigmore\/\",\"name\":\"Formations Institut Ann WIGMORE - Vitam&#039;Inn : D\u00e9tox &amp; Ressourcement\",\"isPartOf\":{\"@id\":\"http:\/\/annwigmore.fr\/vitaminncures\/#website\"},\"primaryImageOfPage\":{\"@id\":\"https:\/\/annwigmore.fr\/vitaminncures\/formations-ann-wigmore\/#primaryimage\"},\"datePublished\":\"2017-01-29T18:13:00+00:00\",\"dateModified\":\"2026-02-20T23:30:18+00:00\",\"breadcrumb\":{\"@id\":\"https:\/\/annwigmore.fr\/vitaminncures\/formations-ann-wigmore\/#breadcrumb\"},\"inLanguage\":\"fr-FR\",\"potentialAction\":[{\"@type\":\"ReadAction\",\"target\":[\"https:\/\/annwigmore.fr\/vitaminncures\/formations-ann-wigmore\/\"]}]},{\"@type\":\"BreadcrumbList\",\"@id\":\"https:\/\/annwigmore.fr\/vitaminncures\/formations-ann-wigmore\/#breadcrumb\",\"itemListElement\":[{\"@type\":\"ListItem\",\"position\":1,\"name\":\"Accueil\",\"item\":\"http:\/\/annwigmore.fr\/vitaminncures\/\"},{\"@type\":\"ListItem\",\"position\":2,\"name\":\"Formations Institut Ann WIGMORE\"}]}]}<\/script>\n<!-- \/ Yoast SEO plugin. -->","yoast_head_json":{"title":"Formations Institut Ann WIGMORE - Vitam&#039;Inn : D\u00e9tox &amp; Ressourcement","robots":{"index":"index","follow":"follow","max-snippet":"max-snippet:-1","max-image-preview":"max-image-preview:large","max-video-preview":"max-video-preview:-1"},"canonical":"https:\/\/annwigmore.fr\/vitaminncures\/formations-ann-wigmore\/","og_locale":"fr_FR","og_type":"article","og_title":"Formations Institut Ann WIGMORE - Vitam&#039;Inn : D\u00e9tox &amp; Ressourcement","og_description":"\u2728 Formations certifi\u00e9es \u00e0 l&rsquo;Alimentation Vivante \u2728 par les enseignantes de l&rsquo;Institut Ann\u202fWigmore de Puerto\u2011Rico \ud83c\udf34 Porto\u2011Rico &#8211; Hiver\u202f2027 \ud83c\udf1e \ud83d\udcc5\u00a0Une session de trois\u202fsemaines sera organis\u00e9e en f\u00e9vrier 2027. Sous le \u2600\ufe0f\u00a0soleil des tropiques, vous profiterez d&rsquo;une\u00a0cure\u00a0et d&rsquo;une\u00a0formation \u00e0 l&rsquo;Alimentation Vivante. \ud83d\udde3\ufe0f Les cours sont en anglais\u00a0avec\u00a0traduction simultan\u00e9e en fran\u00e7ais. \ud83e\udd1d Vous serez accompagn\u00e9s par...","og_url":"https:\/\/annwigmore.fr\/vitaminncures\/formations-ann-wigmore\/","og_site_name":"Vitam&#039;Inn : D\u00e9tox &amp; Ressourcement","article_modified_time":"2026-02-20T23:30:18+00:00","og_image":[{"url":"http:\/\/annwigmore.fr\/vitaminncures\/wp-content\/uploads\/sites\/4\/2017\/01\/awi-cours.jpg"}],"twitter_card":"summary","twitter_misc":{"Dur\u00e9e de lecture estim\u00e9e":"1 minute"},"schema":{"@context":"https:\/\/schema.org","@graph":[{"@type":"WebSite","@id":"http:\/\/annwigmore.fr\/vitaminncures\/#website","url":"http:\/\/annwigmore.fr\/vitaminncures\/","name":"Vitam&#039;Inn : D\u00e9tox &amp; Ressourcement","description":"Cures, Vacances et Formations","potentialAction":[{"@type":"SearchAction","target":{"@type":"EntryPoint","urlTemplate":"http:\/\/annwigmore.fr\/vitaminncures\/?s={search_term_string}"},"query-input":"required name=search_term_string"}],"inLanguage":"fr-FR"},{"@type":"ImageObject","inLanguage":"fr-FR","@id":"https:\/\/annwigmore.fr\/vitaminncures\/formations-ann-wigmore\/#primaryimage","url":"http:\/\/annwigmore.fr\/vitaminncures\/wp-content\/uploads\/sites\/4\/2017\/01\/awi-cours.jpg","contentUrl":"http:\/\/annwigmore.fr\/vitaminncures\/wp-content\/uploads\/sites\/4\/2017\/01\/awi-cours.jpg"},{"@type":"WebPage","@id":"https:\/\/annwigmore.fr\/vitaminncures\/formations-ann-wigmore\/#webpage","url":"https:\/\/annwigmore.fr\/vitaminncures\/formations-ann-wigmore\/","name":"Formations Institut Ann WIGMORE - Vitam&#039;Inn : D\u00e9tox &amp; Ressourcement","isPartOf":{"@id":"http:\/\/annwigmore.fr\/vitaminncures\/#website"},"primaryImageOfPage":{"@id":"https:\/\/annwigmore.fr\/vitaminncures\/formations-ann-wigmore\/#primaryimage"},"datePublished":"2017-01-29T18:13:00+00:00","dateModified":"2026-02-20T23:30:18+00:00","breadcrumb":{"@id":"https:\/\/annwigmore.fr\/vitaminncures\/formations-ann-wigmore\/#breadcrumb"},"inLanguage":"fr-FR","potentialAction":[{"@type":"ReadAction","target":["https:\/\/annwigmore.fr\/vitaminncures\/formations-ann-wigmore\/"]}]},{"@type":"BreadcrumbList","@id":"https:\/\/annwigmore.fr\/vitaminncures\/formations-ann-wigmore\/#breadcrumb","itemListElement":[{"@type":"ListItem","position":1,"name":"Accueil","item":"http:\/\/annwigmore.fr\/vitaminncures\/"},{"@type":"ListItem","position":2,"name":"Formations Institut Ann WIGMORE"}]}]}},"_links":{"self":[{"href":"https:\/\/annwigmore.fr\/vitaminncures\/wp-json\/wp\/v2\/pages\/18"}],"collection":[{"href":"https:\/\/annwigmore.fr\/vitaminncures\/wp-json\/wp\/v2\/pages"}],"about":[{"href":"https:\/\/annwigmore.fr\/vitaminncures\/wp-json\/wp\/v2\/types\/page"}],"author":[{"embeddable":true,"href":"https:\/\/annwigmore.fr\/vitaminncures\/wp-json\/wp\/v2\/users\/1"}],"replies":[{"embeddable":true,"href":"https:\/\/annwigmore.fr\/vitaminncures\/wp-json\/wp\/v2\/comments?post=18"}],"version-history":[{"count":33,"href":"https:\/\/annwigmore.fr\/vitaminncures\/wp-json\/wp\/v2\/pages\/18\/revisions"}],"predecessor-version":[{"id":2242,"href":"https:\/\/annwigmore.fr\/vitaminncures\/wp-json\/wp\/v2\/pages\/18\/revisions\/2242"}],"wp:attachment":[{"href":"https:\/\/annwigmore.fr\/vitaminncures\/wp-json\/wp\/v2\/media?parent=18"}],"curies":[{"name":"wp","href":"https:\/\/api.w.org\/{rel}","templated":true}]}}