{"id":1832,"date":"2024-03-06T17:43:56","date_gmt":"2024-03-06T16:43:56","guid":{"rendered":"https:\/\/annwigmore.fr\/vitaminncures\/?page_id=1832"},"modified":"2026-02-15T21:15:47","modified_gmt":"2026-02-15T20:15:47","slug":"journee-bien-etre","status":"publish","type":"page","link":"https:\/\/annwigmore.fr\/vitaminncures\/journee-bien-etre\/","title":{"rendered":"Journ\u00e9e Bien Etre*: Un temps pour soi"},"content":{"rendered":"\n\n\t<h1 data-start=\"105\" data-end=\"151\"><\/h1>\n<h1 data-start=\"105\" data-end=\"151\">\ud83c\udf38 Journ\u00e9e Bien-\u00catre : <strong data-start=\"130\" data-end=\"151\">Un Temps Pour SOI<\/strong><\/h1>\n<h3 data-start=\"153\" data-end=\"186\">\u00c0 la demande, sur r\u00e9servation<\/h3>\nOffrez-vous une journ\u00e9e compl\u00e8te de relaxation et de r\u00e9g\u00e9n\u00e9ration dans notre <strong data-start=\"265\" data-end=\"301\">maison en petite thalasso priv\u00e9e<\/strong>. Un lieu paisible o\u00f9 l&rsquo;on prend le temps de se reconnecter \u00e0 soi, d&rsquo;\u00e9couter son corps et d&rsquo;apaiser son esprit.\n<h3 data-start=\"419\" data-end=\"454\">\ud83c\udf3f Ce que nous vous proposons :<\/h3>\nLaissez-vous guider et offrez-vous un moment pr\u00e9cieux de bien-\u00eatre et de tranquillit\u00e9. Votre journ\u00e9e bien-\u00eatre inclut :\n<ul data-start=\"577\" data-end=\"1067\">\n<li data-start=\"577\" data-end=\"654\">\n<strong data-start=\"579\" data-end=\"600\">Sauna infra-rouge<\/strong> pour d\u00e9tendre vos muscles et revitaliser votre peau\n<\/li>\n<li data-start=\"655\" data-end=\"723\">\n<strong data-start=\"657\" data-end=\"677\">Piscine chauff\u00e9e<\/strong> pour une immersion totale dans le bien-\u00eatre\n<\/li>\n<li data-start=\"724\" data-end=\"808\">\n<strong data-start=\"726\" data-end=\"747\">Bol d&rsquo;air Jaquier<\/strong> pour purifier votre respiration et dynamiser votre \u00e9nergie\n<\/li>\n<li data-start=\"809\" data-end=\"921\">\n<strong data-start=\"811\" data-end=\"834\">M\u00e9ditation partag\u00e9e<\/strong> autour de l&rsquo;<strong data-start=\"847\" data-end=\"865\">oracle du jour<\/strong>, pour apaiser votre esprit et nourrir votre intuition\n<\/li>\n<li data-start=\"922\" data-end=\"1067\">\n<strong data-start=\"924\" data-end=\"943\">Atelier cr\u00e9atif<\/strong> : R\u00e9alisation de votre propre <strong data-start=\"974\" data-end=\"1005\">cr\u00e8me d&rsquo;Amour pour le corps<\/strong>, une exp\u00e9rience ludique et sensorielle \u00e0 emporter chez vous\n<\/li>\n<\/ul>\n<h3 data-start=\"1069\" data-end=\"1105\">\ud83c\udf38 En option (sur r\u00e9servation) :<\/h3>\n<ul data-start=\"1106\" data-end=\"1212\">\n<li data-start=\"1106\" data-end=\"1142\">\n<strong data-start=\"1108\" data-end=\"1140\">Soin holistique personnalis\u00e9<\/strong>\n<\/li>\n<li data-start=\"1143\" data-end=\"1167\">\n<strong data-start=\"1145\" data-end=\"1165\">Massage relaxant<\/strong>\n<\/li>\n<li data-start=\"1168\" data-end=\"1212\">\n<strong data-start=\"1170\" data-end=\"1212\">R\u00e9flexologie pour un bien-\u00eatre complet<\/strong>\n<\/li>\n<\/ul>\n<h3 data-start=\"1219\" data-end=\"1250\">\ud83c\udf4f Cette journ\u00e9e comprend :<\/h3>\n<ul data-start=\"1252\" data-end=\"1618\">\n<li data-start=\"1252\" data-end=\"1316\">\nUne <strong data-start=\"1258\" data-end=\"1271\">serviette<\/strong> et <strong data-start=\"1275\" data-end=\"1295\">peignoir de bain<\/strong> pour votre confort\n<\/li>\n<li data-start=\"1317\" data-end=\"1393\">\nLe <strong data-start=\"1322\" data-end=\"1334\">mat\u00e9riel<\/strong> n\u00e9cessaire \u00e0 la r\u00e9alisation de votre cr\u00e8me pour le corps\n<\/li>\n<li data-start=\"1394\" data-end=\"1484\">\nUn <strong data-start=\"1399\" data-end=\"1423\">repas haute vitalit\u00e9<\/strong> pr\u00e9par\u00e9 avec soin, pour nourrir votre corps de l&rsquo;int\u00e9rieur\n<\/li>\n<li data-start=\"1485\" data-end=\"1618\">\nDes <strong data-start=\"1491\" data-end=\"1506\">encas sains<\/strong> : jus frais, smoothies \u00e9nergisants et d\u00e9toxifiants, pour revitaliser votre \u00e9nergie tout au long de la journ\u00e9e\n<\/li>\n<\/ul>\n<h3 data-start=\"1625\" data-end=\"1671\">\ud83c\udf38 Prendre soin de soi, c&rsquo;est une priorit\u00e9<\/h3>\nQue vous veniez pour d\u00e9connecter, vous d\u00e9tendre ou simplement retrouver votre \u00e9nergie, cette journ\u00e9e est con\u00e7ue pour vous offrir tout ce dont vous avez besoin pour vous ressourcer et prendre soin de vous.\n<strong data-start=\"1879\" data-end=\"1904\">Les repas sont inclus<\/strong> dans toutes nos journ\u00e9es et s\u00e9jours, ainsi que l&rsquo;acc\u00e8s illimit\u00e9 \u00e0 la <strong data-start=\"1974\" data-end=\"1985\">piscine<\/strong> et au <strong data-start=\"1992\" data-end=\"2001\">sauna<\/strong>.\nLaissez-vous choyer, prenez une pause bien m\u00e9rit\u00e9e et reconnectez-vous \u00e0 votre essence. <strong data-start=\"2097\" data-end=\"2178\">Un temps pour vous, pour vraiment respirer, se r\u00e9g\u00e9n\u00e9rer et vivre pleinement.<\/strong>\n\u2728 <strong data-start=\"2182\" data-end=\"2209\">R\u00e9servez d\u00e8s maintenant<\/strong> votre journ\u00e9e Bien-\u00catre et offrez-vous ce moment magique de s\u00e9r\u00e9nit\u00e9 !\n<strong>Inscription par t\u00e9l\u00e9phone<\/strong>:\u00a0 <a href=\"tel:0768373452\">tel:0768373452<\/a>\n\n","protected":false},"excerpt":{"rendered":"<p>\ud83c\udf38 Journ\u00e9e Bien-\u00catre : Un Temps Pour SOI \u00c0 la demande, sur r\u00e9servation Offrez-vous une journ\u00e9e compl\u00e8te de relaxation et de r\u00e9g\u00e9n\u00e9ration dans notre maison en petite thalasso priv\u00e9e. Un lieu paisible o\u00f9 l&rsquo;on prend le temps de se reconnecter \u00e0 soi, d&rsquo;\u00e9couter son corps et d&rsquo;apaiser son esprit. \ud83c\udf3f Ce que nous vous proposons&#8230;<\/p>\n","protected":false},"author":1,"featured_media":0,"parent":0,"menu_order":0,"comment_status":"closed","ping_status":"closed","template":"full-width-page.php","meta":{"footnotes":""},"yoast_head":"<!-- This site is optimized with the Yoast SEO plugin v18.9 - https:\/\/yoast.com\/wordpress\/plugins\/seo\/ -->\n<title>Journ\u00e9e Bien Etre*: Un temps pour soi - Vitam&#039;Inn : D\u00e9tox &amp; Ressourcement<\/title>\n<meta name=\"robots\" content=\"index, follow, max-snippet:-1, max-image-preview:large, max-video-preview:-1\" \/>\n<link rel=\"canonical\" href=\"https:\/\/annwigmore.fr\/vitaminncures\/journee-bien-etre\/\" \/>\n<meta property=\"og:locale\" content=\"fr_FR\" \/>\n<meta property=\"og:type\" content=\"article\" \/>\n<meta property=\"og:title\" content=\"Journ\u00e9e Bien Etre*: Un temps pour soi - Vitam&#039;Inn : D\u00e9tox &amp; Ressourcement\" \/>\n<meta property=\"og:description\" content=\"\ud83c\udf38 Journ\u00e9e Bien-\u00catre : Un Temps Pour SOI \u00c0 la demande, sur r\u00e9servation Offrez-vous une journ\u00e9e compl\u00e8te de relaxation et de r\u00e9g\u00e9n\u00e9ration dans notre maison en petite thalasso priv\u00e9e. Un lieu paisible o\u00f9 l&rsquo;on prend le temps de se reconnecter \u00e0 soi, d&rsquo;\u00e9couter son corps et d&rsquo;apaiser son esprit. \ud83c\udf3f Ce que nous vous proposons...\" \/>\n<meta property=\"og:url\" content=\"https:\/\/annwigmore.fr\/vitaminncures\/journee-bien-etre\/\" \/>\n<meta property=\"og:site_name\" content=\"Vitam&#039;Inn : D\u00e9tox &amp; Ressourcement\" \/>\n<meta property=\"article:modified_time\" content=\"2026-02-15T20:15:47+00:00\" \/>\n<meta name=\"twitter:card\" content=\"summary\" \/>\n<meta name=\"twitter:label1\" content=\"Dur\u00e9e de lecture estim\u00e9e\" \/>\n\t<meta name=\"twitter:data1\" content=\"2 minutes\" \/>\n<script type=\"application\/ld+json\" class=\"yoast-schema-graph\">{\"@context\":\"https:\/\/schema.org\",\"@graph\":[{\"@type\":\"WebSite\",\"@id\":\"http:\/\/annwigmore.fr\/vitaminncures\/#website\",\"url\":\"http:\/\/annwigmore.fr\/vitaminncures\/\",\"name\":\"Vitam&#039;Inn : D\u00e9tox &amp; Ressourcement\",\"description\":\"Cures, Vacances et Formations\",\"potentialAction\":[{\"@type\":\"SearchAction\",\"target\":{\"@type\":\"EntryPoint\",\"urlTemplate\":\"http:\/\/annwigmore.fr\/vitaminncures\/?s={search_term_string}\"},\"query-input\":\"required name=search_term_string\"}],\"inLanguage\":\"fr-FR\"},{\"@type\":\"WebPage\",\"@id\":\"https:\/\/annwigmore.fr\/vitaminncures\/journee-bien-etre\/#webpage\",\"url\":\"https:\/\/annwigmore.fr\/vitaminncures\/journee-bien-etre\/\",\"name\":\"Journ\u00e9e Bien Etre*: Un temps pour soi - Vitam&#039;Inn : D\u00e9tox &amp; Ressourcement\",\"isPartOf\":{\"@id\":\"http:\/\/annwigmore.fr\/vitaminncures\/#website\"},\"datePublished\":\"2024-03-06T16:43:56+00:00\",\"dateModified\":\"2026-02-15T20:15:47+00:00\",\"breadcrumb\":{\"@id\":\"https:\/\/annwigmore.fr\/vitaminncures\/journee-bien-etre\/#breadcrumb\"},\"inLanguage\":\"fr-FR\",\"potentialAction\":[{\"@type\":\"ReadAction\",\"target\":[\"https:\/\/annwigmore.fr\/vitaminncures\/journee-bien-etre\/\"]}]},{\"@type\":\"BreadcrumbList\",\"@id\":\"https:\/\/annwigmore.fr\/vitaminncures\/journee-bien-etre\/#breadcrumb\",\"itemListElement\":[{\"@type\":\"ListItem\",\"position\":1,\"name\":\"Accueil\",\"item\":\"http:\/\/annwigmore.fr\/vitaminncures\/\"},{\"@type\":\"ListItem\",\"position\":2,\"name\":\"Journ\u00e9e Bien Etre*: Un temps pour soi\"}]}]}<\/script>\n<!-- \/ Yoast SEO plugin. -->","yoast_head_json":{"title":"Journ\u00e9e Bien Etre*: Un temps pour soi - Vitam&#039;Inn : D\u00e9tox &amp; Ressourcement","robots":{"index":"index","follow":"follow","max-snippet":"max-snippet:-1","max-image-preview":"max-image-preview:large","max-video-preview":"max-video-preview:-1"},"canonical":"https:\/\/annwigmore.fr\/vitaminncures\/journee-bien-etre\/","og_locale":"fr_FR","og_type":"article","og_title":"Journ\u00e9e Bien Etre*: Un temps pour soi - Vitam&#039;Inn : D\u00e9tox &amp; Ressourcement","og_description":"\ud83c\udf38 Journ\u00e9e Bien-\u00catre : Un Temps Pour SOI \u00c0 la demande, sur r\u00e9servation Offrez-vous une journ\u00e9e compl\u00e8te de relaxation et de r\u00e9g\u00e9n\u00e9ration dans notre maison en petite thalasso priv\u00e9e. Un lieu paisible o\u00f9 l&rsquo;on prend le temps de se reconnecter \u00e0 soi, d&rsquo;\u00e9couter son corps et d&rsquo;apaiser son esprit. \ud83c\udf3f Ce que nous vous proposons...","og_url":"https:\/\/annwigmore.fr\/vitaminncures\/journee-bien-etre\/","og_site_name":"Vitam&#039;Inn : D\u00e9tox &amp; Ressourcement","article_modified_time":"2026-02-15T20:15:47+00:00","twitter_card":"summary","twitter_misc":{"Dur\u00e9e de lecture estim\u00e9e":"2 minutes"},"schema":{"@context":"https:\/\/schema.org","@graph":[{"@type":"WebSite","@id":"http:\/\/annwigmore.fr\/vitaminncures\/#website","url":"http:\/\/annwigmore.fr\/vitaminncures\/","name":"Vitam&#039;Inn : D\u00e9tox &amp; Ressourcement","description":"Cures, Vacances et Formations","potentialAction":[{"@type":"SearchAction","target":{"@type":"EntryPoint","urlTemplate":"http:\/\/annwigmore.fr\/vitaminncures\/?s={search_term_string}"},"query-input":"required name=search_term_string"}],"inLanguage":"fr-FR"},{"@type":"WebPage","@id":"https:\/\/annwigmore.fr\/vitaminncures\/journee-bien-etre\/#webpage","url":"https:\/\/annwigmore.fr\/vitaminncures\/journee-bien-etre\/","name":"Journ\u00e9e Bien Etre*: Un temps pour soi - Vitam&#039;Inn : D\u00e9tox &amp; Ressourcement","isPartOf":{"@id":"http:\/\/annwigmore.fr\/vitaminncures\/#website"},"datePublished":"2024-03-06T16:43:56+00:00","dateModified":"2026-02-15T20:15:47+00:00","breadcrumb":{"@id":"https:\/\/annwigmore.fr\/vitaminncures\/journee-bien-etre\/#breadcrumb"},"inLanguage":"fr-FR","potentialAction":[{"@type":"ReadAction","target":["https:\/\/annwigmore.fr\/vitaminncures\/journee-bien-etre\/"]}]},{"@type":"BreadcrumbList","@id":"https:\/\/annwigmore.fr\/vitaminncures\/journee-bien-etre\/#breadcrumb","itemListElement":[{"@type":"ListItem","position":1,"name":"Accueil","item":"http:\/\/annwigmore.fr\/vitaminncures\/"},{"@type":"ListItem","position":2,"name":"Journ\u00e9e Bien Etre*: Un temps pour soi"}]}]}},"_links":{"self":[{"href":"https:\/\/annwigmore.fr\/vitaminncures\/wp-json\/wp\/v2\/pages\/1832"}],"collection":[{"href":"https:\/\/annwigmore.fr\/vitaminncures\/wp-json\/wp\/v2\/pages"}],"about":[{"href":"https:\/\/annwigmore.fr\/vitaminncures\/wp-json\/wp\/v2\/types\/page"}],"author":[{"embeddable":true,"href":"https:\/\/annwigmore.fr\/vitaminncures\/wp-json\/wp\/v2\/users\/1"}],"replies":[{"embeddable":true,"href":"https:\/\/annwigmore.fr\/vitaminncures\/wp-json\/wp\/v2\/comments?post=1832"}],"version-history":[{"count":10,"href":"https:\/\/annwigmore.fr\/vitaminncures\/wp-json\/wp\/v2\/pages\/1832\/revisions"}],"predecessor-version":[{"id":2122,"href":"https:\/\/annwigmore.fr\/vitaminncures\/wp-json\/wp\/v2\/pages\/1832\/revisions\/2122"}],"wp:attachment":[{"href":"https:\/\/annwigmore.fr\/vitaminncures\/wp-json\/wp\/v2\/media?parent=1832"}],"curies":[{"name":"wp","href":"https:\/\/api.w.org\/{rel}","templated":true}]}}