{"id":2390,"date":"2026-03-16T22:51:50","date_gmt":"2026-03-16T21:51:50","guid":{"rendered":"https:\/\/annwigmore.fr\/vitaminncures\/?page_id=2390"},"modified":"2026-03-16T23:36:50","modified_gmt":"2026-03-16T22:36:50","slug":"webinaires-2","status":"publish","type":"page","link":"https:\/\/annwigmore.fr\/vitaminncures\/webinaires-2\/","title":{"rendered":"Webinaires"},"content":{"rendered":"\n\n\t<p>&nbsp;<\/p>\n<h1><strong>\ud83c\udf31 Les W\u00e9binaires D\u00e9tox de Patricia Kersulec<\/strong><\/h1>\n<iframe loading=\"lazy\" src=\"https:\/\/crowdbunker.com\/embed\/VhYNb9HPqdj\" width=\"560\" height=\"315\" frameborder=\"0\" scrolling=\"no\" allowfullscreen=\"allowfullscreen\"><\/iframe>\n<h3>W\u00e9binaire<\/h3>\n<h3><strong>La sant\u00e9 \u00e7a s&rsquo;apprend. Tal Schaller re\u00e7oit Patricia Kersulec, nutritionniste<\/strong><\/h3>\n<iframe src=\"https:\/\/www.youtube.com\/embed\/uGLCyllklqI\" frameborder=\"0\" allowfullscreen=\"allowfullscreen\"><\/iframe>\n<h3>W\u00e9binaire<\/h3>\n<h3><strong>Alimentation haute vitalit\u00e9 avec Patricia Kersulec<\/strong><\/h3>\n<iframe src=\"https:\/\/www.youtube.com\/embed\/VAMfHkl2au0\" frameborder=\"0\" allowfullscreen=\"allowfullscreen\"><\/iframe>\n<h3>W\u00e9binaire<\/h3>\n<h3><strong>En quoi consiste la Lacto-fermentation &amp; la d\u00e9shydratation avec Patricia Kersulec<\/strong><\/h3>\n<iframe src=\"https:\/\/www.youtube.com\/embed\/XO2T-ised_8\" frameborder=\"0\" allowfullscreen=\"allowfullscreen\"><\/iframe>\n<h3>W\u00e9binaire<\/h3>\n<h3><strong>Graines germ\u00e9es &amp; Jeunes pousses avec Patricia Kersulec<\/strong><\/h3>\n<iframe loading=\"lazy\" width=\"560\" height=\"315\" src=\"https:\/\/www.youtube-nocookie.com\/embed\/1SpNMbJSDpQ?si=5HNvuK76R0WgBybh&amp;controls=0\" title=\"YouTube video player\" frameborder=\"0\" allow=\"accelerometer; autoplay; clipboard-write; encrypted-media; gyroscope; picture-in-picture; web-share\" referrerpolicy=\"strict-origin-when-cross-origin\" allowfullscreen><\/iframe>\n<h3>W\u00e9binaire<\/h3>\n<h3><strong>Cultivons la joie le 23 novembre avec Patricia Kersulec \u00e0 20h30<\/strong><\/h3>\n\n","protected":false},"excerpt":{"rendered":"<p>&nbsp; \ud83c\udf31 Les W\u00e9binaires D\u00e9tox de Patricia Kersulec W\u00e9binaire La sant\u00e9 \u00e7a s&rsquo;apprend. Tal Schaller re\u00e7oit Patricia Kersulec, nutritionniste W\u00e9binaire Alimentation haute vitalit\u00e9 avec Patricia Kersulec W\u00e9binaire En quoi consiste la Lacto-fermentation &amp; la d\u00e9shydratation avec Patricia Kersulec W\u00e9binaire Graines germ\u00e9es &amp; Jeunes pousses avec Patricia Kersulec W\u00e9binaire Cultivons la joie le 23 novembre avec&#8230;<\/p>\n","protected":false},"author":1,"featured_media":0,"parent":0,"menu_order":0,"comment_status":"closed","ping_status":"closed","template":"full-width-page.php","meta":{"footnotes":""},"yoast_head":"<!-- This site is optimized with the Yoast SEO plugin v18.9 - https:\/\/yoast.com\/wordpress\/plugins\/seo\/ -->\n<title>Webinaires - Vitam&#039;Inn : D\u00e9tox &amp; Ressourcement<\/title>\n<meta name=\"robots\" content=\"index, follow, max-snippet:-1, max-image-preview:large, max-video-preview:-1\" \/>\n<link rel=\"canonical\" href=\"https:\/\/annwigmore.fr\/vitaminncures\/webinaires-2\/\" \/>\n<meta property=\"og:locale\" content=\"fr_FR\" \/>\n<meta property=\"og:type\" content=\"article\" \/>\n<meta property=\"og:title\" content=\"Webinaires - Vitam&#039;Inn : D\u00e9tox &amp; Ressourcement\" \/>\n<meta property=\"og:description\" content=\"&nbsp; \ud83c\udf31 Les W\u00e9binaires D\u00e9tox de Patricia Kersulec W\u00e9binaire La sant\u00e9 \u00e7a s&rsquo;apprend. Tal Schaller re\u00e7oit Patricia Kersulec, nutritionniste W\u00e9binaire Alimentation haute vitalit\u00e9 avec Patricia Kersulec W\u00e9binaire En quoi consiste la Lacto-fermentation &amp; la d\u00e9shydratation avec Patricia Kersulec W\u00e9binaire Graines germ\u00e9es &amp; Jeunes pousses avec Patricia Kersulec W\u00e9binaire Cultivons la joie le 23 novembre avec...\" \/>\n<meta property=\"og:url\" content=\"https:\/\/annwigmore.fr\/vitaminncures\/webinaires-2\/\" \/>\n<meta property=\"og:site_name\" content=\"Vitam&#039;Inn : D\u00e9tox &amp; Ressourcement\" \/>\n<meta property=\"article:modified_time\" content=\"2026-03-16T22:36:50+00:00\" \/>\n<meta name=\"twitter:card\" content=\"summary\" \/>\n<script type=\"application\/ld+json\" class=\"yoast-schema-graph\">{\"@context\":\"https:\/\/schema.org\",\"@graph\":[{\"@type\":\"WebSite\",\"@id\":\"http:\/\/annwigmore.fr\/vitaminncures\/#website\",\"url\":\"http:\/\/annwigmore.fr\/vitaminncures\/\",\"name\":\"Vitam&#039;Inn : D\u00e9tox &amp; Ressourcement\",\"description\":\"Cures, Vacances et Formations\",\"potentialAction\":[{\"@type\":\"SearchAction\",\"target\":{\"@type\":\"EntryPoint\",\"urlTemplate\":\"http:\/\/annwigmore.fr\/vitaminncures\/?s={search_term_string}\"},\"query-input\":\"required name=search_term_string\"}],\"inLanguage\":\"fr-FR\"},{\"@type\":\"WebPage\",\"@id\":\"https:\/\/annwigmore.fr\/vitaminncures\/webinaires-2\/#webpage\",\"url\":\"https:\/\/annwigmore.fr\/vitaminncures\/webinaires-2\/\",\"name\":\"Webinaires - Vitam&#039;Inn : D\u00e9tox &amp; Ressourcement\",\"isPartOf\":{\"@id\":\"http:\/\/annwigmore.fr\/vitaminncures\/#website\"},\"datePublished\":\"2026-03-16T21:51:50+00:00\",\"dateModified\":\"2026-03-16T22:36:50+00:00\",\"breadcrumb\":{\"@id\":\"https:\/\/annwigmore.fr\/vitaminncures\/webinaires-2\/#breadcrumb\"},\"inLanguage\":\"fr-FR\",\"potentialAction\":[{\"@type\":\"ReadAction\",\"target\":[\"https:\/\/annwigmore.fr\/vitaminncures\/webinaires-2\/\"]}]},{\"@type\":\"BreadcrumbList\",\"@id\":\"https:\/\/annwigmore.fr\/vitaminncures\/webinaires-2\/#breadcrumb\",\"itemListElement\":[{\"@type\":\"ListItem\",\"position\":1,\"name\":\"Accueil\",\"item\":\"http:\/\/annwigmore.fr\/vitaminncures\/\"},{\"@type\":\"ListItem\",\"position\":2,\"name\":\"Webinaires\"}]}]}<\/script>\n<!-- \/ Yoast SEO plugin. -->","yoast_head_json":{"title":"Webinaires - Vitam&#039;Inn : D\u00e9tox &amp; Ressourcement","robots":{"index":"index","follow":"follow","max-snippet":"max-snippet:-1","max-image-preview":"max-image-preview:large","max-video-preview":"max-video-preview:-1"},"canonical":"https:\/\/annwigmore.fr\/vitaminncures\/webinaires-2\/","og_locale":"fr_FR","og_type":"article","og_title":"Webinaires - Vitam&#039;Inn : D\u00e9tox &amp; Ressourcement","og_description":"&nbsp; \ud83c\udf31 Les W\u00e9binaires D\u00e9tox de Patricia Kersulec W\u00e9binaire La sant\u00e9 \u00e7a s&rsquo;apprend. Tal Schaller re\u00e7oit Patricia Kersulec, nutritionniste W\u00e9binaire Alimentation haute vitalit\u00e9 avec Patricia Kersulec W\u00e9binaire En quoi consiste la Lacto-fermentation &amp; la d\u00e9shydratation avec Patricia Kersulec W\u00e9binaire Graines germ\u00e9es &amp; Jeunes pousses avec Patricia Kersulec W\u00e9binaire Cultivons la joie le 23 novembre avec...","og_url":"https:\/\/annwigmore.fr\/vitaminncures\/webinaires-2\/","og_site_name":"Vitam&#039;Inn : D\u00e9tox &amp; Ressourcement","article_modified_time":"2026-03-16T22:36:50+00:00","twitter_card":"summary","schema":{"@context":"https:\/\/schema.org","@graph":[{"@type":"WebSite","@id":"http:\/\/annwigmore.fr\/vitaminncures\/#website","url":"http:\/\/annwigmore.fr\/vitaminncures\/","name":"Vitam&#039;Inn : D\u00e9tox &amp; Ressourcement","description":"Cures, Vacances et Formations","potentialAction":[{"@type":"SearchAction","target":{"@type":"EntryPoint","urlTemplate":"http:\/\/annwigmore.fr\/vitaminncures\/?s={search_term_string}"},"query-input":"required name=search_term_string"}],"inLanguage":"fr-FR"},{"@type":"WebPage","@id":"https:\/\/annwigmore.fr\/vitaminncures\/webinaires-2\/#webpage","url":"https:\/\/annwigmore.fr\/vitaminncures\/webinaires-2\/","name":"Webinaires - Vitam&#039;Inn : D\u00e9tox &amp; Ressourcement","isPartOf":{"@id":"http:\/\/annwigmore.fr\/vitaminncures\/#website"},"datePublished":"2026-03-16T21:51:50+00:00","dateModified":"2026-03-16T22:36:50+00:00","breadcrumb":{"@id":"https:\/\/annwigmore.fr\/vitaminncures\/webinaires-2\/#breadcrumb"},"inLanguage":"fr-FR","potentialAction":[{"@type":"ReadAction","target":["https:\/\/annwigmore.fr\/vitaminncures\/webinaires-2\/"]}]},{"@type":"BreadcrumbList","@id":"https:\/\/annwigmore.fr\/vitaminncures\/webinaires-2\/#breadcrumb","itemListElement":[{"@type":"ListItem","position":1,"name":"Accueil","item":"http:\/\/annwigmore.fr\/vitaminncures\/"},{"@type":"ListItem","position":2,"name":"Webinaires"}]}]}},"_links":{"self":[{"href":"https:\/\/annwigmore.fr\/vitaminncures\/wp-json\/wp\/v2\/pages\/2390"}],"collection":[{"href":"https:\/\/annwigmore.fr\/vitaminncures\/wp-json\/wp\/v2\/pages"}],"about":[{"href":"https:\/\/annwigmore.fr\/vitaminncures\/wp-json\/wp\/v2\/types\/page"}],"author":[{"embeddable":true,"href":"https:\/\/annwigmore.fr\/vitaminncures\/wp-json\/wp\/v2\/users\/1"}],"replies":[{"embeddable":true,"href":"https:\/\/annwigmore.fr\/vitaminncures\/wp-json\/wp\/v2\/comments?post=2390"}],"version-history":[{"count":7,"href":"https:\/\/annwigmore.fr\/vitaminncures\/wp-json\/wp\/v2\/pages\/2390\/revisions"}],"predecessor-version":[{"id":2400,"href":"https:\/\/annwigmore.fr\/vitaminncures\/wp-json\/wp\/v2\/pages\/2390\/revisions\/2400"}],"wp:attachment":[{"href":"https:\/\/annwigmore.fr\/vitaminncures\/wp-json\/wp\/v2\/media?parent=2390"}],"curies":[{"name":"wp","href":"https:\/\/api.w.org\/{rel}","templated":true}]}}