{"id":988,"date":"2017-01-15T17:56:51","date_gmt":"2017-01-15T16:56:51","guid":{"rendered":"http:\/\/annwigmore.fr\/vitaminncures\/lalimentation-vivante\/"},"modified":"2018-10-28T20:10:39","modified_gmt":"2018-10-28T19:10:39","slug":"lalimentation-vivante","status":"publish","type":"page","link":"https:\/\/annwigmore.fr\/vitaminncures\/lalimentation-vivante\/","title":{"rendered":"L&rsquo;Alimentation Vivante"},"content":{"rendered":"<h1>L&rsquo;Alimentation Vivante<\/h1>\n<p>Le concept d\u2019Alimentation Vivante \u00ab Living Foods Lifestyle\u00ae \u00bb favorise la consommation d&rsquo;aliments riches en enzymes et riches en nutriments. Les fruits biologiques, crus, fruits, jus vert, les choux blancs et verts, ainsi que les graines germ\u00e9es, noix et c\u00e9r\u00e9ales sont mix\u00e9s et combin\u00e9s pour une digestion la plus facile et en tirer les plus grands avantages.<br \/>\nLa soupe \u00e9nergie, le jus d\u2019herbe de bl\u00e9 et le Rejuvelac sont des \u00e9l\u00e9ments cl\u00e9s.<\/p>\n<p><img decoding=\"async\" src=\"http:\/\/annwigmore.fr\/wp-content\/uploads\/2017\/01\/Graines-germ\u00e9es-768x576.jpg\" alt=\"Graines germ\u00e9es\" \/><\/p>\n<p><img decoding=\"async\" src=\"http:\/\/annwigmore.fr\/wp-content\/uploads\/2017\/01\/Soupe-energie-768x576.jpg\" alt=\"Soupe energie\" \/><\/p>\n<p>Hippocrate a dit: \u00abLa force de gu\u00e9rison naturelle au sein de chacun de nous est la plus grande force pour bien se r\u00e9tablir.\u00bb Ce mode de vie soutient la capacit\u00e9 inn\u00e9e de votre corps \u00e0 atteindre l&rsquo;hom\u00e9ostasie et cr\u00e9e l&rsquo;environnement interne n\u00e9cessaire pour un rajeunissement total du corps, de la pens\u00e9e et de l&rsquo;esprit. D\u00e9couvrez la puissance du Concept d\u2019Alimentation Vivante \u00ab Living Foods Lifestyle\u00ae \u00bb en symbiose avec la nature, la connaissance et l&rsquo;amour.<\/p>\n<h1>Le Concept<\/h1>\n<p><img loading=\"lazy\" decoding=\"async\" src=\"http:\/\/annwigmore.fr\/wp-content\/uploads\/2017\/01\/energysoup-1024x721.jpg\" alt=\"energysoup-1024x721\" width=\"376\" height=\"265\" \/><\/p>\n<p>Ann Wigmore a d\u00e9velopp\u00e9 le Concept d\u2019Alimentation Vivante \u00ab Living Foods Lifestyle\u00ae \u00bb pour surmonter les maladies et am\u00e9liorer la qualit\u00e9 de vie. Elle pense qu&rsquo;il y a deux causes principales de la maladie: la carence et la tox\u00e9mie.<\/p>\n<ul>\n<li><strong>La carence<\/strong> signifie que nos corps sont sous-aliment\u00e9s parce que nous ne pouvons pas obtenir les \u00e9l\u00e9ments nutritifs dont nous avons besoin des aliments cuits.<\/li>\n<li><strong>La tox\u00e9mie<\/strong> est un terme utilis\u00e9 pour d\u00e9crire les poisons qui sont stock\u00e9s dans le corps. Ces toxines proviennent d\u2019ingestion d\u2019aliments non naturels, issus de transformation, des pesticides, ainsi que des \u00e9motions destructrices et du stress.<\/li>\n<\/ul>\n<p>Les aliments vivants, faciles \u00e0 dig\u00e9rer et riches en nutriments, combattent cette carence. Le Living Foods Lifestyle\u00ae aborde \u00e9galement le probl\u00e8me de la tox\u00e9mie lorsque le corps n&rsquo;utilise pas toute son \u00e9nergie pour dig\u00e9rer les aliments, il peut se tourner vers d&rsquo;autres t\u00e2ches, comme la lib\u00e9ration de toxines stock\u00e9es et la gu\u00e9rison.<\/p>\n<p><img loading=\"lazy\" decoding=\"async\" src=\"http:\/\/annwigmore.fr\/wp-content\/uploads\/2017\/01\/jus-herbe-de-ble.jpg\" alt=\"jus-herbe-de-ble\" width=\"364\" height=\"273\" \/><\/p>\n<p>Les aliments vivants sont de pr\u00e9f\u00e9rence des aliments issus de l&rsquo;agriculture biologique consomm\u00e9s dans leur \u00e9tat original, non cuit. Les aliments vivants sont pr\u00e9par\u00e9s sans cuisson parce que la cuisson d\u00e9truit la force de vie de l&rsquo;enzyme. Le Living Foods Lifestyle\u00ae est v\u00e9g\u00e9talien: il n&rsquo;utilise ni viande, ni produits laitiers, ni tout autre produit animal.<\/p>\n<p>Cependant, les aliments vivants ne sont pas seulement des aliments crus, parce que beaucoup de gens ne peuvent pas dig\u00e9rer les aliments crus. Les aliments vivants sont pr\u00e9par\u00e9s de mani\u00e8re \u00e0 faciliter leur assimilation et leur extraction optimale. L\u2019alimentation vivante comprend de jeunes pousses; des graines germ\u00e9es, des graines et les grains; des pr\u00e9parations et des aliments d\u00e9shydrat\u00e9s. Le jus d&rsquo;herbe de bl\u00e9 frais apporte un niveau in\u00e9gal\u00e9 de nutrition, de vitalit\u00e9 et de sant\u00e9.<\/p>\n<h1><strong>The Lifestyle<\/strong><\/h1>\n<p><img decoding=\"async\" src=\"http:\/\/annwigmore.fr\/wp-content\/uploads\/2017\/01\/AWI-LOGO-1-150x150.png\" alt=\"AWI-LOGO\" \/><\/p>\n<h2>Les Aliments Vivants<\/h2>\n<p>Les Aliments Essentiels sont aux nombres de trois : la soupe \u00e9nergie, le jus d&rsquo;herbe de bl\u00e9 et le rejuvelac.<\/p>\n<p><a href=\"http:\/\/annwigmore.fr\/vitaminncures\/aliments-vivants-essentiels\/\">Plus d&rsquo;infos<\/a><\/p>\n<p><img decoding=\"async\" src=\"http:\/\/annwigmore.fr\/wp-content\/uploads\/2017\/01\/Logomakr_6Tftlc-150x150.png\" alt=\"Logomakr_6Tftlc\" \/><\/p>\n<h2>Living Foods Lifestyle<\/h2>\n<p>Pr\u00e9sentation du concept<br \/>\nde mode de vie selon<br \/>\nl&rsquo;Institut Ann Wigmore.<\/p>\n<p><a href=\"http:\/\/annwigmore.fr\/vitaminncures\/live-foods-lifestyle\/\">Plus d&rsquo;infos<\/a><\/p>\n<p><img decoding=\"async\" src=\"http:\/\/annwigmore.fr\/wp-content\/uploads\/2017\/01\/yoga-1-150x150.png\" alt=\"yoga\" \/><\/p>\n<h2>Corps &#8211; Coeur &#8211; Esprit<\/h2>\n<p>A l&rsquo;institut Ann Wigmore, les trois aspects de la personnalit\u00e9 sont indissociables.<\/p>\n<p><a href=\"http:\/\/annwigmore.fr\/vitaminncures\/corps-coeur-esprit\/\">Plus d&rsquo;infos<\/a><\/p>\n","protected":false},"excerpt":{"rendered":"<p>L&rsquo;Alimentation Vivante Le concept d\u2019Alimentation Vivante \u00ab Living Foods Lifestyle\u00ae \u00bb favorise la consommation d&rsquo;aliments riches en enzymes et riches en nutriments. Les fruits biologiques, crus, fruits, jus vert, les choux blancs et verts, ainsi que les graines germ\u00e9es, noix et c\u00e9r\u00e9ales sont mix\u00e9s et combin\u00e9s pour une digestion la plus facile et en tirer&#8230;<\/p>\n","protected":false},"author":1,"featured_media":0,"parent":0,"menu_order":0,"comment_status":"closed","ping_status":"closed","template":"full-width-page.php","meta":{"footnotes":""},"yoast_head":"<!-- This site is optimized with the Yoast SEO plugin v18.9 - https:\/\/yoast.com\/wordpress\/plugins\/seo\/ -->\n<title>L&#039;Alimentation Vivante - Vitam&#039;Inn : D\u00e9tox &amp; Ressourcement<\/title>\n<meta name=\"robots\" content=\"index, follow, max-snippet:-1, max-image-preview:large, max-video-preview:-1\" \/>\n<link rel=\"canonical\" href=\"https:\/\/annwigmore.fr\/vitaminncures\/lalimentation-vivante\/\" \/>\n<meta property=\"og:locale\" content=\"fr_FR\" \/>\n<meta property=\"og:type\" content=\"article\" \/>\n<meta property=\"og:title\" content=\"L&#039;Alimentation Vivante - Vitam&#039;Inn : D\u00e9tox &amp; Ressourcement\" \/>\n<meta property=\"og:description\" content=\"L&rsquo;Alimentation Vivante Le concept d\u2019Alimentation Vivante \u00ab Living Foods Lifestyle\u00ae \u00bb favorise la consommation d&rsquo;aliments riches en enzymes et riches en nutriments. Les fruits biologiques, crus, fruits, jus vert, les choux blancs et verts, ainsi que les graines germ\u00e9es, noix et c\u00e9r\u00e9ales sont mix\u00e9s et combin\u00e9s pour une digestion la plus facile et en tirer...\" \/>\n<meta property=\"og:url\" content=\"https:\/\/annwigmore.fr\/vitaminncures\/lalimentation-vivante\/\" \/>\n<meta property=\"og:site_name\" content=\"Vitam&#039;Inn : D\u00e9tox &amp; Ressourcement\" \/>\n<meta property=\"article:modified_time\" content=\"2018-10-28T19:10:39+00:00\" \/>\n<meta property=\"og:image\" content=\"http:\/\/annwigmore.fr\/wp-content\/uploads\/2017\/01\/Soupe-energie-768x576.jpg\" \/>\n<meta name=\"twitter:card\" content=\"summary\" \/>\n<meta name=\"twitter:label1\" content=\"Dur\u00e9e de lecture estim\u00e9e\" \/>\n\t<meta name=\"twitter:data1\" content=\"3 minutes\" \/>\n<script type=\"application\/ld+json\" class=\"yoast-schema-graph\">{\"@context\":\"https:\/\/schema.org\",\"@graph\":[{\"@type\":\"WebSite\",\"@id\":\"http:\/\/annwigmore.fr\/vitaminncures\/#website\",\"url\":\"http:\/\/annwigmore.fr\/vitaminncures\/\",\"name\":\"Vitam&#039;Inn : D\u00e9tox &amp; Ressourcement\",\"description\":\"Cures, Vacances et Formations\",\"potentialAction\":[{\"@type\":\"SearchAction\",\"target\":{\"@type\":\"EntryPoint\",\"urlTemplate\":\"http:\/\/annwigmore.fr\/vitaminncures\/?s={search_term_string}\"},\"query-input\":\"required name=search_term_string\"}],\"inLanguage\":\"fr-FR\"},{\"@type\":\"ImageObject\",\"inLanguage\":\"fr-FR\",\"@id\":\"https:\/\/annwigmore.fr\/vitaminncures\/lalimentation-vivante\/#primaryimage\",\"url\":\"http:\/\/annwigmore.fr\/wp-content\/uploads\/2017\/01\/Soupe-energie-768x576.jpg\",\"contentUrl\":\"http:\/\/annwigmore.fr\/wp-content\/uploads\/2017\/01\/Soupe-energie-768x576.jpg\"},{\"@type\":\"WebPage\",\"@id\":\"https:\/\/annwigmore.fr\/vitaminncures\/lalimentation-vivante\/#webpage\",\"url\":\"https:\/\/annwigmore.fr\/vitaminncures\/lalimentation-vivante\/\",\"name\":\"L'Alimentation Vivante - Vitam&#039;Inn : D\u00e9tox &amp; Ressourcement\",\"isPartOf\":{\"@id\":\"http:\/\/annwigmore.fr\/vitaminncures\/#website\"},\"primaryImageOfPage\":{\"@id\":\"https:\/\/annwigmore.fr\/vitaminncures\/lalimentation-vivante\/#primaryimage\"},\"datePublished\":\"2017-01-15T16:56:51+00:00\",\"dateModified\":\"2018-10-28T19:10:39+00:00\",\"breadcrumb\":{\"@id\":\"https:\/\/annwigmore.fr\/vitaminncures\/lalimentation-vivante\/#breadcrumb\"},\"inLanguage\":\"fr-FR\",\"potentialAction\":[{\"@type\":\"ReadAction\",\"target\":[\"https:\/\/annwigmore.fr\/vitaminncures\/lalimentation-vivante\/\"]}]},{\"@type\":\"BreadcrumbList\",\"@id\":\"https:\/\/annwigmore.fr\/vitaminncures\/lalimentation-vivante\/#breadcrumb\",\"itemListElement\":[{\"@type\":\"ListItem\",\"position\":1,\"name\":\"Accueil\",\"item\":\"http:\/\/annwigmore.fr\/vitaminncures\/\"},{\"@type\":\"ListItem\",\"position\":2,\"name\":\"L&rsquo;Alimentation Vivante\"}]}]}<\/script>\n<!-- \/ Yoast SEO plugin. -->","yoast_head_json":{"title":"L'Alimentation Vivante - Vitam&#039;Inn : D\u00e9tox &amp; Ressourcement","robots":{"index":"index","follow":"follow","max-snippet":"max-snippet:-1","max-image-preview":"max-image-preview:large","max-video-preview":"max-video-preview:-1"},"canonical":"https:\/\/annwigmore.fr\/vitaminncures\/lalimentation-vivante\/","og_locale":"fr_FR","og_type":"article","og_title":"L'Alimentation Vivante - Vitam&#039;Inn : D\u00e9tox &amp; Ressourcement","og_description":"L&rsquo;Alimentation Vivante Le concept d\u2019Alimentation Vivante \u00ab Living Foods Lifestyle\u00ae \u00bb favorise la consommation d&rsquo;aliments riches en enzymes et riches en nutriments. Les fruits biologiques, crus, fruits, jus vert, les choux blancs et verts, ainsi que les graines germ\u00e9es, noix et c\u00e9r\u00e9ales sont mix\u00e9s et combin\u00e9s pour une digestion la plus facile et en tirer...","og_url":"https:\/\/annwigmore.fr\/vitaminncures\/lalimentation-vivante\/","og_site_name":"Vitam&#039;Inn : D\u00e9tox &amp; Ressourcement","article_modified_time":"2018-10-28T19:10:39+00:00","og_image":[{"url":"http:\/\/annwigmore.fr\/wp-content\/uploads\/2017\/01\/Soupe-energie-768x576.jpg"}],"twitter_card":"summary","twitter_misc":{"Dur\u00e9e de lecture estim\u00e9e":"3 minutes"},"schema":{"@context":"https:\/\/schema.org","@graph":[{"@type":"WebSite","@id":"http:\/\/annwigmore.fr\/vitaminncures\/#website","url":"http:\/\/annwigmore.fr\/vitaminncures\/","name":"Vitam&#039;Inn : D\u00e9tox &amp; Ressourcement","description":"Cures, Vacances et Formations","potentialAction":[{"@type":"SearchAction","target":{"@type":"EntryPoint","urlTemplate":"http:\/\/annwigmore.fr\/vitaminncures\/?s={search_term_string}"},"query-input":"required name=search_term_string"}],"inLanguage":"fr-FR"},{"@type":"ImageObject","inLanguage":"fr-FR","@id":"https:\/\/annwigmore.fr\/vitaminncures\/lalimentation-vivante\/#primaryimage","url":"http:\/\/annwigmore.fr\/wp-content\/uploads\/2017\/01\/Soupe-energie-768x576.jpg","contentUrl":"http:\/\/annwigmore.fr\/wp-content\/uploads\/2017\/01\/Soupe-energie-768x576.jpg"},{"@type":"WebPage","@id":"https:\/\/annwigmore.fr\/vitaminncures\/lalimentation-vivante\/#webpage","url":"https:\/\/annwigmore.fr\/vitaminncures\/lalimentation-vivante\/","name":"L'Alimentation Vivante - Vitam&#039;Inn : D\u00e9tox &amp; Ressourcement","isPartOf":{"@id":"http:\/\/annwigmore.fr\/vitaminncures\/#website"},"primaryImageOfPage":{"@id":"https:\/\/annwigmore.fr\/vitaminncures\/lalimentation-vivante\/#primaryimage"},"datePublished":"2017-01-15T16:56:51+00:00","dateModified":"2018-10-28T19:10:39+00:00","breadcrumb":{"@id":"https:\/\/annwigmore.fr\/vitaminncures\/lalimentation-vivante\/#breadcrumb"},"inLanguage":"fr-FR","potentialAction":[{"@type":"ReadAction","target":["https:\/\/annwigmore.fr\/vitaminncures\/lalimentation-vivante\/"]}]},{"@type":"BreadcrumbList","@id":"https:\/\/annwigmore.fr\/vitaminncures\/lalimentation-vivante\/#breadcrumb","itemListElement":[{"@type":"ListItem","position":1,"name":"Accueil","item":"http:\/\/annwigmore.fr\/vitaminncures\/"},{"@type":"ListItem","position":2,"name":"L&rsquo;Alimentation Vivante"}]}]}},"_links":{"self":[{"href":"https:\/\/annwigmore.fr\/vitaminncures\/wp-json\/wp\/v2\/pages\/988"}],"collection":[{"href":"https:\/\/annwigmore.fr\/vitaminncures\/wp-json\/wp\/v2\/pages"}],"about":[{"href":"https:\/\/annwigmore.fr\/vitaminncures\/wp-json\/wp\/v2\/types\/page"}],"author":[{"embeddable":true,"href":"https:\/\/annwigmore.fr\/vitaminncures\/wp-json\/wp\/v2\/users\/1"}],"replies":[{"embeddable":true,"href":"https:\/\/annwigmore.fr\/vitaminncures\/wp-json\/wp\/v2\/comments?post=988"}],"version-history":[{"count":7,"href":"https:\/\/annwigmore.fr\/vitaminncures\/wp-json\/wp\/v2\/pages\/988\/revisions"}],"predecessor-version":[{"id":1394,"href":"https:\/\/annwigmore.fr\/vitaminncures\/wp-json\/wp\/v2\/pages\/988\/revisions\/1394"}],"wp:attachment":[{"href":"https:\/\/annwigmore.fr\/vitaminncures\/wp-json\/wp\/v2\/media?parent=988"}],"curies":[{"name":"wp","href":"https:\/\/api.w.org\/{rel}","templated":true}]}}